{"id":9,"date":"2011-10-06T18:24:11","date_gmt":"2011-10-06T17:24:11","guid":{"rendered":"http:\/\/blog.ensci.com\/telecommande\/?page_id=9"},"modified":"2011-10-06T18:54:07","modified_gmt":"2011-10-06T17:54:07","slug":"interface-numerique-telecommande-de-television","status":"publish","type":"page","link":"https:\/\/blog.ensci.com\/telecommande\/presentation\/interface-numerique-telecommande-de-television\/","title":{"rendered":"Interface num\u00e9rique : t\u00e9l\u00e9commande de t\u00e9l\u00e9vision"},"content":{"rendered":"<p lang=\"fr-CH\"><span style=\"font-size: x-small\"><span style=\"font-size: x-small\"><strong>Repenser un objet embl\u00e9matique de notre relation mat\u00e9rielle au num\u00e9rique<\/strong><\/span><\/span><\/p>\n<p lang=\"en-GB\">\u00a0Nicolas Henchoz, Directeur, EPFL+ECAL Lab<\/p>\n<p><span style=\"font-family: Arial,sans-serif\"><span style=\"font-size: x-small\">Des \u00e9tudes r\u00e9centes l\u2019ont encore d\u00e9montr\u00e9 : les personnes qui utilisent les nouvelles interfaces num\u00e9riques sont souvent celles qui s\u2019int\u00e9ressent \u00e0 la technique. Ceux qui s\u2019int\u00e9ressent avant tout au contenu et aux services n\u2019y trouvent malheureusement pas souvent leur compte, jusqu\u2019\u00e0 se sentir parfois exclus par le langage visuel techno\u00efde et complexe des interfaces. Les designers doivent retrouver leur place dans le processus d\u2019innovation et apporter une contribution d\u00e9cisive qui permette de transformer les performances technologiques en exp\u00e9riences pour l\u2019utilisateur. Ce n\u2019est finalement pas l\u2019outil qui est le plus int\u00e9ressant, mais ce qu\u2019il permet de faire. Du moins pour l\u2019utilisateur final. <\/span><\/span><\/p>\n<p><span style=\"font-family: Arial,sans-serif\"><span style=\"font-size: x-small\">Afin d\u2019incarner cette probl\u00e9matique dans un cas tr\u00e8s concret, l\u2019EPFL+ECAL Lab propose \u00e0 un nombre limit\u00e9 d\u2019\u00e9tudiants de renouveler radicalement l\u2019id\u00e9e de la t\u00e9l\u00e9commande pour les t\u00e9l\u00e9visions, dans une id\u00e9e de simplicit\u00e9, en jouant sur les mat\u00e9riaux, la typologie de l\u2019appareil, l\u2019interaction et le contexte d\u2019utilisation. <\/span><\/span><\/p>\n<p><span style=\"font-family: Arial,sans-serif\"><span style=\"font-size: x-small\">Le march\u00e9 montre actuellement deux tendances : la premi\u00e8re correspond \u00e0 la t\u00e9l\u00e9commande qui pilote tous les appareils et regroupe une quantit\u00e9 spectaculaire de boutons. La seconde prend la forme d\u2019un second \u00e9cran, type tablette, qui permet non seulement de commander des fonctions, mais \u00e9galement d\u2019afficher des informations sur le contenu et d\u2019offrir un lien vers les r\u00e9seaux sociaux. Volumineuses et souvent complexes, impr\u00e9gn\u00e9es par la culture du plastique inject\u00e9 et de la performance technologique, ces t\u00e9l\u00e9commandes s\u2019inscrivent dans une \u00e9volution classique des appareils connus. Pour que l\u2019utilisateur ne se sente pas prisonnier de cette complexit\u00e9, il convient de lui fournir une alternative : renouveler les codes visuels et fonctionnels de la t\u00e9l\u00e9commande. L\u2019id\u00e9e est de s\u2019affranchir des syst\u00e8mes complexes pour se concentrer sur les fonctionnalit\u00e9s de base afin de laisser de la place \u00e0 l\u2019exploration du sc\u00e9nario d\u2019usage, de la mat\u00e9rialit\u00e9, du langage visuel pour red\u00e9finir notre relation avec ces objets que nous commandons \u00e0 distance. <\/span><\/span><\/p>\n<p><span style=\"font-family: Arial,sans-serif\"><span style=\"font-size: x-small\">L\u2019exploration prendra comme point de d\u00e9part les connaissances acquises r\u00e9cemment sur la perception des interfaces num\u00e9riques aupr\u00e8s du grand public, mais aussi des personnes \u00e2g\u00e9es. Il s\u2019agit l\u00e0 bien d\u2019un point de d\u00e9part et non d\u2019un frein \u00e0 la cr\u00e9ativit\u00e9. L\u2019EPFL+ECAL Lab, en accord avec les professeurs impliqu\u00e9s offre ainsi un champ cr\u00e9atif tr\u00e8s vaste, avec un potentiel d\u2019applications consid\u00e9rable. Cette libert\u00e9 s\u2019accompagne d\u2019une exigence de cr\u00e9dibilit\u00e9 technique. Les projets devront faire l\u2019objet de maquettes d\u2019ici la fin du semestre, voire d\u2019un prototype fonctionnel, en cas de s\u00e9lection. Les meilleurs projets seront en effet s\u00e9lectionn\u00e9s pour faire l\u2019objet de test aupr\u00e8s de diff\u00e9rents publics cibles et d\u2019\u00e9valuation. Ils feront \u00e9galement partie d\u2019une grande exposition itin\u00e9rante, d\u2019un shooting professionnel et d\u2019un catalogue qui seront valoris\u00e9s dans les m\u00e9dias. <\/span><\/span><\/p>\n<p><span style=\"font-size: x-small\"><span style=\"font-family: Arial,sans-serif\"><span style=\"font-size: x-small\">Comme lors de ses grands projets pr\u00e9c\u00e9dents qui ont donn\u00e9 lieu \u00e0 des expositions \u00e0 Paris, Londres, Milan, New York, Berlin et San Francisco, remport\u00e9 des prix importants comme le DMY Festival international de design Berlin et suscit\u00e9 de nombreux articles de presse, l\u2019EPFL+ECAL Lab conjuguera le talent des Ecoles prestigieuses qui ont d\u00e9clar\u00e9 leur int\u00e9r\u00eat \u00e0 participer \u00e0 ce projet : le Royal College of Art (RCA) de Londres, l\u2019ECAL en Suisse, l\u2019ENSCI-Les Ateliers \u00e0 Paris et Parsons The New School \u00e0 New York. <\/span><\/span><\/span><\/p>\n<p><span style=\"font-family: Arial,sans-serif\"><span style=\"font-size: x-small\">Ce workshop fait partie d\u2019un programme plus vaste de l\u2019EPFL+ECAL Lab sur les interfaces simplifi\u00e9s. L\u2019ensemble des recherches puis des tests vise \u00e0 d\u00e9finir de mani\u00e8re plus g\u00e9n\u00e9rale une approche nouvelle des interfaces pour les m\u00e9dias num\u00e9riques capable de r\u00e9concilier de nombreux pans de la population avec la richesse de leur contenu. Parmi ces publics figurent les personnes \u00e2g\u00e9es, mais aussi, plus globalement tous ceux qui souhaitent s\u2019affranchir d\u2019une soci\u00e9t\u00e9 focalis\u00e9e sur la performance technique pour s\u2019orienter sur le contenu. <\/span><\/span><\/p>\n<p lang=\"en-GB\"><span style=\"font-family: Arial,sans-serif\"><span style=\"font-size: x-small\">Et permettre ici au designer de r\u00e9affirmer son r\u00f4le essentiel dans une soci\u00e9t\u00e9 qui semble \u00e9voluer toujours plus rapidement.<\/span><\/span><\/p>\n","protected":false},"excerpt":{"rendered":"<p>Repenser un objet embl\u00e9matique de notre relation mat\u00e9rielle au num\u00e9rique \u00a0Nicolas Henchoz, Directeur, EPFL+ECAL Lab Des \u00e9tudes r\u00e9centes l\u2019ont encore d\u00e9montr\u00e9 : les personnes qui utilisent les nouvelles interfaces num\u00e9riques sont souvent celles qui s\u2019int\u00e9ressent \u00e0 la technique. Ceux qui &hellip; <a href=\"https:\/\/blog.ensci.com\/telecommande\/presentation\/interface-numerique-telecommande-de-television\/\">Lire la suite <span class=\"meta-nav\">&rarr;<\/span><\/a><\/p>\n","protected":false},"author":106,"featured_media":0,"parent":2,"menu_order":0,"comment_status":"open","ping_status":"open","template":"","meta":{"footnotes":"","_links_to":"","_links_to_target":""},"class_list":["post-9","page","type-page","status-publish","hentry"],"_links":{"self":[{"href":"https:\/\/blog.ensci.com\/telecommande\/wp-json\/wp\/v2\/pages\/9","targetHints":{"allow":["GET"]}}],"collection":[{"href":"https:\/\/blog.ensci.com\/telecommande\/wp-json\/wp\/v2\/pages"}],"about":[{"href":"https:\/\/blog.ensci.com\/telecommande\/wp-json\/wp\/v2\/types\/page"}],"author":[{"embeddable":true,"href":"https:\/\/blog.ensci.com\/telecommande\/wp-json\/wp\/v2\/users\/106"}],"replies":[{"embeddable":true,"href":"https:\/\/blog.ensci.com\/telecommande\/wp-json\/wp\/v2\/comments?post=9"}],"version-history":[{"count":7,"href":"https:\/\/blog.ensci.com\/telecommande\/wp-json\/wp\/v2\/pages\/9\/revisions"}],"predecessor-version":[{"id":42,"href":"https:\/\/blog.ensci.com\/telecommande\/wp-json\/wp\/v2\/pages\/9\/revisions\/42"}],"up":[{"embeddable":true,"href":"https:\/\/blog.ensci.com\/telecommande\/wp-json\/wp\/v2\/pages\/2"}],"wp:attachment":[{"href":"https:\/\/blog.ensci.com\/telecommande\/wp-json\/wp\/v2\/media?parent=9"}],"curies":[{"name":"wp","href":"https:\/\/api.w.org\/{rel}","templated":true}]}}