{"id":23,"date":"2011-10-06T18:47:38","date_gmt":"2011-10-06T17:47:38","guid":{"rendered":"http:\/\/blog.ensci.com\/telecommande\/?page_id=23"},"modified":"2011-10-06T18:54:07","modified_gmt":"2011-10-06T17:54:07","slug":"technologies-speciales","status":"publish","type":"page","link":"https:\/\/blog.ensci.com\/telecommande\/presentation\/technologies-speciales\/","title":{"rendered":"Technologies sp\u00e9ciales"},"content":{"rendered":"<p><span style=\"font-family: Arial,sans-serif\"><span style=\"font-size: x-small\"><strong>T\u00e9l\u00e9commande\u00a0: Technologies additionnelles<br \/>\n<\/strong><\/span><\/span><span style=\"font-family: Arial,sans-serif\"><span style=\"font-size: x-small\">N. Henchoz, EPFL+ECAL Lab<\/span><\/span><\/p>\n<p><span style=\"font-family: Arial,sans-serif\"><span style=\"font-size: x-small\">Les \u00e9tudiants du workshop propos\u00e9 par l\u2019EPFL+ECAL Lab sont invit\u00e9s \u00e0 faire appel aux technologies courantes, disponibles sur le march\u00e9\u00a0: mat\u00e9riaux divers, touches simples, acc\u00e9l\u00e9rom\u00e8tres, etc. L\u2019EPFL+ECAL Lab leur offre \u00e9galement la possibilit\u00e9 d\u2019\u00e9largir le champ d\u2019exploration avec plusieurs technologies innovantes, susceptibles d\u2019offrir \u00e0 l\u2019utilisateur une exp\u00e9rience nouvelle. Ce document en donne une description g\u00e9n\u00e9rale, orient\u00e9e sur leurs apports mais aussi les principales contraintes qu\u2019elles peuvent induire. <\/span><\/span><\/p>\n<p><span style=\"font-family: Arial,sans-serif\"><span style=\"font-size: x-small\">Quelques remarques toutefois quant \u00e0 leur usage\u00a0:<\/span><\/span><\/p>\n<ul>\n<li><span style=\"font-family: Arial,sans-serif\"><span style=\"font-size: x-small\">L\u2019emploi de ces technologies n\u2019est pas un objectif en soi. Il doit se justifier par l\u2019int\u00e9r\u00eat de leur apport pour l\u2019exp\u00e9rience globale propos\u00e9e \u00e0 l\u2019utilisateur.<\/span><\/span><\/li>\n<li><span style=\"font-family: Arial,sans-serif\"><span style=\"font-size: x-small\">Chaque technologie offre des possibilit\u00e9s, mais \u00e9galement des contraintes. Il est donc indispensable de prendre ces contraintes en consid\u00e9rations. Les projets doivent imp\u00e9rativement rester cr\u00e9dibles.<\/span><\/span><\/li>\n<li><span style=\"font-family: Arial,sans-serif\"><span style=\"font-size: x-small\">Un projet peut conjuguer plusieurs de ces technologies. Toutefois, leur multiplication peut engendrer une complexit\u00e9 conceptuelle, technologique et des co\u00fbts financiers excessifs. L\u2019EPFL+ECAL Lab tiendra compte de la faisabilit\u00e9 des maquettes fonctionnelles pour la phase suivante et l\u2019exposition.<\/span><\/span><\/li>\n<li><span style=\"font-family: Arial,sans-serif\"><span style=\"font-size: x-small\">La majorit\u00e9 des technologies innovantes ne pourront \u00eatre r\u00e9ellement int\u00e9gr\u00e9es que sur les projets s\u00e9lectionn\u00e9s \u00e0 la fin du workshop pour devenir des maquettes fonctionnelles<\/span><\/span><\/li>\n<li><span style=\"font-family: Arial,sans-serif\"><span style=\"font-size: x-small\">Certaines technologies, actuellement au stade de prototype ne sont disponibles que pour un nombre limit\u00e9 de projets.<\/span><\/span><\/li>\n<\/ul>\n<p><span style=\"color: #ff0000\"><span style=\"font-family: Arial,sans-serif\"><span style=\"font-size: x-small\">Nous recommandons vivement aux \u00e9tudiants dont le concept inclut l\u2019une de ces technologies, de prendre contact avec l\u2019EPFL+ECAL Lab, afin d\u2019en valider l\u2019usage.<\/span><\/span><\/span><\/p>\n<p>&nbsp;<\/p>\n<p><span style=\"font-family: Arial,sans-serif\"><span style=\"font-size: x-small\"><strong>1 \u2013 Capteur MilliNewton<\/strong><\/span><\/span><\/p>\n<p><a href=\"http:\/\/blog.ensci.com\/telecommande\/files\/2011\/10\/millinewton.png\"><img loading=\"lazy\" decoding=\"async\" class=\"alignnone size-medium wp-image-24\" src=\"http:\/\/blog.ensci.com\/telecommande\/files\/2011\/10\/millinewton-300x214.png\" alt=\"millinewton\" width=\"300\" height=\"214\" srcset=\"https:\/\/blog.ensci.com\/telecommande\/files\/2011\/10\/millinewton-300x214.png 300w, https:\/\/blog.ensci.com\/telecommande\/files\/2011\/10\/millinewton-420x300.png 420w, https:\/\/blog.ensci.com\/telecommande\/files\/2011\/10\/millinewton.png 500w\" sizes=\"auto, (max-width: 300px) 100vw, 300px\" \/><\/a><\/p>\n<p><span style=\"font-family: Arial,sans-serif\"><span style=\"font-size: x-small\">Un petit circuit int\u00e9gr\u00e9 fait office de capteur de force. Plac\u00e9 sous une surface flexible, il d\u00e9tecte une force correspondant \u00e0 un poids entre 40 et 200 grammes, donc dans la gamme du toucher exerc\u00e9 par nos doigts.<\/span><\/span><\/p>\n<p><span style=\"font-family: Arial,sans-serif\"><span style=\"font-size: x-small\">Avantages et pr\u00e9cautions\u00a0:<\/span><\/span><\/p>\n<p><span style=\"font-family: Arial,sans-serif\"><span style=\"font-size: x-small\">Effet progressif\u00a0: plus on presse, plus on a de l\u2019effet. Diff\u00e9rent donc d\u2019un bouton on\/off<\/span><\/span><\/p>\n<p><span style=\"font-family: Arial,sans-serif\"><span style=\"font-size: x-small\">Tr\u00e8s fin ( env. 2mm), et donc facile \u00e0 int\u00e9grer dans un objet, y compris sous une surface flexible<\/span><\/span><\/p>\n<p><span style=\"font-family: Arial,sans-serif\"><span style=\"font-size: x-small\">El\u00e9ment actif, exigeant une source d\u2019\u00e9nergie.<\/span><\/span><\/p>\n<p><span style=\"font-family: Arial,sans-serif\"><span style=\"font-size: x-small\">Le mat\u00e9riau qui recouvre le circuit doit \u00eatre assez flexible pour transmettre la force au capteur<\/span><\/span><\/p>\n<p><span style=\"font-family: Arial,sans-serif\"><span style=\"font-size: x-small\"><strong>2 &#8211; Touche \u00e0 r\u00e9sistance variable<\/strong><\/span><\/span><\/p>\n<p><a href=\"http:\/\/blog.ensci.com\/telecommande\/files\/2011\/10\/resistancevariable.jpg\"><img loading=\"lazy\" decoding=\"async\" class=\"alignnone size-medium wp-image-25\" src=\"http:\/\/blog.ensci.com\/telecommande\/files\/2011\/10\/resistancevariable-300x84.jpg\" alt=\"resistancevariable\" width=\"300\" height=\"84\" srcset=\"https:\/\/blog.ensci.com\/telecommande\/files\/2011\/10\/resistancevariable-300x84.jpg 300w, https:\/\/blog.ensci.com\/telecommande\/files\/2011\/10\/resistancevariable-500x141.jpg 500w, https:\/\/blog.ensci.com\/telecommande\/files\/2011\/10\/resistancevariable.jpg 652w\" sizes=\"auto, (max-width: 300px) 100vw, 300px\" \/><\/a><\/p>\n<p><span style=\"font-family: Arial,sans-serif\"><span style=\"font-size: x-small\">On peut programmer ici la r\u00e9sistance de la touche en fonction de son enfoncement\u00a0: r\u00e9sistante, puis plus molle, puis \u00e0 nouveau une r\u00e9sistance suppl\u00e9mentaire, etc. La touche peut \u00e9galement envoyer un signal de commande en fonction de la profondeur d\u2019enfoncement. La r\u00e9sistance de la touche est obtenue gr\u00e2ce \u00e0 un syst\u00e8me \u00e9lectromagn\u00e9tique\u00a0: il faut que l\u2019appareil soit enclench\u00e9 et que le courant passe pour que la touche devienne active, comme suspendue sur l\u2019aimant. <\/span><\/span><\/p>\n<p><span style=\"font-family: Arial,sans-serif\"><span style=\"font-size: x-small\">Avantages et pr\u00e9cautions\u00a0:<\/span><\/span><\/p>\n<p><span style=\"font-family: Arial,sans-serif\"><span style=\"font-size: x-small\">Offre une exp\u00e9rience nouvelle<br \/>\nPermet d\u2019associer effet physique avec action de commande<br \/>\nN\u00e9cessite du courant et ne fonctionne que lorsque l\u2019appareil est enclench\u00e9<br \/>\nLe syst\u00e8me de construction et l\u2019effet engendrent une \u00e9paisseur du dispositif (min. 2 cm)<\/span><\/span><\/p>\n<p><span style=\"font-family: Arial,sans-serif\"><span style=\"font-size: x-small\"><strong>Surface \u00e0 texture variable<\/strong><\/span><\/span><\/p>\n<p><a href=\"http:\/\/blog.ensci.com\/telecommande\/files\/2011\/10\/texturevariable.jpg\"><img loading=\"lazy\" decoding=\"async\" class=\"alignnone size-medium wp-image-26\" src=\"http:\/\/blog.ensci.com\/telecommande\/files\/2011\/10\/texturevariable-300x170.jpg\" alt=\"texturevariable\" width=\"300\" height=\"170\" srcset=\"https:\/\/blog.ensci.com\/telecommande\/files\/2011\/10\/texturevariable-300x170.jpg 300w, https:\/\/blog.ensci.com\/telecommande\/files\/2011\/10\/texturevariable.jpg 324w\" sizes=\"auto, (max-width: 300px) 100vw, 300px\" \/><\/a><\/p>\n<p><span style=\"font-family: Arial,sans-serif\"><span style=\"font-size: x-small\">La m\u00eame surface semble lisse, puis rugueuse. Cette surface en r\u00e9alit\u00e9 lisse et dure ( par exemple du verre), est actionn\u00e9e par des vibrations. La cr\u00e9ation d\u2019un micro coussin d\u2019air sous la peau induit une perception diff\u00e9rente en termes de toucher.<\/span><\/span><\/p>\n<p><span style=\"font-family: Arial,sans-serif\"><span style=\"font-size: x-small\">Avantages et pr\u00e9cautions\u00a0:<\/span><\/span><\/p>\n<p><span style=\"font-family: Arial,sans-serif\"><span style=\"font-size: x-small\">Projet de recherche r\u00e9cent et donc aux possibilit\u00e9s d\u2019applications encore limit\u00e9es.<br \/>\nTaille de la surface\u00a0:<br \/>\nEpaisseur du syst\u00e8me sous la plaque\u00a0:<br \/>\nConsommation \u00e9nerg\u00e9tique\u00a0:<\/span><\/span><\/p>\n<p><span style=\"font-family: Arial,sans-serif\"><span style=\"font-size: x-small\"><strong>MicroBeamer Laser Lemoptix<\/strong><\/span><\/span><\/p>\n<p><a href=\"http:\/\/blog.ensci.com\/telecommande\/files\/2011\/10\/microbeamer.jpg\"><img loading=\"lazy\" decoding=\"async\" class=\"alignnone size-medium wp-image-27\" src=\"http:\/\/blog.ensci.com\/telecommande\/files\/2011\/10\/microbeamer-300x168.jpg\" alt=\"\" width=\"300\" height=\"168\" srcset=\"https:\/\/blog.ensci.com\/telecommande\/files\/2011\/10\/microbeamer-300x168.jpg 300w, https:\/\/blog.ensci.com\/telecommande\/files\/2011\/10\/microbeamer.jpg 500w\" sizes=\"auto, (max-width: 300px) 100vw, 300px\" \/><\/a><\/p>\n<p><span style=\"font-family: Arial,sans-serif\"><span style=\"font-size: x-small\">Projecteur laser de tr\u00e8s petite dimension. Une puce \u00e9lectronique est \u00e9quip\u00e9e de minuscules miroirs capable de diriger des faisceaux lasers bleu vert rouge pour leur faire balayer une surface et former ainsi une image couleur. Le dispositif devrait d\u2019ici peu int\u00e9grer une fonction de commande\u00a0: gr\u00e2ce \u00e0 une cam\u00e9ra int\u00e9gr\u00e9e, il devrait pouvoir interpr\u00e9ter des gestes r\u00e9alis\u00e9s dans le faisceau du microprojecteur. La photo ici pr\u00e9sent\u00e9e fait abstraction de la partie \u00e9lectronique de la taille d\u2019une carte de cr\u00e9dit\u2026<\/span><\/span><\/p>\n<p><span style=\"font-family: Arial,sans-serif\"><span style=\"font-size: x-small\">Avantages et pr\u00e9cautions\u00a0:<\/span><\/span><\/p>\n<p><span style=\"font-family: Arial,sans-serif\"><span style=\"font-size: x-small\">Taille tr\u00e8s r\u00e9duite\u00a0: surface d\u2019une carte de cr\u00e9dit, \u00e9paisseur 5 mm<br \/>\nImage nette \u00e0 n\u2019importe quelle distance du beamer ( le laser est un faisceau partout focalis\u00e9) El\u00e9ment actif, exigeant une source d\u2019\u00e9nergie importante. Puissance\u00a0: 5W<br \/>\nLuminosit\u00e9 et donc distance, surface de projection limit\u00e9e (\u00e0 la distance maximale, 1m, la taille de l\u2019image est de xx X xx<br \/>\nImage au grain typique d\u2019un laser. Plus adapt\u00e9 pour projeter des informations que des vraies images TV.<\/span><\/span><span style=\"color: #ff0000\"><span style=\"font-family: Arial,sans-serif\"><span style=\"font-size: x-small\"><br \/>\n<\/span><\/span><\/span><span style=\"font-family: Arial,sans-serif\"><span style=\"font-size: x-small\">N\u00e9cessite une connexion pour obtenir le signal TV \/ autres infos<br \/>\nSyst\u00e8me de d\u00e9tection de gestes dans le faisceau en cours d\u2019\u00e9laboration\u00a0: on ne peut donc en garantir le r\u00e9sultat.<\/span><\/span><\/p>\n<p><span style=\"font-family: Arial,sans-serif\"><span style=\"font-size: x-small\"><strong>E-smart<\/strong><\/span><\/span><\/p>\n<p><a href=\"http:\/\/blog.ensci.com\/telecommande\/files\/2011\/10\/esmart.png\"><img loading=\"lazy\" decoding=\"async\" class=\"alignnone size-medium wp-image-28\" src=\"http:\/\/blog.ensci.com\/telecommande\/files\/2011\/10\/esmart-191x300.png\" alt=\"esmart\" width=\"191\" height=\"300\" srcset=\"https:\/\/blog.ensci.com\/telecommande\/files\/2011\/10\/esmart-191x300.png 191w, https:\/\/blog.ensci.com\/telecommande\/files\/2011\/10\/esmart.png 202w\" sizes=\"auto, (max-width: 191px) 100vw, 191px\" \/><\/a><\/p>\n<p><span style=\"font-family: Arial,sans-serif\"><span style=\"font-size: x-small\">Syst\u00e8me de contr\u00f4le de la consommation \u00e9nerg\u00e9tique\u00a0: un petit module peut-\u00eatre enfich\u00e9 sur chaque prise de la maison. Il communique avec les autres et indique la consommation. Il peut aussi permettre d\u2019enclencher et d\u00e9clencher \u00e0 distance les appareils. Pourrait s\u2019int\u00e9grer dans un sc\u00e9nario simple avec la TV\u00a0: lorsqu\u2019on regarde cette derni\u00e8re, on peut limiter consid\u00e9rablement la consommation \u00e9nerg\u00e9tique dans le reste de la maison. Principe d\u2019interaction \u00e0 d\u00e9finir avec e-smart\u00a0: simple action sur les prises \u00e9quip\u00e9es ou bien visualisation d\u2019information\u00a0?<\/span><\/span><\/p>\n<p><span style=\"font-family: Arial,sans-serif\"><span style=\"font-size: x-small\">Avantages et pr\u00e9cautions<\/span><\/span><\/p>\n<p><span style=\"font-family: Arial,sans-serif\"><span style=\"font-size: x-small\">Technologie d\u00e9j\u00e0 bien d\u00e9velopp\u00e9e<br \/>\nRisque de se lancer dans des sc\u00e9narios qui deviennent complexes et sortent de l\u2019objectif du projet ( intuitivit\u00e9, etc.).<\/span><\/span><\/p>\n<p><span style=\"font-family: Arial,sans-serif\"><span style=\"font-size: x-small\"><strong>Cellule solaire flexible G24i<\/strong><\/span><\/span><\/p>\n<p><a href=\"http:\/\/blog.ensci.com\/telecommande\/files\/2011\/10\/cellulesolaire1.jpg\"><img loading=\"lazy\" decoding=\"async\" class=\"alignnone size-full wp-image-29\" src=\"http:\/\/blog.ensci.com\/telecommande\/files\/2011\/10\/cellulesolaire1.jpg\" alt=\"cellulesolaire1\" width=\"211\" height=\"150\" \/><\/a><a href=\"http:\/\/blog.ensci.com\/telecommande\/files\/2011\/10\/cellulesolaire2.jpg\"><img loading=\"lazy\" decoding=\"async\" class=\"alignnone size-full wp-image-30\" src=\"http:\/\/blog.ensci.com\/telecommande\/files\/2011\/10\/cellulesolaire2.jpg\" alt=\"cellulesolaire2\" width=\"189\" height=\"150\" \/><\/a><\/p>\n<p><span style=\"font-family: Arial,sans-serif\"><span style=\"font-size: x-small\">Ces cellules solaires ont la particularit\u00e9 d\u2019\u00eatre flexibles. Elles peuvent ainsi \u00eatre courb\u00e9es lors de leur mise en forme et\/ou s\u2019int\u00e9grer \u00e0 un objet qui se veut globalement flexible. Elles sont ainsi tr\u00e8s r\u00e9sistantes aux chocs. Enfin, elles parviennent particuli\u00e8rement bien \u00e0 capter des lumi\u00e8res faibles et diffuses, notamment les lumi\u00e8res \u00e0 l\u2019int\u00e9rieur des habitations. <\/span><\/span><\/p>\n<p><span style=\"font-family: Arial,sans-serif\"><span style=\"font-size: x-small\">Capacit\u00e9 \u00e0 s\u2019adapter \u00e0 des sc\u00e9narios d\u2019usage originaux, par leur l\u00e9g\u00e8ret\u00e9 et flexibilit\u00e9<br \/>\nLargeur d\u00e9finie par les outils actuels de production\u00a0: bandes de 1.25 cm de large. Le nombre de bandes en parall\u00e8le est en g\u00e9n\u00e9ral compris entre 2 et 11, chaque bande apportant environ 0.5V. Les bandes sont produites en rouleaux, permettant de faire d\u00e9cider librement de la longueur en fonction du courant \u00e9lectrique recherch\u00e9.<\/span><\/span><\/p>\n<p><span style=\"font-family: Arial,sans-serif\"><span style=\"font-size: x-small\">Avantages et pr\u00e9cautions\u00a0:<\/span><\/span><\/p>\n<p><span style=\"font-family: Arial,sans-serif\"><span style=\"font-size: x-small\">Toutes les bandes doivent avoir la m\u00eame longueur.<br \/>\nEnergie moyenne accumul\u00e9e par jour: env 0.1 mWh \/cm2 (Pour une t\u00e9l\u00e9commande \u00e9quip\u00e9e de fonctions habituelles, compter env. 12 cm2)<br \/>\nRayon de courbure min\u00a0: 30 mm<br \/>\n\u00e9paisseur\u00a0: 0.4mm.<br \/>\nSurface plastifi\u00e9e<br \/>\n<\/span><\/span><\/p>\n","protected":false},"excerpt":{"rendered":"<p>T\u00e9l\u00e9commande\u00a0: Technologies additionnelles N. Henchoz, EPFL+ECAL Lab Les \u00e9tudiants du workshop propos\u00e9 par l\u2019EPFL+ECAL Lab sont invit\u00e9s \u00e0 faire appel aux technologies courantes, disponibles sur le march\u00e9\u00a0: mat\u00e9riaux divers, touches simples, acc\u00e9l\u00e9rom\u00e8tres, etc. L\u2019EPFL+ECAL Lab leur offre \u00e9galement la possibilit\u00e9 &hellip; <a href=\"https:\/\/blog.ensci.com\/telecommande\/presentation\/technologies-speciales\/\">Lire la suite <span class=\"meta-nav\">&rarr;<\/span><\/a><\/p>\n","protected":false},"author":106,"featured_media":0,"parent":2,"menu_order":0,"comment_status":"open","ping_status":"open","template":"","meta":{"footnotes":"","_links_to":"","_links_to_target":""},"class_list":["post-23","page","type-page","status-publish","hentry"],"_links":{"self":[{"href":"https:\/\/blog.ensci.com\/telecommande\/wp-json\/wp\/v2\/pages\/23","targetHints":{"allow":["GET"]}}],"collection":[{"href":"https:\/\/blog.ensci.com\/telecommande\/wp-json\/wp\/v2\/pages"}],"about":[{"href":"https:\/\/blog.ensci.com\/telecommande\/wp-json\/wp\/v2\/types\/page"}],"author":[{"embeddable":true,"href":"https:\/\/blog.ensci.com\/telecommande\/wp-json\/wp\/v2\/users\/106"}],"replies":[{"embeddable":true,"href":"https:\/\/blog.ensci.com\/telecommande\/wp-json\/wp\/v2\/comments?post=23"}],"version-history":[{"count":5,"href":"https:\/\/blog.ensci.com\/telecommande\/wp-json\/wp\/v2\/pages\/23\/revisions"}],"predecessor-version":[{"id":43,"href":"https:\/\/blog.ensci.com\/telecommande\/wp-json\/wp\/v2\/pages\/23\/revisions\/43"}],"up":[{"embeddable":true,"href":"https:\/\/blog.ensci.com\/telecommande\/wp-json\/wp\/v2\/pages\/2"}],"wp:attachment":[{"href":"https:\/\/blog.ensci.com\/telecommande\/wp-json\/wp\/v2\/media?parent=23"}],"curies":[{"name":"wp","href":"https:\/\/api.w.org\/{rel}","templated":true}]}}