{"id":978,"date":"2013-10-10T13:52:55","date_gmt":"2013-10-10T13:52:55","guid":{"rendered":"http:\/\/blog.ensci.com\/phenorama\/?page_id=978"},"modified":"2013-10-10T13:55:01","modified_gmt":"2013-10-10T13:55:01","slug":"presentation-reserves-cnam","status":"publish","type":"page","link":"https:\/\/blog.ensci.com\/phenorama\/presentation-reserves-cnam\/","title":{"rendered":"pr\u00e9sentation des r\u00e9serves du mus\u00e9e cnam"},"content":{"rendered":"<p>Un concours conception-construction pour des r\u00e9serves est lanc\u00e9 en octobre 1992 et remport\u00e9 par l&rsquo;architecte Fran\u00e7ois Deslaugiers. Des r\u00e9serves pour le Mus\u00e9e des arts et m\u00e9tiers seront construites \u00e0 Saint-Denis. Le chantier d\u00e9bute en septembre 1993. Le b\u00e2timent, termin\u00e9 mais non encore am\u00e9nag\u00e9, est inaugur\u00e9 en septembre 1994. Le transfert des collections du mus\u00e9e aux r\u00e9serves d\u00e9bute en avril 1996\u00a0; il permet de d\u00e9gager les salles d&rsquo;exposition pour l&rsquo;installation du chantier de gros \u0153uvre de la r\u00e9novation du mus\u00e9e.<\/p>\n<p>Les r\u00e9serves h\u00e9bergent la totalit\u00e9 des collections le temps des travaux de r\u00e9novation du mus\u00e9e. Puis les objets s\u00e9lectionn\u00e9s pour l&rsquo;exposition permanente font le voyage en sens inverse pour r\u00e9int\u00e9grer un espace enti\u00e8rement r\u00e9nov\u00e9.<\/p>\n<p>D\u00e9sormais, les r\u00e9serves se consacrent \u00e0 leurs activit\u00e9s quotidiennes\u00a0: inventaire, enregistrement, catalogage, consultation, restauration, prise de vues photographiques, pr\u00e9paration d&rsquo;expositions temporaires, pr\u00eat d&rsquo;objets, etc.<\/p>\n<p>Les r\u00e9serves permettent aux chercheurs, aux professionnels des mus\u00e9es et aux enseignants d&rsquo;acc\u00e9der \u00e0 l&rsquo;ensemble des \u0153uvres de la collection, \u00e0 la condition pr\u00e9alable qu&rsquo;ils aient formul\u00e9 une demande motiv\u00e9e.<\/p>\n<p>&nbsp;<\/p>\n<p><a href=\"http:\/\/blog.ensci.com\/phenorama\/presentation-reserves-cnam\/reserve-cnam-phenorama-01\/\" rel=\"attachment wp-att-979\"><img loading=\"lazy\" decoding=\"async\" class=\"alignleft size-full wp-image-979\" alt=\"reserve cnam phenorama 01\" src=\"http:\/\/blog.ensci.com\/phenorama\/files\/2013\/10\/reserve-cnam-phenorama-01.jpg\" width=\"640\" height=\"469\" srcset=\"https:\/\/blog.ensci.com\/phenorama\/files\/2013\/10\/reserve-cnam-phenorama-01.jpg 640w, https:\/\/blog.ensci.com\/phenorama\/files\/2013\/10\/reserve-cnam-phenorama-01-300x219.jpg 300w\" sizes=\"auto, (max-width: 640px) 100vw, 640px\" \/><\/a> <a href=\"http:\/\/blog.ensci.com\/phenorama\/presentation-reserves-cnam\/reserve-cnam-phenorama-jpg-02\/\" rel=\"attachment wp-att-980\"><img loading=\"lazy\" decoding=\"async\" class=\"alignleft size-full wp-image-980\" alt=\"reserve cnam phenorama.jpg 02\" src=\"http:\/\/blog.ensci.com\/phenorama\/files\/2013\/10\/reserve-cnam-phenorama.jpg-02.jpg\" width=\"640\" height=\"368\" \/><\/a> <a href=\"http:\/\/blog.ensci.com\/phenorama\/presentation-reserves-cnam\/reserve-cnam-phenorama-jpg-03\/\" rel=\"attachment wp-att-981\"><img loading=\"lazy\" decoding=\"async\" class=\"alignleft size-full wp-image-981\" alt=\"reserve cnam phenorama.jpg 03\" src=\"http:\/\/blog.ensci.com\/phenorama\/files\/2013\/10\/reserve-cnam-phenorama.jpg-03.jpg\" width=\"640\" height=\"430\" srcset=\"https:\/\/blog.ensci.com\/phenorama\/files\/2013\/10\/reserve-cnam-phenorama.jpg-03.jpg 640w, https:\/\/blog.ensci.com\/phenorama\/files\/2013\/10\/reserve-cnam-phenorama.jpg-03-300x201.jpg 300w\" sizes=\"auto, (max-width: 640px) 100vw, 640px\" \/><\/a><\/p>\n<p>&nbsp;<\/p>\n<p>&nbsp;<\/p>\n<p>&nbsp;<\/p>\n<p>&nbsp;<\/p>\n","protected":false},"excerpt":{"rendered":"<p>Un concours conception-construction pour des r\u00e9serves est lanc\u00e9 en octobre 1992 et remport\u00e9 par l&rsquo;architecte Fran\u00e7ois Deslaugiers. Des r\u00e9serves pour le Mus\u00e9e des arts et m\u00e9tiers seront construites \u00e0 Saint-Denis. Le chantier d\u00e9bute en septembre 1993. Le b\u00e2timent, termin\u00e9 mais&hellip;<\/p>\n<p class=\"more-link-p\"><a class=\"more-link\" href=\"https:\/\/blog.ensci.com\/phenorama\/presentation-reserves-cnam\/\">Read more &rarr;<\/a><\/p>\n","protected":false},"author":302,"featured_media":0,"parent":0,"menu_order":0,"comment_status":"open","ping_status":"open","template":"","meta":{"spay_email":"","footnotes":"","_links_to":"","_links_to_target":""},"class_list":["post-978","page","type-page","status-publish","hentry"],"_links":{"self":[{"href":"https:\/\/blog.ensci.com\/phenorama\/wp-json\/wp\/v2\/pages\/978","targetHints":{"allow":["GET"]}}],"collection":[{"href":"https:\/\/blog.ensci.com\/phenorama\/wp-json\/wp\/v2\/pages"}],"about":[{"href":"https:\/\/blog.ensci.com\/phenorama\/wp-json\/wp\/v2\/types\/page"}],"author":[{"embeddable":true,"href":"https:\/\/blog.ensci.com\/phenorama\/wp-json\/wp\/v2\/users\/302"}],"replies":[{"embeddable":true,"href":"https:\/\/blog.ensci.com\/phenorama\/wp-json\/wp\/v2\/comments?post=978"}],"version-history":[{"count":5,"href":"https:\/\/blog.ensci.com\/phenorama\/wp-json\/wp\/v2\/pages\/978\/revisions"}],"predecessor-version":[{"id":987,"href":"https:\/\/blog.ensci.com\/phenorama\/wp-json\/wp\/v2\/pages\/978\/revisions\/987"}],"wp:attachment":[{"href":"https:\/\/blog.ensci.com\/phenorama\/wp-json\/wp\/v2\/media?parent=978"}],"curies":[{"name":"wp","href":"https:\/\/api.w.org\/{rel}","templated":true}]}}