{"id":953,"date":"2013-10-14T13:56:29","date_gmt":"2013-10-14T13:56:29","guid":{"rendered":"http:\/\/blog.ensci.com\/phenorama\/?page_id=953"},"modified":"2013-10-25T08:47:00","modified_gmt":"2013-10-25T08:47:00","slug":"studio-de-creation-2","status":"publish","type":"page","link":"https:\/\/blog.ensci.com\/phenorama\/studio-de-creation-2\/","title":{"rendered":"studio de cr\u00e9ation (2)"},"content":{"rendered":"<p>80000, c&rsquo;est le nombre d&rsquo;objets qui se trouvent dans les reserves du Centre\u00a0National des Arts et M\u00e9tier &#8211; Cnam qui nous ouvre ces portes ce semestre\u00a0et nous donne la possibilit\u00e9 de travailler \u00e0 partir d&rsquo;une collection d&rsquo;objets\u00a0techniques gigantesque qui se trouve dans un b\u00e2timent d\u00e9di\u00e9 \u00e0 leur\u00a0conservation dans la ville de Saint Denis.<\/p>\n<p>Ce semestre sera consacr\u00e9 \u00e0 la production d&rsquo;objet techniques fictifs que les\u00a0\u00e9tudiants du studio de cr\u00e9ation devront imaginer, produire et exposer.\u00a0Une exposition qui aura lieu au mus\u00e9e des arts et m\u00e9tier en fevrier 2014.\u00a0Pour cela nous ferons un travail d&rsquo;immersion guider sur place par l&rsquo;historien\u00a0des techniques Girolamo Ramunni. Cette collection est compos\u00e9e de 7\u00a0cat\u00e9gories : instrumentation scientifique, mat\u00e9riaux, construction,communication, energie. Vous circulerez \u00e0 travers ces couloirs infinis de\u00a0vitrines o\u00f9 sont expos\u00e9s : horloge, ordinateurs, machine \u00e0 \u00e9crire, appareils \u00e9lectrom\u00e9nagers, microscopes, t\u00e9l\u00e9phones mais aussi voitures, moto, v\u00e9lo,&#8230;<\/p>\n<p>Vous devrez alors choisir votre cat\u00e9gorie et cr\u00e9er en volume dans les ateliers\u00a0un objet imaginaire, in\u00e9dit l&rsquo;objet manquant de la collection. Au-del\u00e0 de cet\u00a0objet vous devrez aussi imaginer les usages dont il est porteur et cr\u00e9er une\u00a0vid\u00e9o, un sc\u00e9nario d&rsquo;usage qui montre le fonctionnement de cet objet.\u00a0Tout au long du semestre un s\u00e9minaire compos\u00e9 de 4 rendez-vous\u00a0accompagnera votre r\u00e9flexion. Nous aborderons avec nos invit\u00e9s la question\u00a0de l&rsquo;arch\u00e9ologie industrielle. Vous aurez ainsi l&rsquo;occasion de venir \u00e9couter et\u00a0dialoguer avec des historiens des techniques, th\u00e9oriciens de l&rsquo;architecture,\u00a0des chercheurs en arch\u00e9ologie industrielle, des artistes.<\/p>\n<p>Aussi nous organiserons des groupes de travail autour de 4 axes :<br \/>\n1. Traduction des gestes techniques : peut-on conserver une histoire de la gestualit\u00e9 technique ?<br \/>\n2. A la recherche du cha\u00eenon manquant : peut-on \u00e9tablir une g\u00e9n\u00e9alogie des objets techniques ?<br \/>\n3. Indices et traces dans les structures mat\u00e9rielles : quel dialogue \u00e9tablir avec des objets \u00ab\u00a0muets\u00a0\u00bb ?<br \/>\n4. L&rsquo;aura du r\u00e9cit dans l&rsquo;\u00e9cosyst\u00e8me de l&rsquo;objet : comment le r\u00e9cit de l&rsquo;objet survit lorsque le contexte a disparu ?<\/p>\n","protected":false},"excerpt":{"rendered":"<p>80000, c&rsquo;est le nombre d&rsquo;objets qui se trouvent dans les reserves du Centre\u00a0National des Arts et M\u00e9tier &#8211; Cnam qui nous ouvre ces portes ce semestre\u00a0et nous donne la possibilit\u00e9 de travailler \u00e0 partir d&rsquo;une collection d&rsquo;objets\u00a0techniques gigantesque qui se&hellip;<\/p>\n<p class=\"more-link-p\"><a class=\"more-link\" href=\"https:\/\/blog.ensci.com\/phenorama\/studio-de-creation-2\/\">Read more &rarr;<\/a><\/p>\n","protected":false},"author":302,"featured_media":0,"parent":0,"menu_order":0,"comment_status":"open","ping_status":"open","template":"","meta":{"spay_email":"","footnotes":"","_links_to":"","_links_to_target":""},"class_list":["post-953","page","type-page","status-publish","hentry"],"_links":{"self":[{"href":"https:\/\/blog.ensci.com\/phenorama\/wp-json\/wp\/v2\/pages\/953","targetHints":{"allow":["GET"]}}],"collection":[{"href":"https:\/\/blog.ensci.com\/phenorama\/wp-json\/wp\/v2\/pages"}],"about":[{"href":"https:\/\/blog.ensci.com\/phenorama\/wp-json\/wp\/v2\/types\/page"}],"author":[{"embeddable":true,"href":"https:\/\/blog.ensci.com\/phenorama\/wp-json\/wp\/v2\/users\/302"}],"replies":[{"embeddable":true,"href":"https:\/\/blog.ensci.com\/phenorama\/wp-json\/wp\/v2\/comments?post=953"}],"version-history":[{"count":4,"href":"https:\/\/blog.ensci.com\/phenorama\/wp-json\/wp\/v2\/pages\/953\/revisions"}],"predecessor-version":[{"id":1038,"href":"https:\/\/blog.ensci.com\/phenorama\/wp-json\/wp\/v2\/pages\/953\/revisions\/1038"}],"wp:attachment":[{"href":"https:\/\/blog.ensci.com\/phenorama\/wp-json\/wp\/v2\/media?parent=953"}],"curies":[{"name":"wp","href":"https:\/\/api.w.org\/{rel}","templated":true}]}}