{"id":302,"date":"2012-11-16T14:01:06","date_gmt":"2012-11-16T14:01:06","guid":{"rendered":"http:\/\/blog.ensci.com\/phenorama\/?page_id=302"},"modified":"2013-03-11T16:26:18","modified_gmt":"2013-03-11T16:26:18","slug":"experimentations-2","status":"publish","type":"page","link":"https:\/\/blog.ensci.com\/phenorama\/experimentations-2\/","title":{"rendered":"studio de cr\u00e9ation"},"content":{"rendered":"<p>Pr\u00e9ambule<\/p>\n<p>L&rsquo;arch\u00e9ologue dans son travail fait parfois la d\u00e9couverte de sites, d&rsquo;objets\u00a0qu&rsquo;il doit dater, replacer dans l&rsquo;histoire.\u00a0Il doit \u00ab\u00a0imaginer\u00a0\u00bb la soci\u00e9t\u00e9 \u00e0 laquelle\u00a0ils sont rattach\u00e9s, ils ont appartenu. Parfois malgr\u00e9 des ann\u00e9es et des ann\u00e9es\u00a0de recherche, d&rsquo;interpr\u00e9tations et d&rsquo;investigations recourant \u00e0 des technologies\u00a0tr\u00e8s sophistiqu\u00e9es, certains objets arch\u00e9ologiques restent muets. L&rsquo;arch\u00e9ologue peine alors \u00e0 d\u00e9terminer leurs utilit\u00e9s avec exactitude :<br \/>\nobjets d\u00e9di\u00e9s \u00e0 des rituels, parures, outils domestiques ou li\u00e9s \u00e0 une activit\u00e9 professionnelle ? autant de questions qui peuvent rester sans r\u00e9ponse. Ces objets trouv\u00e9s sont orphelins d&rsquo;un monde qui a disparu, notamment quand l&rsquo;arch\u00e9ologue ne connait pas l&rsquo;origine du lieu, du site originel, son contexte d&rsquo;enfouissement\u00a0ou les autres objets qui peuvent lui \u00eatre associ\u00e9s.<\/p>\n<p>Cette question de l&rsquo;interpr\u00e9tation des donn\u00e9es est aussi au coeur du travail des arch\u00e9ologues qui questionnent l&rsquo;art rupestre. Les raisons m\u00eame qui ont pouss\u00e9s nos anc\u00eatres \u00e0 r\u00e9aliser ces peintures restent myst\u00e9rieuses. Trois grandes th\u00e9ories s&rsquo;affrontent : l&rsquo;art pour l&rsquo;art, le pouvoir magique ou le chamanisme. La signification des formes reproduites sur les parois des grottes,\u00a0des rochers de plein air est donc un enjeu central.<\/p>\n<p>Cette interrogation fondamentale rend parfois approximative l&rsquo;interpr\u00e9tation\u00a0des figures humaines, animaux mais aussi objets ou outils que l&rsquo;on n&rsquo;arrive pas toujours \u00e0 identifier et r\u00e9pertorier. Mais comment remonter de ces formes aux caract\u00e9ristiques des soci\u00e9t\u00e9s pr\u00e9historiques, \u00e0 l\u2019identification de groupes ethniques ?\u00a0La dimension ethnique est donc incontournable pour tenter de comprendre le syst\u00e8me de pens\u00e9e de l&rsquo;homme pr\u00e9historique et ainsi approcher le sens cach\u00e9 de ces formes. Qu&rsquo;il soit confront\u00e9 \u00e0 la d\u00e9couverte d&rsquo;objets dans une fouille ou se trouve face \u00e0 des peintures rupestres l&rsquo;arch\u00e9ologue est donc confront\u00e9 dans son approche scientifique \u00e0 la question de l&rsquo;interpr\u00e9tation.<\/p>\n<p>Uchronie des objets techniques<\/p>\n<p>Il s&rsquo;agira de partir \u00e0 la recherche d&rsquo;objets techniques qui ont appartenu \u00e0 des cultures disparues, des usages oubli\u00e9s. Il s&rsquo;agira de les identifier, c&rsquo;est \u00e0 dire de faire une recherche pour trouver l&rsquo;objet qui vous inspire. Puis vous devrez produire des formes qui \u00e9voquent la situation \u00e0 laquelle cet objet a appartenu \u00a0et ainsi cr\u00e9er une bible, une charte qui servira\u00a0de r\u00e9f\u00e9rence \u00e0 la cr\u00e9ation dans un troisi\u00e8me temps d&rsquo;une installation artistique qui sera expos\u00e9e en fin de semestre \u00e0 l&rsquo;Ensci\/les ateliers. Cette exposition devra \u00eatre pens\u00e9e dans sa globalit\u00e9 par des \u00e9quipes constitu\u00e9es et d\u00e9di\u00e9es aux diff\u00e9rentes t\u00e2ches n\u00e9cessaires \u00e0 la production : commissariat, sc\u00e9nographie, graphisme, \u00e9dition et communication.<\/p>\n<p>&nbsp;<\/p>\n<p>M\u00e9thodes de travail :<br \/>\nDeux approches seront possibles pour travailler dans le studio :<\/p>\n<p>Soit travailler avec l&rsquo;arch\u00e9ologue <a title=\"th\u00e8se de Yves Sanou\" href=\"http:\/\/blog.ensci.com\/phenorama\/recherche-3\/\">Yves Sanou<\/a> sur les peintures rupestres<br \/>\nde l&rsquo;ouest du Burkina faso en s&rsquo;immisant dans\u00a0ses m\u00e9thodes de travail :<\/p>\n<p>\u2043\u00a0Etude g\u00e9ographique physique et humaine,<br \/>\n\u2043\u00a0Etudier les donn\u00e9es et cr\u00e9ations de tableaux pour la classification,<br \/>\n\u2043\u00a0Interpr\u00e9tation \u00ab\u00a0subjective\u00a0\u00bb des donn\u00e9es,<br \/>\n\u2043\u00a0Exposition<\/p>\n<p>Soit travailler sur votre propre projet,<\/p>\n<p>\u2043\u00a0Recherche d&rsquo;objets non-r\u00e9pertori\u00e9,<br \/>\n\u2043\u00a0Cr\u00e9ation d&rsquo;un mode d&#8217;emploie et d&rsquo;un sc\u00e9nario d&rsquo;usage,<br \/>\n\u2043\u00a0R\u00e9alisation de l&rsquo;installation,<br \/>\n\u2043\u00a0Exposition.<\/p>\n<p>Des rendez-vous \u00ab\u00a0d\u00e9bat\u00a0\u00bb seront organis\u00e9 par \u00a0Yves Sassou, arch\u00e9ologue\u00a0et Ann Guillaume, artiste avec notamment\u00a0:<br \/>\n. Pr\u00e9sentation du travail de l&rsquo;artiste ann guillaume suivi d&rsquo;un d\u00e9bat.<br \/>\n. Pr\u00e9sentation du travail de l&rsquo;arch\u00e9ologue Yves Sassou suivi d&rsquo;un d\u00e9bat<\/p>\n<p>. Visite exposition du mus\u00e9e quai Branly et Cnam.<\/p>\n<div><\/div>\n","protected":false},"excerpt":{"rendered":"<p>Pr\u00e9ambule L&rsquo;arch\u00e9ologue dans son travail fait parfois la d\u00e9couverte de sites, d&rsquo;objets\u00a0qu&rsquo;il doit dater, replacer dans l&rsquo;histoire.\u00a0Il doit \u00ab\u00a0imaginer\u00a0\u00bb la soci\u00e9t\u00e9 \u00e0 laquelle\u00a0ils sont rattach\u00e9s, ils ont appartenu. Parfois malgr\u00e9 des ann\u00e9es et des ann\u00e9es\u00a0de recherche, d&rsquo;interpr\u00e9tations et d&rsquo;investigations recourant&hellip;<\/p>\n<p class=\"more-link-p\"><a class=\"more-link\" href=\"https:\/\/blog.ensci.com\/phenorama\/experimentations-2\/\">Read more &rarr;<\/a><\/p>\n","protected":false},"author":302,"featured_media":0,"parent":0,"menu_order":0,"comment_status":"open","ping_status":"open","template":"","meta":{"spay_email":"","footnotes":"","_links_to":"","_links_to_target":""},"class_list":["post-302","page","type-page","status-publish","hentry"],"_links":{"self":[{"href":"https:\/\/blog.ensci.com\/phenorama\/wp-json\/wp\/v2\/pages\/302","targetHints":{"allow":["GET"]}}],"collection":[{"href":"https:\/\/blog.ensci.com\/phenorama\/wp-json\/wp\/v2\/pages"}],"about":[{"href":"https:\/\/blog.ensci.com\/phenorama\/wp-json\/wp\/v2\/types\/page"}],"author":[{"embeddable":true,"href":"https:\/\/blog.ensci.com\/phenorama\/wp-json\/wp\/v2\/users\/302"}],"replies":[{"embeddable":true,"href":"https:\/\/blog.ensci.com\/phenorama\/wp-json\/wp\/v2\/comments?post=302"}],"version-history":[{"count":9,"href":"https:\/\/blog.ensci.com\/phenorama\/wp-json\/wp\/v2\/pages\/302\/revisions"}],"predecessor-version":[{"id":1020,"href":"https:\/\/blog.ensci.com\/phenorama\/wp-json\/wp\/v2\/pages\/302\/revisions\/1020"}],"wp:attachment":[{"href":"https:\/\/blog.ensci.com\/phenorama\/wp-json\/wp\/v2\/media?parent=302"}],"curies":[{"name":"wp","href":"https:\/\/api.w.org\/{rel}","templated":true}]}}