{"id":1960,"date":"2015-11-05T10:55:17","date_gmt":"2015-11-05T10:55:17","guid":{"rendered":"http:\/\/blog.ensci.com\/phenorama\/?page_id=1960"},"modified":"2016-05-10T14:05:47","modified_gmt":"2016-05-10T14:05:47","slug":"seminaire-de-recherche","status":"publish","type":"page","link":"https:\/\/blog.ensci.com\/phenorama\/seminaire-de-recherche\/","title":{"rendered":"seminaire de recherche"},"content":{"rendered":"<h2>Indian Gestoth\u00e8que<br \/>\nL&rsquo;archivage du geste th\u00e9\u00e2tral : entre notation et captation num\u00e9rique.<\/h2>\n<h5>\u00e0 l&rsquo;ENSCI-Les Ateliers &#8211; les 16.12.2015 &#8211; 23.03 &#8211; 06.04 &#8211; 15.06.2016<br \/>\nau studio documentation &#8211; renseignements : <a href=\"mailto:armand.behar@ensci.com\">armand.behar@ensci.com<\/a><\/h5>\n<h5><\/h5>\n<p>Historique<\/p>\n<p>L\u2019\u00e9tude des th\u00e9\u00e2tres indiens met en \u00e9vidence la variation des techniques de jeu de\u00a0l\u2019acteur dans le temps et dans l\u2019espace.<br \/>\nD\u2019une ville \u00e0 l\u2019autre, d\u2019une \u00e9cole \u00e0 l\u2019autre, on\u00a0observe des modulations dans les techniques de jeu.<\/p>\n<h5>La recherche d&rsquo;Anne Dubos, anthropologue et artiste, accueillie en r\u00e9sidence au sein de\u00a0la plateforme d&rsquo;exp\u00e9rimentations<br \/>\nph\u00e9nOrama\/Ensci &#8211; Les Ateliers,\u00a0tend \u00e0 mesurer les\u00a0cons\u00e9quences et les enjeux de tra\u00e7abilit\u00e9 du geste de l\u2019acteur au sein<br \/>\ndes politiques\u00a0patrimoniales de conservation.<\/h5>\n<p>Au-del\u00e0 de la conception d\u2019une m\u00e9thode d\u2019analyse graphique appliqu\u00e9e \u00e0 la\u00a0transmission du geste de l\u2019acteur, l\u2019enjeu<br \/>\nde son travail repose sur la g\u00e9n\u00e9ration de\u00a0nouveaux outils d\u2019archivage en 2, 3 ou 4 dimensions du geste de l\u2019acteur.<br \/>\nElle a pour\u00a0objectif de constituer une biblioth\u00e8que de gestes num\u00e9riques interactive.<\/p>\n<p>&nbsp;<\/p>\n<p>S\u00e9minaire de recherche<\/p>\n<p>A la crois\u00e9e des comp\u00e9tences disciplinaires (anthropologie, performance, arts visuels,\u00a0arts num\u00e9riques, biom\u00e9canique, informatique, neurosciences, psychologie cognitive,\u00a0g\u00e9ographie), le s\u00e9minaire de recherche La contagion du geste, permettra \u00e0 une \u00e9quipe\u00a0transdisciplinaire de collaborer en vue d\u2019enrichir les capacit\u00e9s de chacun dans la\u00a0conception d\u2019un probl\u00e8me commun : la captation du geste et sa transmission.<\/p>\n<p>A travers les s\u00e9ances du s\u00e9minaire nous r\u00e9fl\u00e9chirons \u00e0 comment concevoir des outils\u00a0interactifs de restitution de donn\u00e9es, aupr\u00e8s des publics d\u2019expositions et des internautes\u00a0s\u2019int\u00e9ressant aux patrimoines immat\u00e9riels.<\/p>\n<p>&nbsp;<\/p>\n<h2><strong>s\u00e9ance 1 \/ le 16 d\u00e9cembre 2015<br \/>\n<\/strong><\/h2>\n<h3><strong>S\u00e9ance commune entre le s\u00e9minaire<\/strong><\/h3>\n<h3><strong>\u00ab\u00a0<em>Indian Gestoth\u00e8que<\/em>\u00a0\u00bb de l\u2019ENSCI- Les Ateliers et le projet th\u00e9matique<\/strong><\/h3>\n<h3><strong>\u00ab\u00a0<em>Avatar immersif en r\u00e9alit\u00e9 simul\u00e9e<\/em>\u00a0\u00bb (Confluence, heSam, DICEN-IDF)<\/strong><\/h3>\n<p><a href=\"http:\/\/blog.ensci.com\/phenorama\/seminaire-de-recherche\/csm_logos_phenorama_82931482c9\/\" rel=\"attachment wp-att-2016\"><img loading=\"lazy\" decoding=\"async\" class=\"alignleft size-full wp-image-2016\" src=\"http:\/\/blog.ensci.com\/phenorama\/files\/2015\/11\/csm_logos_phenorama_82931482c9.png\" alt=\"csm_logos_phenorama_82931482c9\" width=\"800\" height=\"130\" srcset=\"https:\/\/blog.ensci.com\/phenorama\/files\/2015\/11\/csm_logos_phenorama_82931482c9.png 800w, https:\/\/blog.ensci.com\/phenorama\/files\/2015\/11\/csm_logos_phenorama_82931482c9-300x49.png 300w, https:\/\/blog.ensci.com\/phenorama\/files\/2015\/11\/csm_logos_phenorama_82931482c9-785x128.png 785w\" sizes=\"auto, (max-width: 800px) 100vw, 800px\" \/><\/a><\/p>\n<p><strong>\u00a0<\/strong><\/p>\n<h3><\/h3>\n<h3><\/h3>\n<h3><\/h3>\n<h3><strong>\u00abDu chamanisme aux avatars num\u00e9riques : gestes et passages entre les mondes \u00bb<\/strong><\/h3>\n<p>&nbsp;<\/p>\n<p><strong>17h\u00a0: Ouverture et pr\u00e9sentation de la s\u00e9ance par Armand Behar<\/strong>, artiste, enseignant et directeur des programmes Cr\u00e9ation et Technologie contemporaine, ENSCI-Les Ateliers<strong>.\u00a0<\/strong><\/p>\n<p><strong>17h15<\/strong>\u00a0: \u00ab\u00a0<strong><em>A propos d\u2019Andrea \u2013 gestes et r\u00e9cits<\/em><\/strong> \u00bb, par <strong>Natacha Nisic<\/strong>, artiste plasticienne et cin\u00e9aste, auteure du \u00ab\u00a0catalogue de gestes\u00a0\u00bb (1995)<\/p>\n<p><strong>17h35<\/strong>\u00a0:\u00a0\u00ab\u00a0<strong><em>Du chamanisme aux avatars num\u00e9riques, quels passages entre les mondes\u00a0?<\/em><\/strong> \u00bb par <strong>Anne Dubos<\/strong>, anthropologue (Lutin-Userlab) et Visual Artist (Little Heart Movement), dont la recherche probl\u00e9matise la transmission du geste et ses possibles repr\u00e9sentations num\u00e9riques.<\/p>\n<p><strong>17h55 Discussion interm\u00e9diaire suivie d\u2019une pause <\/strong><\/p>\n<p><strong>18h30 : <\/strong>\u00ab <strong><em>Esth\u00e9tique du passage entre le r\u00e9el et le virtuel : illusionnisme et pr\u00e9sence <\/em><\/strong>\u00bb par <strong>Judith Guez<\/strong>, artiste &#8211; chercheuse en r\u00e9alit\u00e9 virtuelle et mixte, associ\u00e9e \u00e0 l&rsquo;\u00e9quipe Image Num\u00e9rique et R\u00e9alit\u00e9 Virtuelle (INREV) de l&rsquo;Universit\u00e9 Paris 8.<\/p>\n<p><strong>18h50:<\/strong> \u00ab\u00a0<strong><em>Performer la condition num\u00e9rique par l\u2019avatar\u00a0: de l\u2019immersion intensive au jumelage des corps<\/em><\/strong>\u00a0\u00bb, par Claire Sistach, artiste num\u00e9rique et cyberexploratrice et Soizic Sanson, artiste num\u00e9rique et vid\u00e9aste.<\/p>\n<p><strong>19h10-20h<\/strong>\u00a0: <strong>Discussion finale suivie d\u2019un dialogue avec la salle<\/strong><\/p>\n<p>&nbsp;<\/p>\n<h2><strong>s\u00e9ance 2 \/ le 6 avril 2016<br \/>\n<\/strong><strong>Les enjeux de la Gestoth\u00e8que : entre archive et\u00a0cr\u00e9ation\u00a0<\/strong><\/h2>\n<p>Invit\u00e9s :\u00a0<strong>Jean-Fran\u00e7ois J\u00e9go<\/strong>, digital artist, chercheur en informatique sur la question du geste\u00a0(Labex H2H Cigale \/ INREV),<\/p>\n<p><strong>Charles Tijus<\/strong>, professeur de psychologie cognitive \u00e0 Paris 8, Directeur du Laboratoire\u00a0E.A. \u00ab Cognitions Humaine et Artificielle \u00bb<\/p>\n<p><strong>Annette Leday<\/strong>, Metteur en sc\u00e8ne, danseuse de Kathakali,<\/p>\n<p><strong>Catherine Pelachaud, <\/strong>Directrice de recherche CNRS, d\u00e9partement : traitement du signal et des images \u00a0&#8211; Mines Paristech,<\/p>\n<p><strong>R\u00e9mi Brun,\u00a0<\/strong>\u00a0ing\u00e9nieur du mouvement, dirigeant fondateur de MocapLab<\/p>\n<p><strong>Fr\u00e9d\u00e9ric Bevilacqua,\u00a0<\/strong>\u00a0chercheur, responsable de l\u2019\u00e9quipe Interaction Son Musique Mouvement, Ircam<\/p>\n<p><strong>Sotiris Manitsaris<\/strong>, chercheur Mines Paris-Tech<\/p>\n<p>&nbsp;<\/p>\n<p>&nbsp;<\/p>\n<h2><strong>s\u00e9ance 3\/ le\u00a018 Mai 2016<\/strong><br \/>\n<strong>Du geste au cerveau et vice-versa<\/strong><\/h2>\n<p>Invit\u00e9s :\u00a0<strong>Olivier Coubard<\/strong>, neuropsychologue et sp\u00e9cialiste du mouvement\u00a0<strong>\u00a0<\/strong><\/p>\n<p><strong>Igor Galligo<\/strong>, Charg\u00e9 de recherche aupr\u00e8s du minist\u00e8re de la culture\u00a0et de la\u00a0communication \/ Chercheur Associ\u00e9 Ensadlab.<\/p>\n<p><strong>Balthazar Auxietre,\u00a0<\/strong>fondateur, directeur cr\u00e9atif chez innerspace VR, Paris,\u00a0<strong>Goeffrey Tissier<\/strong>, ing\u00e9nieur de recherche au Lutin-Userlab<\/p>\n<p>&nbsp;<\/p>\n<p>&nbsp;<\/p>\n<h2><strong>s\u00e9ance 4\/ le 8 juin 2016<br \/>\n<\/strong><strong>Les rat\u00e9s de la technique et leurs rem\u00e8des<\/strong><\/h2>\n<p>Invit\u00e9s :\u00a0<strong>Joffrey Becker<\/strong>, Anthropologue, Chercheur affili\u00e9 au LAS\u00a0&#8211; <strong>Filipe Pais<\/strong>, Chercheur Associ\u00e9 Ensadlab \/ Reflective Interaction. <strong>Patricia Ribault, <\/strong>professeur, Humbolt-Universit\u00e9 &#8211; Berlin, Ecole Nationale des Beaux-Arts &#8211; Paris, <strong>Guillaume Lectez, <\/strong>\u00e9tudiant Mast\u00e8re Sp\u00e9cialis\u00e9 Cr\u00e9ation et Technologie Contemporaine.<\/p>\n<p>&nbsp;<\/p>\n<p>&nbsp;<\/p>\n","protected":false},"excerpt":{"rendered":"<p>Indian Gestoth\u00e8que L&rsquo;archivage du geste th\u00e9\u00e2tral : entre notation et captation num\u00e9rique. \u00e0 l&rsquo;ENSCI-Les Ateliers &#8211; les 16.12.2015 &#8211; 23.03 &#8211; 06.04 &#8211; 15.06.2016 au studio documentation &#8211; renseignements : armand.behar@ensci.com Historique L\u2019\u00e9tude des th\u00e9\u00e2tres indiens met en \u00e9vidence la&hellip;<\/p>\n<p class=\"more-link-p\"><a class=\"more-link\" href=\"https:\/\/blog.ensci.com\/phenorama\/seminaire-de-recherche\/\">Read more &rarr;<\/a><\/p>\n","protected":false},"author":302,"featured_media":0,"parent":0,"menu_order":0,"comment_status":"open","ping_status":"open","template":"","meta":{"spay_email":"","footnotes":"","_links_to":"","_links_to_target":""},"class_list":["post-1960","page","type-page","status-publish","hentry"],"_links":{"self":[{"href":"https:\/\/blog.ensci.com\/phenorama\/wp-json\/wp\/v2\/pages\/1960","targetHints":{"allow":["GET"]}}],"collection":[{"href":"https:\/\/blog.ensci.com\/phenorama\/wp-json\/wp\/v2\/pages"}],"about":[{"href":"https:\/\/blog.ensci.com\/phenorama\/wp-json\/wp\/v2\/types\/page"}],"author":[{"embeddable":true,"href":"https:\/\/blog.ensci.com\/phenorama\/wp-json\/wp\/v2\/users\/302"}],"replies":[{"embeddable":true,"href":"https:\/\/blog.ensci.com\/phenorama\/wp-json\/wp\/v2\/comments?post=1960"}],"version-history":[{"count":32,"href":"https:\/\/blog.ensci.com\/phenorama\/wp-json\/wp\/v2\/pages\/1960\/revisions"}],"predecessor-version":[{"id":2025,"href":"https:\/\/blog.ensci.com\/phenorama\/wp-json\/wp\/v2\/pages\/1960\/revisions\/2025"}],"wp:attachment":[{"href":"https:\/\/blog.ensci.com\/phenorama\/wp-json\/wp\/v2\/media?parent=1960"}],"curies":[{"name":"wp","href":"https:\/\/api.w.org\/{rel}","templated":true}]}}