{"id":1951,"date":"2015-11-01T15:23:31","date_gmt":"2015-11-01T15:23:31","guid":{"rendered":"http:\/\/blog.ensci.com\/phenorama\/?page_id=1951"},"modified":"2015-11-01T15:23:41","modified_gmt":"2015-11-01T15:23:41","slug":"studio-de-creation-4","status":"publish","type":"page","link":"https:\/\/blog.ensci.com\/phenorama\/studio-de-creation-4\/","title":{"rendered":"studio de cr\u00e9ation"},"content":{"rendered":"<p>La contagion du geste<\/p>\n<p>M\u00e9thodologie de recherche :<br \/>\nL\u2019objectif du semestre est de cr\u00e9er une biblioth\u00e8que de gestes issus de la danse.\u00a0Cette biblioth\u00e8que-installation sera expos\u00e9e et regroupera toutes\u00a0les formes \u00a0imagin\u00e9es par les \u00e9l\u00e8ves du studio de cr\u00e9ation de l&rsquo;ENSCI &#8211; Les Ateliers pour repr\u00e9senter un geste ; geste de la main, des bras,\u00a0du visage, des yeux, des jambes,&#8230; l\u2019ensemble du corps sera convoqu\u00e9. Ce travail sera\u00a0l\u2019occasion de s\u2019interroger sur : la question de la repr\u00e9sentation du geste en art, la notion\u00a0de forme-biblioth\u00e8que et sur les formes d\u00eetes \u00ab chorales \u00bb ou collectives.<\/p>\n<p>Syst\u00e8mes de notation et de captations, sauvegardes et archivages, transmission et contagion\u00a0du geste seront au c\u0153ur de votre recherche.<\/p>\n<p>Nous nous appuierons pour cela sur la danse Indienne du Kerala ; sur les documents visuels\u00a0de l\u2019artiste-chercheur en anthropologie Anne Dubos que nous accueillons cette ann\u00e9e\u00a0\u00e0 l\u2019ENSCI-Les Ateliers. Des documents : des dessins, photographies, vid\u00e9o qui nous\u00a0servirons de base pour aborder\u00a0la\u00a0recherche dans le studio.<\/p>\n<p>La recherche se d\u00e9roulera en trois temps :<\/p>\n<p>1\/ le temps des ateliers et de la production des formes :<\/p>\n<p>les ateliers seront organis\u00e9s en 4 groupes de recherche :<\/p>\n<p>. la cr\u00e9ation d\u2019atlas du geste,<\/p>\n<p>. la cr\u00e9ation de sc\u00e9narios de contagion des gestes,<\/p>\n<p>. une recherche sur l\u2019\u00e9criture du geste : de la notation \u00e0 la partition,<\/p>\n<p>. une recherche sur la conception d\u2019avatars.<\/p>\n<p>2\/ le temps de l&rsquo;organisation de la biblioth\u00e8que : rassemblement de toutes le formes produites. D\u00e9finition et cr\u00e9ation du mode d\u2019archivage, de la classification, des nomenclatures.<\/p>\n<p>3\/ le temps de la conception de l&rsquo;exposition :<br \/>\nSelon une cartographie du d\u00e9placement du spectateur, on veillera \u00e0 inventer de nouveaux\u00a0paysages sc\u00e9nographiques ou comment r\u00e9fl\u00e9chir<br \/>\n\u00e0 de nouveaux dispositifs d\u2019exposition\u00a0qui mettent en sc\u00e8ne toutes les formes produites.<\/p>\n<p>Entre formes chorales, formes de geste et formes d\u2019archive ce semestre sera aussi l\u2019occasion\u00a0de d\u00e9couvrir la production d\u2019artistes contemporains qui explorent dans leur travail ces\u00a0notions. Nous irons \u00e0 la rencontre de : Christian Boltansky, Antoni Muntadas, Eric\u00a0Duyckaerts, On kawara ou encore Julien Pr\u00e9vieux,&#8230;<\/p>\n<p>Mais la question de la repr\u00e9sentation du geste dans l\u2019art est un sujet r\u00e9current qui traverse\u00a0les \u00e9poques. Une question qui renvoie \u00e0 la fois \u00e0 l\u2019acte de cr\u00e9ation, le geste du peintre\u00a0ou sculpteur et \u00e0 la repr\u00e9sentation du geste \u00e0 travers par exemple des sc\u00e8nes de vie\u00a0quotidiennes. Nous irons aussi \u00e0 la d\u00e9couverte des nouvelles modalit\u00e9s techniques\u00a0de repr\u00e9sentation du geste, des forme en mouvement, apport\u00e9s par la photographie,\u00a0le cin\u00e9ma ou l\u2019ordinateur.<\/p>\n","protected":false},"excerpt":{"rendered":"<p>La contagion du geste M\u00e9thodologie de recherche : L\u2019objectif du semestre est de cr\u00e9er une biblioth\u00e8que de gestes issus de la danse.\u00a0Cette biblioth\u00e8que-installation sera expos\u00e9e et regroupera toutes\u00a0les formes \u00a0imagin\u00e9es par les \u00e9l\u00e8ves du studio de cr\u00e9ation de l&rsquo;ENSCI &#8211;&hellip;<\/p>\n<p class=\"more-link-p\"><a class=\"more-link\" href=\"https:\/\/blog.ensci.com\/phenorama\/studio-de-creation-4\/\">Read more &rarr;<\/a><\/p>\n","protected":false},"author":302,"featured_media":0,"parent":0,"menu_order":0,"comment_status":"open","ping_status":"open","template":"","meta":{"spay_email":"","footnotes":"","_links_to":"","_links_to_target":""},"class_list":["post-1951","page","type-page","status-publish","hentry"],"_links":{"self":[{"href":"https:\/\/blog.ensci.com\/phenorama\/wp-json\/wp\/v2\/pages\/1951","targetHints":{"allow":["GET"]}}],"collection":[{"href":"https:\/\/blog.ensci.com\/phenorama\/wp-json\/wp\/v2\/pages"}],"about":[{"href":"https:\/\/blog.ensci.com\/phenorama\/wp-json\/wp\/v2\/types\/page"}],"author":[{"embeddable":true,"href":"https:\/\/blog.ensci.com\/phenorama\/wp-json\/wp\/v2\/users\/302"}],"replies":[{"embeddable":true,"href":"https:\/\/blog.ensci.com\/phenorama\/wp-json\/wp\/v2\/comments?post=1951"}],"version-history":[{"count":2,"href":"https:\/\/blog.ensci.com\/phenorama\/wp-json\/wp\/v2\/pages\/1951\/revisions"}],"predecessor-version":[{"id":1954,"href":"https:\/\/blog.ensci.com\/phenorama\/wp-json\/wp\/v2\/pages\/1951\/revisions\/1954"}],"wp:attachment":[{"href":"https:\/\/blog.ensci.com\/phenorama\/wp-json\/wp\/v2\/media?parent=1951"}],"curies":[{"name":"wp","href":"https:\/\/api.w.org\/{rel}","templated":true}]}}