{"id":1848,"date":"2015-03-12T11:16:02","date_gmt":"2015-03-12T11:16:02","guid":{"rendered":"http:\/\/blog.ensci.com\/phenorama\/?page_id=1848"},"modified":"2015-05-20T17:15:59","modified_gmt":"2015-05-20T17:15:59","slug":"seance-5","status":"publish","type":"page","link":"https:\/\/blog.ensci.com\/phenorama\/seance-5\/","title":{"rendered":"s\u00e9ance \/ 5"},"content":{"rendered":"<p><strong>Cloture lundi 18 mai 2015 de 17h \u00e0 20h<br \/>\n<\/strong><b>Le projet augment\u00e9e : les enjeux pour une recherche par la cr\u00e9ation<\/b><\/p>\n<p><strong>Intervenants :<\/strong><br \/>\n<strong>. Claire Bailly,\u00a0<\/strong>architecte et urbaniste, enseignante \u00e0 ESA de Montpellier,<br \/>\n<strong>. Armand Behar,\u00a0<\/strong>artiste, responsable ph\u00e9nOrama.<\/p>\n<p><iframe loading=\"lazy\" src=\"https:\/\/drive.google.com\/a\/ensci.com\/file\/d\/0B8zsHAC54bf_WlZCLXZaNGs3RWc\/preview\" width=\"352\" height=\"288\"><\/iframe><\/p>\n<p>Cette s\u00e9ance de cloture fera la synth\u00e8se des 4 s\u00e9ances de s\u00e9minaire et du travail produit par les \u00e9l\u00e8ves dans le studio de \u00a0cr\u00e9ation ph\u00e9nOrama. Nous reviendrons sur la m\u00e9thodologie de recherche propos\u00e9e par Claire Bailly dans le cadre de sa th\u00e8se. Nous tenterons d&rsquo;\u00e9valuer l&rsquo;impact, de ces r\u00e9flexions men\u00e9es par les chercheurs et des\u00a0hypoth\u00e8ses de travail du studio, sur la recherche.<\/p>\n<p>Il s&rsquo;agira aussi de resituer ce travail dans le contexte plus g\u00e9n\u00e9ral d&rsquo;une r\u00e9flexion sur la recherche par la cr\u00e9ation. Une r\u00e9flexion que nous poursuivrons dans le cadre du forum :<br \/>\nEcritures de cr\u00e9ation\/pratique de recherche qui aura lieu le 09 juin 2015 \u00e0 l&rsquo;<a href=\"http:\/\/www.ensci.com\/actualites\/une-actualite\/article\/22091\/\" target=\"_blank\">ENSCI-Les Ateliers<\/a>.<\/p>\n<p>&nbsp;<\/p>\n<p>&nbsp;<\/p>\n","protected":false},"excerpt":{"rendered":"<p>Cloture lundi 18 mai 2015 de 17h \u00e0 20h Le projet augment\u00e9e : les enjeux pour une recherche par la cr\u00e9ation Intervenants : . Claire Bailly,\u00a0architecte et urbaniste, enseignante \u00e0 ESA de Montpellier, . Armand Behar,\u00a0artiste, responsable ph\u00e9nOrama. Cette s\u00e9ance&hellip;<\/p>\n<p class=\"more-link-p\"><a class=\"more-link\" href=\"https:\/\/blog.ensci.com\/phenorama\/seance-5\/\">Read more &rarr;<\/a><\/p>\n","protected":false},"author":302,"featured_media":0,"parent":0,"menu_order":0,"comment_status":"open","ping_status":"open","template":"","meta":{"spay_email":"","footnotes":"","_links_to":"","_links_to_target":""},"class_list":["post-1848","page","type-page","status-publish","hentry"],"_links":{"self":[{"href":"https:\/\/blog.ensci.com\/phenorama\/wp-json\/wp\/v2\/pages\/1848","targetHints":{"allow":["GET"]}}],"collection":[{"href":"https:\/\/blog.ensci.com\/phenorama\/wp-json\/wp\/v2\/pages"}],"about":[{"href":"https:\/\/blog.ensci.com\/phenorama\/wp-json\/wp\/v2\/types\/page"}],"author":[{"embeddable":true,"href":"https:\/\/blog.ensci.com\/phenorama\/wp-json\/wp\/v2\/users\/302"}],"replies":[{"embeddable":true,"href":"https:\/\/blog.ensci.com\/phenorama\/wp-json\/wp\/v2\/comments?post=1848"}],"version-history":[{"count":7,"href":"https:\/\/blog.ensci.com\/phenorama\/wp-json\/wp\/v2\/pages\/1848\/revisions"}],"predecessor-version":[{"id":1937,"href":"https:\/\/blog.ensci.com\/phenorama\/wp-json\/wp\/v2\/pages\/1848\/revisions\/1937"}],"wp:attachment":[{"href":"https:\/\/blog.ensci.com\/phenorama\/wp-json\/wp\/v2\/media?parent=1848"}],"curies":[{"name":"wp","href":"https:\/\/api.w.org\/{rel}","templated":true}]}}