{"id":1798,"date":"2015-02-13T17:00:58","date_gmt":"2015-02-13T17:00:58","guid":{"rendered":"http:\/\/blog.ensci.com\/phenorama\/?page_id=1798"},"modified":"2015-03-09T08:57:39","modified_gmt":"2015-03-09T08:57:39","slug":"seance-2","status":"publish","type":"page","link":"https:\/\/blog.ensci.com\/phenorama\/seance-2\/","title":{"rendered":"s\u00e9ance \/ 2"},"content":{"rendered":"<p>s\u00e9minaire de recherche ville inform\u00e9e &#8211; forme de ville<\/p>\n<p><strong>lundi 23 f\u00e9vrier 2015 de 17h \u00e0 20h<\/strong><\/p>\n<p>2. La production des donn\u00e9es, leur acquisition, transformation, interpr\u00e9tation, tra\u00e7abilit\u00e9<\/p>\n<p>Intervenants :<br \/>\n<strong>. J\u00e9r\u00f4me Denis,<\/strong> sociologue Maitre de conf\u00e9rence sociologie Telecom Paris-tech,<br \/>\n<strong>. Olivier Scheffer,<\/strong> directeur d\u00e9partement recherche agence XTU,<br \/>\n<strong>. Chlo\u00e9 Adelheim,<\/strong> \u00e9l\u00e8ve Ensci\/les ateliers studio de cr\u00e9ation ph\u00e9nOrama.<\/p>\n<p>ECOUTER LE SEMINAIRE<br \/>\n<iframe loading=\"lazy\" src=\"https:\/\/drive.google.com\/a\/ensci.com\/file\/d\/0B8zsHAC54bf_aWdyTzc1SHBUUVk\/preview\" width=\"352\" height=\"288\"><\/iframe><\/p>\n<p>Fa\u00e7onner les donn\u00e9es de la ville de <strong>J\u00e9r\u00f4me Denis<\/strong><\/p>\n<p>Depuis quelques ann\u00e9es les donn\u00e9es ont pris une place consid\u00e9rable dans les m\u00e9dias et dans la presse sp\u00e9cialis\u00e9e, pr\u00e9sent\u00e9es \u00e0 la fois comme ressources quasi naturelles dont il faudrait exploiter les gisements et comme instruments de profondes transformations politiques, scientifiques et \u00e9conomiques. Toutefois, dans les discours qui constatent cette \u00ab r\u00e9volution des donn\u00e9es \u00bb, ce sont surtout leurs usages et de leurs potentialit\u00e9s qui sont mis en avant et interrog\u00e9s, beaucoup plus rarement les conditions concr\u00e8tes de leur production et de leur circulation. C\u2019est ce versant des donn\u00e9es de la ville que je propose d\u2019explorer dans cette pr\u00e9sentation.<br \/>\nJe reviendrai d\u2019abord sur ce que les science and technology studies nous ont appris \u00e0 propos des donn\u00e9es scientifiques pour rappeler que les donn\u00e9es ne sont ni fluides par \u00ab nature \u00bb ni pr\u00e9-interpr\u00e9tatives : leur circulation provoque des frictions, et elles sont toujours ancr\u00e9es dans des probl\u00e9matiques sp\u00e9cifiques, calibr\u00e9es, d\u00e9j\u00e0 orient\u00e9es. Leur partage et leur diffusion ne sont donc jamais des op\u00e9rations compl\u00e8tement transparentes. Je pr\u00e9senterai ensuite deux enqu\u00eates r\u00e9centes pour montrer les enjeux de la production m\u00eame des donn\u00e9es et souligner l\u2019int\u00e9r\u00eat que repr\u00e9sente cette \u00e9tape qui reste largement m\u00e9connue. Et si, plut\u00f4t que se limiter \u00e0 imaginer des usages innovants des donn\u00e9es, les innovateurs s\u2019invitaient dans les processus de leur co-production ?<\/p>\n<p>A propos de J\u00e9r\u00f4me Denis :\u00a0\u00a0\u00a0<a href=\"http:\/\/ses.telecom-paristech.fr\/denis\/\" target=\"_blank\">telecom-paristech.fr<\/a>\u00a0 et \u00a0<a href=\"http:\/\/www.scriptopolis.fr\" target=\"_blank\">scriptopolis<\/a><\/p>\n<p>L&rsquo;activation des donn\u00e9es urbaines et environnementales au service de formes<br \/>\nurbaines contextuelles et performancielles\u00a0de <strong>Olivier Scheffer<\/strong><\/p>\n<div class=\"page\" title=\"Page 5\">\n<div class=\"layoutArea\">\n<div class=\"column\">\n<div>Les formes des b\u00e2timents r\u00e9sultent de multiples contraintes culturelles, r\u00e9glementaires, \u00e9conomiques et programmatiques &#8211; voire de plus en plus environnementales &#8211; dont l&rsquo;architecte doit assurer la synth\u00e8se cr\u00e9ative. Selon la logique dominante, elle pourra aboutir \u00e0 des b\u00e2timents contextuels &#8211; ou non, du style international de bureaux \u00e0 l&rsquo;ovni de l&rsquo;architecte star.<\/div>\n<div>La convergence du BIM (Building Information Model\/Management), bient\u00f4t obligatoire en France et d\u00e9j\u00e0 dans certains pays comme la Cor\u00e9e, de la CAO param\u00e9trique, h\u00e9rit\u00e9e de l&rsquo;industrie a\u00e9ronautique, et des solutions d&rsquo;optimisation multi-objectifs \/ multi-crit\u00e8res, laisse entrevoir aujourd&rsquo;hui des processus d&rsquo;exploration de formes hyper-contextuelles et performancielles, que j&rsquo;illustrerai par un cas exp\u00e9rimental concret. (<a href=\"http:\/\/www.ensci.com\/uploads\/media\/etude_Olivier_Scheffer.pdf\" target=\"_blank\">lire<\/a>\u00a0m\u00e9moire post-dipl\u00f4me Cr\u00e9ation et Technologie Contemporaine \/Ensci-Les ateliers)<\/div>\n<div><\/div>\n<div>A propos d&rsquo;Olivier Scheffer : <a href=\"http:\/\/www.x-tu.com\" target=\"_blank\">agence d&rsquo;architecture xtu<\/a> et\u00a0<a href=\"http:\/\/www.lecourrierdelarchitecte.com\/article_4443\" target=\"_blank\">lecourrierdelarchitecte.com<\/a><\/div>\n<\/div>\n<\/div>\n<\/div>\n<p>Beautiful Oslo de <strong>Chlo\u00e9 Adelheim<br \/>\n<\/strong><br \/>\nLa m\u00e9thodologie de recherche mise en place dans le studio de cr\u00e9ation ph\u00e9nOrama m\u2019a donn\u00e9 envie de me pencher sur la ville d\u2019Oslo. Cette ville intrigue ou fascine par son avanc\u00e9e sociale et \u00e9cologique. Elle a la bonne r\u00e9putation des villes scandinaves.<br \/>\nLes chiffres et statistiques collect\u00e9s m\u2019ont confirm\u00e9 ce ressenti. Premi\u00e8re ville verte d\u2019europe en ce qui concerne les \u00e9missions de CO2, parmi les premi\u00e8res villes \u00e0 avoir accord\u00e9 le droit de vote aux femmes,\u2026 La ville s\u2019impose en mod\u00e8le sur bien des aspects. Les images de la ville, captur\u00e9es cet \u00e9t\u00e9 lors de mon premier s\u00e9jour \u00e0 Oslo, sont donn\u00e9es \u00e0 voir \u00e0 travers le filtre de ces statistiques id\u00e9ales. Partant de cette collecte statistique et iconographique, je me suis demand\u00e9e quel pourrait \u00eatre l\u2019Oslo de demain, dans le meilleur des sc\u00e9narii. Me jouant du fantasme scandinave, j\u2019ai pos\u00e9 la question \u00e0 des norv\u00e9giens:<\/p>\n<p>Comment serait Oslo dans un futur id\u00e9al ? Et si la ville devenait le champ d\u2019exp\u00e9rimentation, la concr\u00e9tisation d\u2019une utopie sociale et \u00e9cologique\u2026 Les portraits sont ceux des norv\u00e9giens qui ont t\u00e9moign\u00e9. Le pouvoir d\u00e9r\u00e9alisant de la peinture donne \u00e0 voir une certaine image de la vie \u00e0 la norv\u00e9gienne. Avec les broderies, j\u2019ai voulu capter l\u2019essence de ces t\u00e9moignages en projetant sur des images de la ville d\u2019aujourd\u2019hui leur vision fantasm\u00e9e de la ville de demain. \u00bb<br \/>\n<img loading=\"lazy\" decoding=\"async\" class=\"alignleft wp-image-1804 \" src=\"http:\/\/blog.ensci.com\/phenorama\/files\/2015\/02\/SCAN0187-785x595.jpg\" alt=\"chloe adelheime phenOrama\" width=\"681\" height=\"515\" \/><\/p>\n<p>&nbsp;<\/p>\n<p><img loading=\"lazy\" decoding=\"async\" class=\"alignleft wp-image-1805 \" src=\"http:\/\/blog.ensci.com\/phenorama\/files\/2015\/02\/SCAN0190-785x1000.jpg\" alt=\"SCAN0190\" width=\"681\" height=\"867\" srcset=\"https:\/\/blog.ensci.com\/phenorama\/files\/2015\/02\/SCAN0190-785x1000.jpg 785w, https:\/\/blog.ensci.com\/phenorama\/files\/2015\/02\/SCAN0190-235x300.jpg 235w, https:\/\/blog.ensci.com\/phenorama\/files\/2015\/02\/SCAN0190.jpg 1632w\" sizes=\"auto, (max-width: 681px) 100vw, 681px\" \/><\/p>\n<p><img loading=\"lazy\" decoding=\"async\" class=\"alignleft wp-image-1806 \" src=\"http:\/\/blog.ensci.com\/phenorama\/files\/2015\/02\/SCAN0191-785x608.jpg\" alt=\"SCAN0191\" width=\"680\" height=\"526\" srcset=\"https:\/\/blog.ensci.com\/phenorama\/files\/2015\/02\/SCAN0191-785x608.jpg 785w, https:\/\/blog.ensci.com\/phenorama\/files\/2015\/02\/SCAN0191-300x232.jpg 300w\" sizes=\"auto, (max-width: 680px) 100vw, 680px\" \/><\/p>\n<p><img loading=\"lazy\" decoding=\"async\" class=\"alignleft wp-image-1807 \" src=\"http:\/\/blog.ensci.com\/phenorama\/files\/2015\/02\/SCAN0198-718x1024.jpg\" alt=\"SCAN0198\" width=\"680\" height=\"970\" srcset=\"https:\/\/blog.ensci.com\/phenorama\/files\/2015\/02\/SCAN0198-718x1024.jpg 718w, https:\/\/blog.ensci.com\/phenorama\/files\/2015\/02\/SCAN0198-210x300.jpg 210w, https:\/\/blog.ensci.com\/phenorama\/files\/2015\/02\/SCAN0198.jpg 1696w\" sizes=\"auto, (max-width: 680px) 100vw, 680px\" \/><\/p>\n<p>&nbsp;<\/p>\n<p>&nbsp;<\/p>\n<p>&nbsp;<\/p>\n<p>&nbsp;<\/p>\n<p>&nbsp;<\/p>\n<p>&nbsp;<\/p>\n<p>&nbsp;<\/p>\n<p>&nbsp;<\/p>\n<p>&nbsp;<\/p>\n<p>&nbsp;<\/p>\n<p>&nbsp;<\/p>\n<p>&nbsp;<\/p>\n<p>&nbsp;<\/p>\n<p>&nbsp;<\/p>\n<p>&nbsp;<\/p>\n<p>&nbsp;<\/p>\n<p>&nbsp;<\/p>\n","protected":false},"excerpt":{"rendered":"<p>s\u00e9minaire de recherche ville inform\u00e9e &#8211; forme de ville lundi 23 f\u00e9vrier 2015 de 17h \u00e0 20h 2. La production des donn\u00e9es, leur acquisition, transformation, interpr\u00e9tation, tra\u00e7abilit\u00e9 Intervenants : . J\u00e9r\u00f4me Denis, sociologue Maitre de conf\u00e9rence sociologie Telecom Paris-tech, .&hellip;<\/p>\n<p class=\"more-link-p\"><a class=\"more-link\" href=\"https:\/\/blog.ensci.com\/phenorama\/seance-2\/\">Read more &rarr;<\/a><\/p>\n","protected":false},"author":302,"featured_media":0,"parent":0,"menu_order":0,"comment_status":"open","ping_status":"open","template":"","meta":{"spay_email":"","footnotes":"","_links_to":"","_links_to_target":""},"class_list":["post-1798","page","type-page","status-publish","hentry"],"_links":{"self":[{"href":"https:\/\/blog.ensci.com\/phenorama\/wp-json\/wp\/v2\/pages\/1798","targetHints":{"allow":["GET"]}}],"collection":[{"href":"https:\/\/blog.ensci.com\/phenorama\/wp-json\/wp\/v2\/pages"}],"about":[{"href":"https:\/\/blog.ensci.com\/phenorama\/wp-json\/wp\/v2\/types\/page"}],"author":[{"embeddable":true,"href":"https:\/\/blog.ensci.com\/phenorama\/wp-json\/wp\/v2\/users\/302"}],"replies":[{"embeddable":true,"href":"https:\/\/blog.ensci.com\/phenorama\/wp-json\/wp\/v2\/comments?post=1798"}],"version-history":[{"count":18,"href":"https:\/\/blog.ensci.com\/phenorama\/wp-json\/wp\/v2\/pages\/1798\/revisions"}],"predecessor-version":[{"id":1837,"href":"https:\/\/blog.ensci.com\/phenorama\/wp-json\/wp\/v2\/pages\/1798\/revisions\/1837"}],"wp:attachment":[{"href":"https:\/\/blog.ensci.com\/phenorama\/wp-json\/wp\/v2\/media?parent=1798"}],"curies":[{"name":"wp","href":"https:\/\/api.w.org\/{rel}","templated":true}]}}