{"id":1761,"date":"2015-02-05T15:13:19","date_gmt":"2015-02-05T15:13:19","guid":{"rendered":"http:\/\/blog.ensci.com\/phenorama\/?page_id=1761"},"modified":"2015-03-31T08:35:34","modified_gmt":"2015-03-31T08:35:34","slug":"seance-1","status":"publish","type":"page","link":"https:\/\/blog.ensci.com\/phenorama\/seance-1\/","title":{"rendered":"s\u00e9ance \/ 1"},"content":{"rendered":"<p><strong>s\u00e9minaire\u00a0de recherche ville inform\u00e9e &#8211; forme de ville<br \/>\n<\/strong><\/p>\n<p><strong>jeudi 29 janvier 2015 de 17h \u00e0 20h<br \/>\n<\/strong><b>1. L\u2019utilisation de la donn\u00e9e pour agir\u00a0<\/b><\/p>\n<p><b>Intervenants :<br \/>\n<\/b><b>. Manuel Zacklad,\u00a0<\/b>professeur CNAM, directeur laboratoire Dicen-Idf<b><br \/>\n<\/b><strong>. Fran\u00e7ois Brument,\u00a0<\/strong>designer Agence In-flexions<br \/>\n<strong>.\u00a0Nicolas Peugnet,\u00a0<\/strong>\u00a0\u00e9l\u00e8ve Ensci\/les ateliers\u00a0<a href=\"http:\/\/blog.ensci.com\/phenorama\/?p=1729\" target=\"_blank\">travaux du studio de cr\u00e9ation ph\u00e9nOrama<\/a><\/p>\n<p>Ville digitale, ville document\u00e9e : documentalit\u00e9 et urbanit\u00e9 m\u00e9diatis\u00e9e de\u00a0<strong>Manuel Zacklad<\/strong><\/p>\n<p>\u00c9COUTER LE SEMINAIRE :<br \/>\n<video controls=\"controls\" width=\"352\" height=\"288\"><source src=\"\/blog\/wp-content\/blogs.dir\/30\/files\/2015\/01\/seminaire-phenorama.3gp\" \/><\/video><\/p>\n<p>Nous analyserons la ville digitale comme une ville document\u00e9e, souvent en temps r\u00e9el, au b\u00e9n\u00e9fice\u00a0des activit\u00e9s de ses usagers et de ses gestionnaires. Pour analyser cette documentation num\u00e9rique,\u00a0qui est selon nous au c\u0153ur de toutes les applications informatiques qui valorisent les contenus dynamiques selon diff\u00e9rents registres de repr\u00e9sentation, nous utiliserons notre cadre d\u2019analyse\u00a0des r\u00e9gimes de documentalit\u00e9. Ces r\u00e9gimes de documentalit\u00e9, l\u2019interactivit\u00e9, la conversationnalit\u00e9,\u00a0la r\u00e9f\u00e9rentialit\u00e9, la fragmentation\u2026 permettent la r\u00e9alisation de nouvelles dialogies, de nouveaux types de coop\u00e9ration, de nouvelles formes d\u2019urbanit\u00e9 m\u00e9diatis\u00e9e. Ils sont sous-tendus par des syst\u00e8mes d\u2019organisation des connaissances, qui structurent les repr\u00e9sentations et les interactions. Nous rappellerons \u00e0 cette occasion que les donn\u00e9es num\u00e9riques sont toujours sous-tendues par des mod\u00e8les\u00a0et que ces mod\u00e8les sont eux-m\u00eames li\u00e9es \u00e0 une \u00ab organisation des connaissances \u00bb, c\u2019est-\u00e0-dire \u00e0 des dispositifs de cat\u00e9gorisation culturellement, \u00e9conomiquement, politiquement situ\u00e9es.<\/p>\n<p>A propos de Manuel Zacklad :<a href=\"https:\/\/cnam.academia.edu\/ManuelZacklad\" target=\"_blank\">\u00a0cnam.academia.edu<\/a><\/p>\n<p>Montrer la donn\u00e9e : l&rsquo;horloge \u00e9nerg\u00e9tique de\u00a0<strong>Fran\u00e7ois Brument<\/strong><\/p>\n<p>La repr\u00e9sentation, la datavisualisation, des big data constitue un enjeu majeur dans l\u2019analyse et la compr\u00e9hension des informations collect\u00e9es. A qui s\u2019adresse t\u2019on\u00a0?\u00a0Que montre t\u2019on\u00a0? Dans quel but\u00a0? \u2026\u00a0Du point de vue du designer la compr\u00e9hension et la mise en forme des donn\u00e9es permettent d\u2019\u00e9tudier les usages individuels et collectifs dans le temps et l\u2019espace. Dans le cadre des projets d\u2019horloges \u00e9nerg\u00e9tiques d\u00e9velopp\u00e9es avec EDF, c\u2019est sp\u00e9cifiquement l\u2019association des donn\u00e9es de consommations \u00e9lectriques \u00e0 diff\u00e9rents moments de la journ\u00e9e qui permettent \u00e0 l\u2019utilisateur de comprendre et de projeter son usage de l\u2019\u00e9lectricit\u00e9, tout d\u2019abord chez lui mais par extension dans son environnement collectif.<\/p>\n<p>Au travers d\u2019une s\u00e9lection de projets du studio In-Flexions, Fran\u00e7ois Brument exposera diff\u00e9rentes approches de la repr\u00e9sentation de donn\u00e9es.<\/p>\n<p>A propos de Fran\u00e7ois Brument :\u00a0<a href=\"http:\/\/in-flexions.com\/\" target=\"_blank\">in-flexions<\/a><\/p>\n<p><strong>L&rsquo;Horloge \u00e9nerg\u00e9tique EDF R&amp;D<\/strong><\/p>\n<p><a href=\"http:\/\/blog.ensci.com\/phenorama\/seance-1\/he011\/\" rel=\"attachment wp-att-1767\"><img loading=\"lazy\" decoding=\"async\" class=\"alignleft wp-image-1767 size-medium\" src=\"http:\/\/blog.ensci.com\/phenorama\/files\/2015\/02\/HE011-300x240.jpg\" alt=\"HE011\" width=\"300\" height=\"240\" srcset=\"https:\/\/blog.ensci.com\/phenorama\/files\/2015\/02\/HE011-300x240.jpg 300w, https:\/\/blog.ensci.com\/phenorama\/files\/2015\/02\/HE011.jpg 600w\" sizes=\"auto, (max-width: 300px) 100vw, 300px\" \/><\/a><\/p>\n<p><a href=\"http:\/\/blog.ensci.com\/phenorama\/seance-1\/he03\/\" rel=\"attachment wp-att-1766\"><img loading=\"lazy\" decoding=\"async\" class=\"alignleft wp-image-1766 size-medium\" src=\"http:\/\/blog.ensci.com\/phenorama\/files\/2015\/02\/HE03-300x240.jpg\" alt=\"HE03\" width=\"300\" height=\"240\" srcset=\"https:\/\/blog.ensci.com\/phenorama\/files\/2015\/02\/HE03-300x240.jpg 300w, https:\/\/blog.ensci.com\/phenorama\/files\/2015\/02\/HE03.jpg 600w\" sizes=\"auto, (max-width: 300px) 100vw, 300px\" \/><\/a><\/p>\n<p>&nbsp;<\/p>\n<p>&nbsp;<\/p>\n<p>&nbsp;<\/p>\n<p>&nbsp;<\/p>\n<p>&nbsp;<\/p>\n<p>&nbsp;<\/p>\n<p>&nbsp;<\/p>\n<p><a href=\"http:\/\/blog.ensci.com\/phenorama\/seance-1\/watttimenational01\/\" rel=\"attachment wp-att-1769\"><img loading=\"lazy\" decoding=\"async\" class=\"alignleft size-full wp-image-1769\" src=\"http:\/\/blog.ensci.com\/phenorama\/files\/2015\/02\/WattTimeNational01.jpg\" alt=\"WattTimeNational01\" width=\"600\" height=\"480\" srcset=\"https:\/\/blog.ensci.com\/phenorama\/files\/2015\/02\/WattTimeNational01.jpg 600w, https:\/\/blog.ensci.com\/phenorama\/files\/2015\/02\/WattTimeNational01-300x240.jpg 300w\" sizes=\"auto, (max-width: 600px) 100vw, 600px\" \/><\/a><\/p>\n<p>&nbsp;<\/p>\n<p>&nbsp;<\/p>\n<p>&nbsp;<\/p>\n<p>&nbsp;<\/p>\n<p>&nbsp;<\/p>\n<p>&nbsp;<\/p>\n<p>&nbsp;<\/p>\n<p>&nbsp;<\/p>\n<p>&nbsp;<\/p>\n<p>&nbsp;<\/p>\n<p>&nbsp;<\/p>\n<p>&nbsp;<\/p>\n<p>&nbsp;<\/p>\n<p>&nbsp;<\/p>\n<p>&nbsp;<\/p>\n<p>&nbsp;<\/p>\n<p>&nbsp;<\/p>\n<p><strong>l&rsquo;Habitat imprim\u00e9, carte blanche du via 2013\u00a0<\/strong><\/p>\n<p><a href=\"http:\/\/blog.ensci.com\/phenorama\/seance-1\/habitatimprime04\/\" rel=\"attachment wp-att-1764\"><img loading=\"lazy\" decoding=\"async\" class=\"alignleft wp-image-1764 size-medium\" src=\"http:\/\/blog.ensci.com\/phenorama\/files\/2015\/02\/HabitatImprime04-300x240.jpg\" alt=\"HabitatImprime04\" width=\"300\" height=\"240\" srcset=\"https:\/\/blog.ensci.com\/phenorama\/files\/2015\/02\/HabitatImprime04-300x240.jpg 300w, https:\/\/blog.ensci.com\/phenorama\/files\/2015\/02\/HabitatImprime04.jpg 600w\" sizes=\"auto, (max-width: 300px) 100vw, 300px\" \/><\/a> <a href=\"http:\/\/blog.ensci.com\/phenorama\/seance-1\/habitatimprime03\/\" rel=\"attachment wp-att-1763\"><img loading=\"lazy\" decoding=\"async\" class=\"alignleft wp-image-1763 size-medium\" src=\"http:\/\/blog.ensci.com\/phenorama\/files\/2015\/02\/HabitatImprime03-300x240.jpg\" alt=\"HabitatImprime03\" width=\"300\" height=\"240\" srcset=\"https:\/\/blog.ensci.com\/phenorama\/files\/2015\/02\/HabitatImprime03-300x240.jpg 300w, https:\/\/blog.ensci.com\/phenorama\/files\/2015\/02\/HabitatImprime03.jpg 600w\" sizes=\"auto, (max-width: 300px) 100vw, 300px\" \/><\/a><\/p>\n<p>&nbsp;<\/p>\n<p>&nbsp;<\/p>\n<p>&nbsp;<\/p>\n<p>&nbsp;<\/p>\n","protected":false},"excerpt":{"rendered":"<p>s\u00e9minaire\u00a0de recherche ville inform\u00e9e &#8211; forme de ville jeudi 29 janvier 2015 de 17h \u00e0 20h 1. L\u2019utilisation de la donn\u00e9e pour agir\u00a0 Intervenants : . Manuel Zacklad,\u00a0professeur CNAM, directeur laboratoire Dicen-Idf . Fran\u00e7ois Brument,\u00a0designer Agence In-flexions .\u00a0Nicolas Peugnet,\u00a0\u00a0\u00e9l\u00e8ve Ensci\/les&hellip;<\/p>\n<p class=\"more-link-p\"><a class=\"more-link\" href=\"https:\/\/blog.ensci.com\/phenorama\/seance-1\/\">Read more &rarr;<\/a><\/p>\n","protected":false},"author":302,"featured_media":0,"parent":0,"menu_order":0,"comment_status":"open","ping_status":"open","template":"","meta":{"spay_email":"","footnotes":"","_links_to":"","_links_to_target":""},"class_list":["post-1761","page","type-page","status-publish","hentry"],"_links":{"self":[{"href":"https:\/\/blog.ensci.com\/phenorama\/wp-json\/wp\/v2\/pages\/1761","targetHints":{"allow":["GET"]}}],"collection":[{"href":"https:\/\/blog.ensci.com\/phenorama\/wp-json\/wp\/v2\/pages"}],"about":[{"href":"https:\/\/blog.ensci.com\/phenorama\/wp-json\/wp\/v2\/types\/page"}],"author":[{"embeddable":true,"href":"https:\/\/blog.ensci.com\/phenorama\/wp-json\/wp\/v2\/users\/302"}],"replies":[{"embeddable":true,"href":"https:\/\/blog.ensci.com\/phenorama\/wp-json\/wp\/v2\/comments?post=1761"}],"version-history":[{"count":19,"href":"https:\/\/blog.ensci.com\/phenorama\/wp-json\/wp\/v2\/pages\/1761\/revisions"}],"predecessor-version":[{"id":1894,"href":"https:\/\/blog.ensci.com\/phenorama\/wp-json\/wp\/v2\/pages\/1761\/revisions\/1894"}],"wp:attachment":[{"href":"https:\/\/blog.ensci.com\/phenorama\/wp-json\/wp\/v2\/media?parent=1761"}],"curies":[{"name":"wp","href":"https:\/\/api.w.org\/{rel}","templated":true}]}}