{"id":172,"date":"2012-11-12T12:18:05","date_gmt":"2012-11-12T12:18:05","guid":{"rendered":"http:\/\/blog.ensci.com\/phenorama\/?page_id=172"},"modified":"2013-03-06T10:14:55","modified_gmt":"2013-03-06T10:14:55","slug":"experimentations","status":"publish","type":"page","link":"https:\/\/blog.ensci.com\/phenorama\/experimentations\/","title":{"rendered":"studio de cr\u00e9ation"},"content":{"rendered":"<p>Th\u00e8me de la recherche : formes d&rsquo;usage<br \/>\nOeuvre utilisable, manipulable, oeuvre participative ou consultable, relationnelle ou \u00ab on demand \u00bb beaucoup d&rsquo;expressions qui montrent que l&rsquo;art n&rsquo;est pas indiff\u00e9rent \u00e0 la question de l&rsquo;usage.<br \/>\nLe fameux \u00ab ne pas toucher \u00bb plac\u00e9 \u00e0 c\u00f4t\u00e9 des oeuvres dans les mus\u00e9es a \u00e9t\u00e9 \u00e0 plusieurs reprises bouscul\u00e9 par les artistes modernes dans le cadre du processus de d\u00e9sacralisation de l&rsquo;oeuvre d&rsquo;art au XX\u00e8me si\u00e8cle.<br \/>\nInaugur\u00e9e par Duchamp et ses ready-made cette question est r\u00e9apparue dans les ann\u00e9es 60 avec notamment le groupe Fluxus et puis dans les ann\u00e9es 90 avec l&rsquo;esth\u00e9tique relationnelle th\u00e9oris\u00e9e par Nicolas Bourriaud.<br \/>\nAinsi, la question de l&rsquo;usage dans l&rsquo;art contemporain et son rapport \u00e0 la forme est un sujet \u00e0 rebondissement. Cette question est bien souvent indissociable de l&rsquo;\u00e9volution et de la progression de l&rsquo;industrie que les travaux des artistes interrogent.<br \/>\nDans les ann\u00e9es 1900 Duchamp questionnait le rapport forme\/fonction en jouant de la d\u00e9contextualisation, aujourd&rsquo;hui Nicolas Bourriaud \u00e9crit \u00e0 propos du travail Cosmos de Boris Achour \u00ab l\u2019artiste s\u2019approprie les produits et objets de la vie quotidienne pour les faire fonctionner autrement, imaginant des liens comme un websurfer ou un Dj qui inventerait des itin\u00e9raires \u00e0 l\u2019int\u00e9rieur d\u2019un r\u00e9seau d\u2019objets r\u00e9alis\u00e9s par d\u2019autres. \u00bb<br \/>\nCette appropriation par les artistes de la question de l&rsquo;usage prise \u00e0 la fois comme action et comme r\u00e8gles usuelles fait bien \u00e9videmment \u00e9cho<br \/>\nau design. Et le design est bien \u00e9videmment aussi travailler par ces bouleversements industriels. Une industrie qui est pass\u00e9 de la manufacture qui produisait des objets o\u00f9 la forme et la fonction \u00e9taient tr\u00e8s \u00e9troitement li\u00e9es, \u00e0 une industrie qui aujourd&rsquo;hui met en sc\u00e8ne notre rapport \u00e0 l&rsquo;usage \u00e0 travers des objets produits porteurs d&rsquo;histoire, des objets qui ne sont plus que des lieux de transit.<br \/>\nA partir de points de vue totalement diff\u00e9rents, voir oppos\u00e9s, artistes et designers se retrouvent ainsi \u00e0 travailler \u00e0 une nouvelle articulation du rapport<br \/>\nde la forme produite avec la soci\u00e9t\u00e9, une nouvelle fa\u00e7on de remettre en lien ces formes avec leur contexte d&rsquo;apparition.<br \/>\nLors de ce semestre nous travaillerons ainsi \u00e0 la cr\u00e9ation de propositions artistiques : installations, performances, vid\u00e9o,&#8230; qui r\u00e9inventent<br \/>\nle rapport de la forme \u00e0 la fonction par la cr\u00e9ation d&rsquo;objets porteur d&rsquo;usages qui renvoient \u00e0 une fiction, cr\u00e9ation d&rsquo;actions<br \/>\nqui g\u00e9n\u00e8rent de la forme, cr\u00e9ation de situations qui inventent des comportements ou attitudes,&#8230; nous questionnerons ainsi \u00e0 la fois le design ses liens avec le contexte d&rsquo;utilisation, la soci\u00e9t\u00e9 et l&rsquo;oeuvre d&rsquo;art comme objet autonome, forme \u00e0 contempler hors du monde.<\/p>\n","protected":false},"excerpt":{"rendered":"<p>Th\u00e8me de la recherche : formes d&rsquo;usage Oeuvre utilisable, manipulable, oeuvre participative ou consultable, relationnelle ou \u00ab on demand \u00bb beaucoup d&rsquo;expressions qui montrent que l&rsquo;art n&rsquo;est pas indiff\u00e9rent \u00e0 la question de l&rsquo;usage. Le fameux \u00ab ne pas toucher&hellip;<\/p>\n<p class=\"more-link-p\"><a class=\"more-link\" href=\"https:\/\/blog.ensci.com\/phenorama\/experimentations\/\">Read more &rarr;<\/a><\/p>\n","protected":false},"author":302,"featured_media":0,"parent":0,"menu_order":0,"comment_status":"open","ping_status":"open","template":"","meta":{"spay_email":"","footnotes":"","_links_to":"","_links_to_target":""},"class_list":["post-172","page","type-page","status-publish","hentry"],"_links":{"self":[{"href":"https:\/\/blog.ensci.com\/phenorama\/wp-json\/wp\/v2\/pages\/172","targetHints":{"allow":["GET"]}}],"collection":[{"href":"https:\/\/blog.ensci.com\/phenorama\/wp-json\/wp\/v2\/pages"}],"about":[{"href":"https:\/\/blog.ensci.com\/phenorama\/wp-json\/wp\/v2\/types\/page"}],"author":[{"embeddable":true,"href":"https:\/\/blog.ensci.com\/phenorama\/wp-json\/wp\/v2\/users\/302"}],"replies":[{"embeddable":true,"href":"https:\/\/blog.ensci.com\/phenorama\/wp-json\/wp\/v2\/comments?post=172"}],"version-history":[{"count":7,"href":"https:\/\/blog.ensci.com\/phenorama\/wp-json\/wp\/v2\/pages\/172\/revisions"}],"predecessor-version":[{"id":1018,"href":"https:\/\/blog.ensci.com\/phenorama\/wp-json\/wp\/v2\/pages\/172\/revisions\/1018"}],"wp:attachment":[{"href":"https:\/\/blog.ensci.com\/phenorama\/wp-json\/wp\/v2\/media?parent=172"}],"curies":[{"name":"wp","href":"https:\/\/api.w.org\/{rel}","templated":true}]}}