{"id":1623,"date":"2014-11-17T16:29:48","date_gmt":"2014-11-17T16:29:48","guid":{"rendered":"http:\/\/blog.ensci.com\/phenorama\/?page_id=1623"},"modified":"2014-11-17T18:00:32","modified_gmt":"2014-11-17T18:00:32","slug":"memoire-de-pryen-baptiste","status":"publish","type":"page","link":"https:\/\/blog.ensci.com\/phenorama\/memoire-de-pryen-baptiste\/","title":{"rendered":"m\u00e9moire de Pryen Baptiste"},"content":{"rendered":"<div class=\"page\" title=\"Page 6\">\n<div class=\"section\">\n<div class=\"layoutArea\">\n<div class=\"column\">\n<p><b><i>LE PROCESSUS DE LA TRANSMISSION M\u00c9MORIELLE\u00a0<\/i><\/b><b><i>DES OBJETS TECHNIQUES.\u00a0<\/i><\/b><\/p>\n<p>M\u00e9moire de Pryen Baptiste\u00a0sous la direction de Armand Behar<br \/>\net le soutien de St\u00e9phane Hugon<\/p>\n<p><a href=\"http:\/\/blog.ensci.com\/phenorama\/memoire-de-pryen-baptiste\/memoire-transmission-memorielle-2\/\" rel=\"attachment wp-att-1632\">m\u00e9moire transmission m\u00e9morielle<\/a><\/p>\n<p>En tant que jeune architecte, je me suis sp\u00e9cialis\u00e9 durant mes deux derni\u00e8res ann\u00e9es d\u2019\u00e9tudes au domaine du patrimoine architectural, \u00e0 le comprendre, \u00e0 l\u2019interpr\u00e9ter et \u00e0 analyser les diff\u00e9rentes structures de pr\u00e9servation et de protection et de classification mis en place afin que cet h\u00e9ritage mat\u00e9riel puisse perdurer \u00e0 travers le temps. Ce sujet a d\u2019ailleurs fait l\u2019objet de ma r\u00e9flexion dans le cadre de mon m\u00e9moire de fin d\u2019\u00e9tude dans lequel je me suis plus particuli\u00e8rement int\u00e9ress\u00e9 \u00e0 son devenir dans les villes d\u2019aujourd\u2019hui et de demain face \u00e0 l\u2019architecture contemporaine toujours plus pr\u00e9sente et en particulier en opposant ce patrimoine architectural aux tours, symboles d\u2019un syst\u00e8me \u00e9conomique capitaliste contemporain. !<\/p>\n<p>Ayant int\u00e9grer l\u2019ENSCI cette ann\u00e9e, la prestigieuse \u00e9cole de Design Industriel \u00e0 Paris, j\u2019ai souhait\u00e9 \u00e9largir mon domaine de connaissance en prenant en compte non plus le patrimoine dans le domaine architectural mais dans le domaine du Design o\u00f9 l\u2019on parle de patrimoine d\u2019objet technique. Finalement, le patrimoine peut \u00eatre tout aussi bien la cath\u00e9drale de Notre-Dame de Paris, un monument historique class\u00e9 patrimoine national, ou un violon stradivarius appartenant au domaine de l\u2019art et du patrimoine. Cependant cet essai s\u2019interrogera sur la dimension de la m\u00e9moire et de la transmission qui vient s\u2019ajouter au domaine du patrimoine.<\/p>\n<p>&nbsp;<\/p>\n<\/div>\n<\/div>\n<\/div>\n<\/div>\n<p>&nbsp;<\/p>\n<p>&nbsp;<\/p>\n<p>&nbsp;<\/p>\n","protected":false},"excerpt":{"rendered":"<p>LE PROCESSUS DE LA TRANSMISSION M\u00c9MORIELLE\u00a0DES OBJETS TECHNIQUES.\u00a0 M\u00e9moire de Pryen Baptiste\u00a0sous la direction de Armand Behar et le soutien de St\u00e9phane Hugon m\u00e9moire transmission m\u00e9morielle En tant que jeune architecte, je me suis sp\u00e9cialis\u00e9 durant mes deux derni\u00e8res ann\u00e9es&hellip;<\/p>\n<p class=\"more-link-p\"><a class=\"more-link\" href=\"https:\/\/blog.ensci.com\/phenorama\/memoire-de-pryen-baptiste\/\">Read more &rarr;<\/a><\/p>\n","protected":false},"author":302,"featured_media":0,"parent":0,"menu_order":0,"comment_status":"open","ping_status":"open","template":"","meta":{"spay_email":"","footnotes":"","_links_to":"","_links_to_target":""},"class_list":["post-1623","page","type-page","status-publish","hentry"],"_links":{"self":[{"href":"https:\/\/blog.ensci.com\/phenorama\/wp-json\/wp\/v2\/pages\/1623","targetHints":{"allow":["GET"]}}],"collection":[{"href":"https:\/\/blog.ensci.com\/phenorama\/wp-json\/wp\/v2\/pages"}],"about":[{"href":"https:\/\/blog.ensci.com\/phenorama\/wp-json\/wp\/v2\/types\/page"}],"author":[{"embeddable":true,"href":"https:\/\/blog.ensci.com\/phenorama\/wp-json\/wp\/v2\/users\/302"}],"replies":[{"embeddable":true,"href":"https:\/\/blog.ensci.com\/phenorama\/wp-json\/wp\/v2\/comments?post=1623"}],"version-history":[{"count":6,"href":"https:\/\/blog.ensci.com\/phenorama\/wp-json\/wp\/v2\/pages\/1623\/revisions"}],"predecessor-version":[{"id":1634,"href":"https:\/\/blog.ensci.com\/phenorama\/wp-json\/wp\/v2\/pages\/1623\/revisions\/1634"}],"wp:attachment":[{"href":"https:\/\/blog.ensci.com\/phenorama\/wp-json\/wp\/v2\/media?parent=1623"}],"curies":[{"name":"wp","href":"https:\/\/api.w.org\/{rel}","templated":true}]}}