{"id":1540,"date":"2014-11-12T16:55:13","date_gmt":"2014-11-12T16:55:13","guid":{"rendered":"http:\/\/blog.ensci.com\/phenorama\/?page_id=1540"},"modified":"2014-11-13T08:38:25","modified_gmt":"2014-11-13T08:38:25","slug":"conference-estelle-nabeyrat","status":"publish","type":"page","link":"https:\/\/blog.ensci.com\/phenorama\/conference-estelle-nabeyrat\/","title":{"rendered":"conf\u00e9rence Estelle Nabeyrat"},"content":{"rendered":"<p><strong>Conf\u00e9rence d&rsquo;Estelle Nabeyrat mai 2013 \u00e0 l&rsquo;Ensci\/les ateliers.<\/strong><br \/>\n<iframe loading=\"lazy\" frameborder=\"0\" width=\"560\" height=\"315\" src=\"\/\/www.dailymotion.com\/embed\/video\/x2a2dzw\" allowfullscreen><\/iframe><\/p>\n","protected":false},"excerpt":{"rendered":"<p>Conf\u00e9rence d&rsquo;Estelle Nabeyrat mai 2013 \u00e0 l&rsquo;Ensci\/les ateliers.<\/p>\n<p class=\"more-link-p\"><a class=\"more-link\" href=\"https:\/\/blog.ensci.com\/phenorama\/conference-estelle-nabeyrat\/\">Read more &rarr;<\/a><\/p>\n","protected":false},"author":302,"featured_media":0,"parent":0,"menu_order":0,"comment_status":"open","ping_status":"open","template":"","meta":{"spay_email":"","footnotes":"","_links_to":"","_links_to_target":""},"class_list":["post-1540","page","type-page","status-publish","hentry"],"_links":{"self":[{"href":"https:\/\/blog.ensci.com\/phenorama\/wp-json\/wp\/v2\/pages\/1540","targetHints":{"allow":["GET"]}}],"collection":[{"href":"https:\/\/blog.ensci.com\/phenorama\/wp-json\/wp\/v2\/pages"}],"about":[{"href":"https:\/\/blog.ensci.com\/phenorama\/wp-json\/wp\/v2\/types\/page"}],"author":[{"embeddable":true,"href":"https:\/\/blog.ensci.com\/phenorama\/wp-json\/wp\/v2\/users\/302"}],"replies":[{"embeddable":true,"href":"https:\/\/blog.ensci.com\/phenorama\/wp-json\/wp\/v2\/comments?post=1540"}],"version-history":[{"count":6,"href":"https:\/\/blog.ensci.com\/phenorama\/wp-json\/wp\/v2\/pages\/1540\/revisions"}],"predecessor-version":[{"id":1547,"href":"https:\/\/blog.ensci.com\/phenorama\/wp-json\/wp\/v2\/pages\/1540\/revisions\/1547"}],"wp:attachment":[{"href":"https:\/\/blog.ensci.com\/phenorama\/wp-json\/wp\/v2\/media?parent=1540"}],"curies":[{"name":"wp","href":"https:\/\/api.w.org\/{rel}","templated":true}]}}