{"id":1523,"date":"2014-11-12T14:52:21","date_gmt":"2014-11-12T14:52:21","guid":{"rendered":"http:\/\/blog.ensci.com\/phenorama\/?page_id=1523"},"modified":"2014-11-12T16:14:19","modified_gmt":"2014-11-12T16:14:19","slug":"travaux-studio","status":"publish","type":"page","link":"https:\/\/blog.ensci.com\/phenorama\/travaux-studio\/","title":{"rendered":"travaux studio"},"content":{"rendered":"<p><strong>Roman Weil et Hourcade Sacha<\/strong><\/p>\n<p>Ces deux designers ont travaill\u00e9 sur la notion de taper avec un outil. Consid\u00e9rant l&rsquo;acte de taper comme un geste constitutif<br \/>\nde l&rsquo;histoire humaine. Un geste remontant au temps primitif. Ils ont associ\u00e9 \u00e0 ce geste la notion de cr\u00e9ation, cr\u00e9ation de forme.<br \/>\nTaper pour cr\u00e9er, taper pour repr\u00e9senter,&#8230; Les visiteurs sont invit\u00e9s \u00e0 venir d\u00e9poser de la peinture blanche sur un totem noir.<br \/>\nPour cela ils doivent utiliser des outils dont l&rsquo;usage ce situe \u00e0 mi-chemin entre marteau et pinceau. Il faut taper pour peindre.<\/p>\n<p><a href=\"http:\/\/blog.ensci.com\/phenorama\/travaux-studio\/img_0082\/\" rel=\"attachment wp-att-1524\"><img loading=\"lazy\" decoding=\"async\" class=\"alignleft wp-image-1524 size-large\" src=\"http:\/\/blog.ensci.com\/phenorama\/files\/2014\/11\/IMG_0082-e1415803868844-682x1024.jpg\" alt=\"IMG_0082\" width=\"682\" height=\"1024\" srcset=\"https:\/\/blog.ensci.com\/phenorama\/files\/2014\/11\/IMG_0082-e1415803868844-682x1024.jpg 682w, https:\/\/blog.ensci.com\/phenorama\/files\/2014\/11\/IMG_0082-e1415803868844-200x300.jpg 200w\" sizes=\"auto, (max-width: 682px) 100vw, 682px\" \/><\/a><\/p>\n<p>&nbsp;<\/p>\n<p>&nbsp;<\/p>\n<p>&nbsp;<\/p>\n<p>&nbsp;<\/p>\n<p>&nbsp;<\/p>\n<p>&nbsp;<\/p>\n<p>&nbsp;<\/p>\n<p>&nbsp;<\/p>\n<p>&nbsp;<\/p>\n<p>&nbsp;<\/p>\n<p>&nbsp;<\/p>\n<p>&nbsp;<\/p>\n<p>&nbsp;<\/p>\n<p>&nbsp;<\/p>\n<p>&nbsp;<\/p>\n<p>&nbsp;<\/p>\n<p>&nbsp;<\/p>\n<p>&nbsp;<\/p>\n<p>&nbsp;<\/p>\n<p>&nbsp;<\/p>\n<p>&nbsp;<\/p>\n<p>&nbsp;<\/p>\n<p>&nbsp;<\/p>\n<p>&nbsp;<\/p>\n<p>&nbsp;<\/p>\n<p>&nbsp;<\/p>\n<p>&nbsp;<\/p>\n<p>&nbsp;<\/p>\n<p>&nbsp;<\/p>\n<p>&nbsp;<\/p>\n<p>&nbsp;<\/p>\n<p>&nbsp;<\/p>\n<p>&nbsp;<\/p>\n<p><a href=\"http:\/\/blog.ensci.com\/phenorama\/travaux-studio\/img_0086\/\" rel=\"attachment wp-att-1525\"><img loading=\"lazy\" decoding=\"async\" class=\"alignleft wp-image-1525 size-large\" src=\"http:\/\/blog.ensci.com\/phenorama\/files\/2014\/11\/IMG_0086-785x523.jpg\" alt=\"IMG_0086\" width=\"779\" height=\"519\" srcset=\"https:\/\/blog.ensci.com\/phenorama\/files\/2014\/11\/IMG_0086-785x523.jpg 785w, https:\/\/blog.ensci.com\/phenorama\/files\/2014\/11\/IMG_0086-300x200.jpg 300w\" sizes=\"auto, (max-width: 779px) 100vw, 779px\" \/><\/a><\/p>\n<p>&nbsp;<\/p>\n<p>&nbsp;<\/p>\n<p>&nbsp;<\/p>\n<p>&nbsp;<\/p>\n<p>&nbsp;<\/p>\n<p>&nbsp;<\/p>\n<p>&nbsp;<\/p>\n<p>&nbsp;<\/p>\n<p>&nbsp;<\/p>\n<p>&nbsp;<\/p>\n<p>&nbsp;<\/p>\n<p>&nbsp;<\/p>\n<p>&nbsp;<\/p>\n<p>&nbsp;<\/p>\n<p>&nbsp;<\/p>\n<p>&nbsp;<\/p>\n<p>&nbsp;<\/p>\n<p><a href=\"http:\/\/blog.ensci.com\/phenorama\/travaux-studio\/img_0136\/\" rel=\"attachment wp-att-1526\"><img loading=\"lazy\" decoding=\"async\" class=\"alignleft wp-image-1526 size-large\" src=\"http:\/\/blog.ensci.com\/phenorama\/files\/2014\/11\/IMG_0136-785x523.jpg\" alt=\"IMG_0136\" width=\"779\" height=\"519\" srcset=\"https:\/\/blog.ensci.com\/phenorama\/files\/2014\/11\/IMG_0136-785x523.jpg 785w, https:\/\/blog.ensci.com\/phenorama\/files\/2014\/11\/IMG_0136-300x200.jpg 300w\" sizes=\"auto, (max-width: 779px) 100vw, 779px\" \/><\/a><\/p>\n<p>&nbsp;<\/p>\n<p>&nbsp;<\/p>\n<p>&nbsp;<\/p>\n<p>&nbsp;<\/p>\n<p>&nbsp;<\/p>\n<p>&nbsp;<\/p>\n<p>&nbsp;<\/p>\n<p>&nbsp;<\/p>\n<p>&nbsp;<\/p>\n<p>&nbsp;<\/p>\n<p>&nbsp;<\/p>\n<p>&nbsp;<\/p>\n<p>&nbsp;<\/p>\n<p>&nbsp;<\/p>\n<p>&nbsp;<\/p>\n<p>&nbsp;<\/p>\n<p>&nbsp;<\/p>\n<p><strong>Imram Afzal<\/strong><\/p>\n<p>Imram Azal s&rsquo;est inspir\u00e9 des motifs issus de l&rsquo;art rupestre des r\u00e9gions nord et ouest du Burkina Faso en s&rsquo;appuyant sur la th\u00e8se<br \/>\nen arch\u00e9ologie\u00a0du doctorant\u00a0Yves Sanou. Apr\u00e8s avoir isol\u00e9 ces diff\u00e9rents motifs que l&rsquo;on trouve sur les murs des grottes mais aussi<br \/>\ndes pierres cet \u00e9tudiant en design a cr\u00e9e un jeu en s&rsquo;inspirant du scrabble. Ainsi la signification des motifs n\u00e9e d&rsquo;un assemblage<br \/>\nde\u00a0figures\u00a0grav\u00e9es sur des \u00ab\u00a0cubes\u00a0\u00bb. Un lexique permet de prendre connaissance de chaque signe et d&rsquo;en comprendre le sens.<\/p>\n<p><a href=\"http:\/\/blog.ensci.com\/phenorama\/travaux-studio\/img_0173\/\" rel=\"attachment wp-att-1527\"><img loading=\"lazy\" decoding=\"async\" class=\"alignleft wp-image-1527 size-large\" src=\"http:\/\/blog.ensci.com\/phenorama\/files\/2014\/11\/IMG_0173-785x523.jpg\" alt=\"IMG_0173\" width=\"779\" height=\"519\" srcset=\"https:\/\/blog.ensci.com\/phenorama\/files\/2014\/11\/IMG_0173-785x523.jpg 785w, https:\/\/blog.ensci.com\/phenorama\/files\/2014\/11\/IMG_0173-300x200.jpg 300w\" sizes=\"auto, (max-width: 779px) 100vw, 779px\" \/><\/a><\/p>\n<p>&nbsp;<\/p>\n<p>&nbsp;<\/p>\n<p>&nbsp;<\/p>\n<p>&nbsp;<\/p>\n<p>&nbsp;<\/p>\n<p>&nbsp;<\/p>\n<p>&nbsp;<\/p>\n<p>&nbsp;<\/p>\n<p>&nbsp;<\/p>\n<p>&nbsp;<\/p>\n<p>&nbsp;<\/p>\n<p>&nbsp;<\/p>\n<p>&nbsp;<\/p>\n<p>&nbsp;<\/p>\n<p>&nbsp;<\/p>\n<p>&nbsp;<\/p>\n<p>&nbsp;<\/p>\n<p><a href=\"http:\/\/blog.ensci.com\/phenorama\/travaux-studio\/img_0174\/\" rel=\"attachment wp-att-1528\"><img loading=\"lazy\" decoding=\"async\" class=\"alignleft wp-image-1528 size-large\" src=\"http:\/\/blog.ensci.com\/phenorama\/files\/2014\/11\/IMG_0174-785x523.jpg\" alt=\"IMG_0174\" width=\"779\" height=\"519\" srcset=\"https:\/\/blog.ensci.com\/phenorama\/files\/2014\/11\/IMG_0174-785x523.jpg 785w, https:\/\/blog.ensci.com\/phenorama\/files\/2014\/11\/IMG_0174-300x200.jpg 300w\" sizes=\"auto, (max-width: 779px) 100vw, 779px\" \/><\/a><\/p>\n","protected":false},"excerpt":{"rendered":"<p>Roman Weil et Hourcade Sacha Ces deux designers ont travaill\u00e9 sur la notion de taper avec un outil. Consid\u00e9rant l&rsquo;acte de taper comme un geste constitutif de l&rsquo;histoire humaine. Un geste remontant au temps primitif. Ils ont associ\u00e9 \u00e0 ce&hellip;<\/p>\n<p class=\"more-link-p\"><a class=\"more-link\" href=\"https:\/\/blog.ensci.com\/phenorama\/travaux-studio\/\">Read more &rarr;<\/a><\/p>\n","protected":false},"author":302,"featured_media":0,"parent":0,"menu_order":0,"comment_status":"open","ping_status":"open","template":"","meta":{"spay_email":"","footnotes":"","_links_to":"","_links_to_target":""},"class_list":["post-1523","page","type-page","status-publish","hentry"],"_links":{"self":[{"href":"https:\/\/blog.ensci.com\/phenorama\/wp-json\/wp\/v2\/pages\/1523","targetHints":{"allow":["GET"]}}],"collection":[{"href":"https:\/\/blog.ensci.com\/phenorama\/wp-json\/wp\/v2\/pages"}],"about":[{"href":"https:\/\/blog.ensci.com\/phenorama\/wp-json\/wp\/v2\/types\/page"}],"author":[{"embeddable":true,"href":"https:\/\/blog.ensci.com\/phenorama\/wp-json\/wp\/v2\/users\/302"}],"replies":[{"embeddable":true,"href":"https:\/\/blog.ensci.com\/phenorama\/wp-json\/wp\/v2\/comments?post=1523"}],"version-history":[{"count":8,"href":"https:\/\/blog.ensci.com\/phenorama\/wp-json\/wp\/v2\/pages\/1523\/revisions"}],"predecessor-version":[{"id":1537,"href":"https:\/\/blog.ensci.com\/phenorama\/wp-json\/wp\/v2\/pages\/1523\/revisions\/1537"}],"wp:attachment":[{"href":"https:\/\/blog.ensci.com\/phenorama\/wp-json\/wp\/v2\/media?parent=1523"}],"curies":[{"name":"wp","href":"https:\/\/api.w.org\/{rel}","templated":true}]}}