{"id":1508,"date":"2014-11-07T14:18:12","date_gmt":"2014-11-07T14:18:12","guid":{"rendered":"http:\/\/blog.ensci.com\/phenorama\/?page_id=1508"},"modified":"2014-11-07T14:27:02","modified_gmt":"2014-11-07T14:27:02","slug":"operating-theater-daudrey-cottin","status":"publish","type":"page","link":"https:\/\/blog.ensci.com\/phenorama\/operating-theater-daudrey-cottin\/","title":{"rendered":"operating theater d&rsquo;Audrey Cottin"},"content":{"rendered":"<p>Pour r\u00e9aliser une performance le temps d\u2019une soir\u00e9e, Audrey Cottin souhaite, en collaboration<br \/>\navec Rapha\u00eble Jeune, solliciter la participation active des postdoctorants du Labex Cr\u00e9ation,<br \/>\nArt, Patrimoine, qui seront en contrat en 2013. Il s\u2019agira de proposer \u00e0 ces chercheurs d\u2019\u00e9laborer<br \/>\nune forme collective <em>in situ<\/em>, dans les espaces du centre pompidou, le temps d\u2019une soir\u00e9e, en mettant<br \/>\nen jeu leur champ de recherche respectif dans l\u2019environnement du centre, dans le contexte du labex<br \/>\n(enjeux, strat\u00e9gie, structuration) et en lien avec les recherches des autres chercheurs (mutualisation<br \/>\ndes savoirs, ponts entre les th\u00e9matiques, confrontations, sauts g\u00e9ographiques et historiques, etc.).<br \/>\nCette d\u00e9marche explorera une mani\u00e8re alternative de cr\u00e9er de la transversalit\u00e9 entre des champs<br \/>\ndu savoir qui restent parfois \u00e9loign\u00e9s les uns des autres, et dont le frottement peut g\u00e9n\u00e9rer de l\u2019inou\u00ef.<\/p>\n<p>blog de la performance :\u00a0<span style=\"color: #99cc00\"><a style=\"color: #99cc00\" href=\"http:\/\/otpompidousmak.wordpress.com\/\">otpompidousmak\u00a0<\/a><\/span><\/p>\n<p><a href=\"http:\/\/blog.ensci.com\/phenorama\/operating-theater-daudrey-cottin\/img_8581\/\" rel=\"attachment wp-att-1512\"><img loading=\"lazy\" decoding=\"async\" class=\"alignleft size-full wp-image-1512\" src=\"http:\/\/blog.ensci.com\/phenorama\/files\/2014\/11\/img_8581.jpg\" alt=\"img_8581\" width=\"300\" height=\"200\" \/><\/a> <a href=\"http:\/\/blog.ensci.com\/phenorama\/operating-theater-daudrey-cottin\/img_8605\/\" rel=\"attachment wp-att-1513\"><img loading=\"lazy\" decoding=\"async\" class=\"alignleft size-full wp-image-1513\" src=\"http:\/\/blog.ensci.com\/phenorama\/files\/2014\/11\/img_8605.jpg\" alt=\"img_8605\" width=\"300\" height=\"200\" \/><\/a> <a href=\"http:\/\/blog.ensci.com\/phenorama\/operating-theater-daudrey-cottin\/capture-d_c3a9cran-2014-01-24-c3a0-15-54-11\/\" rel=\"attachment wp-att-1514\"><img loading=\"lazy\" decoding=\"async\" class=\"alignleft size-full wp-image-1514\" src=\"http:\/\/blog.ensci.com\/phenorama\/files\/2014\/11\/capture-d_c3a9cran-2014-01-24-c3a0-15-54-11.png\" alt=\"capture-d_c3a9cran-2014-01-24-c3a0-15-54-11\" width=\"230\" height=\"298\" \/><\/a> <a href=\"http:\/\/blog.ensci.com\/phenorama\/operating-theater-daudrey-cottin\/capture-d_c3a9cran-2014-01-25-c3a0-15-09-03\/\" rel=\"attachment wp-att-1515\"><img loading=\"lazy\" decoding=\"async\" class=\"alignleft size-full wp-image-1515\" src=\"http:\/\/blog.ensci.com\/phenorama\/files\/2014\/11\/capture-d_c3a9cran-2014-01-25-c3a0-15-09-03.png\" alt=\"capture-d_c3a9cran-2014-01-25-c3a0-15-09-03\" width=\"300\" height=\"168\" \/><\/a> <a href=\"http:\/\/blog.ensci.com\/phenorama\/operating-theater-daudrey-cottin\/dsc_0154-2\/\" rel=\"attachment wp-att-1516\"><img loading=\"lazy\" decoding=\"async\" class=\"alignleft size-full wp-image-1516\" src=\"http:\/\/blog.ensci.com\/phenorama\/files\/2014\/11\/dsc_0154.jpg\" alt=\"dsc_0154\" width=\"300\" height=\"169\" \/><\/a> <a href=\"http:\/\/blog.ensci.com\/phenorama\/operating-theater-daudrey-cottin\/dsc_0148-2\/\" rel=\"attachment wp-att-1517\"><img loading=\"lazy\" decoding=\"async\" class=\"alignleft size-full wp-image-1517\" src=\"http:\/\/blog.ensci.com\/phenorama\/files\/2014\/11\/dsc_0148.jpg\" alt=\"dsc_0148\" width=\"300\" height=\"169\" \/><\/a> <a href=\"http:\/\/blog.ensci.com\/phenorama\/operating-theater-daudrey-cottin\/op-the-06\/\" rel=\"attachment wp-att-1518\"><img loading=\"lazy\" decoding=\"async\" class=\"alignleft size-full wp-image-1518\" src=\"http:\/\/blog.ensci.com\/phenorama\/files\/2014\/11\/op-the-06.jpg\" alt=\"op-the-06\" width=\"300\" height=\"183\" \/><\/a> <a href=\"http:\/\/blog.ensci.com\/phenorama\/operating-theater-daudrey-cottin\/capture-d_c3a9cran-2014-01-24-c3a0-15-10-45\/\" rel=\"attachment wp-att-1519\"><img loading=\"lazy\" decoding=\"async\" class=\"alignleft size-full wp-image-1519\" src=\"http:\/\/blog.ensci.com\/phenorama\/files\/2014\/11\/capture-d_c3a9cran-2014-01-24-c3a0-15-10-45.png\" alt=\"capture-d_c3a9cran-2014-01-24-c3a0-15-10-45\" width=\"300\" height=\"182\" \/><\/a><\/p>\n<p>&nbsp;<\/p>\n<p>&nbsp;<\/p>\n","protected":false},"excerpt":{"rendered":"<p>Pour r\u00e9aliser une performance le temps d\u2019une soir\u00e9e, Audrey Cottin souhaite, en collaboration avec Rapha\u00eble Jeune, solliciter la participation active des postdoctorants du Labex Cr\u00e9ation, Art, Patrimoine, qui seront en contrat en 2013. Il s\u2019agira de proposer \u00e0 ces chercheurs&hellip;<\/p>\n<p class=\"more-link-p\"><a class=\"more-link\" href=\"https:\/\/blog.ensci.com\/phenorama\/operating-theater-daudrey-cottin\/\">Read more &rarr;<\/a><\/p>\n","protected":false},"author":302,"featured_media":0,"parent":0,"menu_order":0,"comment_status":"open","ping_status":"open","template":"","meta":{"spay_email":"","footnotes":"","_links_to":"","_links_to_target":""},"class_list":["post-1508","page","type-page","status-publish","hentry"],"_links":{"self":[{"href":"https:\/\/blog.ensci.com\/phenorama\/wp-json\/wp\/v2\/pages\/1508","targetHints":{"allow":["GET"]}}],"collection":[{"href":"https:\/\/blog.ensci.com\/phenorama\/wp-json\/wp\/v2\/pages"}],"about":[{"href":"https:\/\/blog.ensci.com\/phenorama\/wp-json\/wp\/v2\/types\/page"}],"author":[{"embeddable":true,"href":"https:\/\/blog.ensci.com\/phenorama\/wp-json\/wp\/v2\/users\/302"}],"replies":[{"embeddable":true,"href":"https:\/\/blog.ensci.com\/phenorama\/wp-json\/wp\/v2\/comments?post=1508"}],"version-history":[{"count":3,"href":"https:\/\/blog.ensci.com\/phenorama\/wp-json\/wp\/v2\/pages\/1508\/revisions"}],"predecessor-version":[{"id":1521,"href":"https:\/\/blog.ensci.com\/phenorama\/wp-json\/wp\/v2\/pages\/1508\/revisions\/1521"}],"wp:attachment":[{"href":"https:\/\/blog.ensci.com\/phenorama\/wp-json\/wp\/v2\/media?parent=1508"}],"curies":[{"name":"wp","href":"https:\/\/api.w.org\/{rel}","templated":true}]}}