{"id":1461,"date":"2014-11-06T18:13:22","date_gmt":"2014-11-06T18:13:22","guid":{"rendered":"http:\/\/blog.ensci.com\/phenorama\/?page_id=1461"},"modified":"2015-02-02T09:49:29","modified_gmt":"2015-02-02T09:49:29","slug":"organisation","status":"publish","type":"page","link":"https:\/\/blog.ensci.com\/phenorama\/organisation\/","title":{"rendered":"ph\u00e9nOrama"},"content":{"rendered":"<div>\n<p><b>ph\u00e9nOrama a pour objectif<\/b> <b>d\u2019\u00e9clairer les rapports\u00a0sans cesse renouvel\u00e9s entre l\u2019art\u00a0et l\u2019industrie. <\/b>C\u2019est un espace critique<br \/>\nqui interroge les formes produites\u00a0par la soci\u00e9t\u00e9 industrielle\u00a0contemporaine en prenant appui sur l\u2019art, la cr\u00e9ation\u00a0et les sciences humaines.<br \/>\nCette plateforme a pour objectif de questionner les rapports complexes\u00a0et fructueux que la cr\u00e9ation\u00a0artistique entretient avec l\u2019industrie.<\/p>\n<p>ph\u00e9nOrama travaille au <b>rapprochement entre la recherche, le monde professionnel\u00a0et l\u2019enseignement.<\/b><\/p>\n<p><b>ph\u00e9nOrama \u00e0 travers ses diff\u00e9rents programmes explore la question\u00a0de la recherche\u00a0en cr\u00e9ation dans le\u00a0contexte actuel<br \/>\nd\u2019un nouveau dialogue entre l\u2019art et l\u2019industrie.<\/b> Elle a pour objectif de valoriser<b> la pratique artistique comme outil m\u00e9thodologique.<br \/>\n<\/b>Cette plateforme de recherche\u00a0et d\u2019exp\u00e9rimentations\u00a0participe\u00a0activement aux r\u00e9flexions actuelles\u00a0sur la\u00a0<b>recherche performative\u00a0<\/b>men\u00e9e<br \/>\npar la communaut\u00e9\u00a0internationale\u00a0de chercheurs\u00a0des\u00a0\u00e9coles\u00a0d\u2019art (arts plastiques et arts de la sc\u00e8ne), de design\u00a0ou d\u2019architecture.<\/p>\n<p><b>ph\u00e9nOrama <\/b>est n\u00e9e dans la dynamique des dialogues et \u00e9changes propos\u00e9s et favoris\u00e9s\u00a0par le <b>Labex\/Cr\u00e9ation, Arts et Patrimoines<\/b>.<br \/>\nLa plateforme est dirig\u00e9e et anim\u00e9e par Armand Behar, artiste\u00a0et enseignant \u00e0 l\u2019Ensci\/les ateliers en collaboration avec les chercheurs et cr\u00e9ateurs invit\u00e9s.<\/p>\n<p><b>ph\u00e9nOrama propose d&rsquo;accueillir un cr\u00e9ateur &#8211; chercheur <\/b>en th\u00e8se. Une th\u00e9matique de recherche est d\u00e9finie \u00e0 partir de sa th\u00e8se.<br \/>\nCette th\u00e9matique est aliment\u00e9e par un s\u00e9minaire de recherche et un studio de cr\u00e9ation. Les axes de r\u00e9flexion du s\u00e9minaire sont d\u00e9finis<br \/>\npar un groupe de recherche compos\u00e9 de chercheurs. Ce travail th\u00e9orique est enrichi par un travail pratique d\u00e9velopp\u00e9 dans le cadre<br \/>\nd\u2019un studio de cr\u00e9ation et anim\u00e9 par\u00a0un artiste-enseignant de l\u2019ENSCI \u2013 Les Ateliers qui propose aux \u00e9tudiants en design \u00a0de produire<br \/>\nde la forme\u00a0\u00e0 partir des hypoth\u00e8ses \u00e9mises par le chercheur invit\u00e9.<\/p>\n<p><b>L\u2019ensemble de ce travail fait d\u2019objet d\u2019une publication\u00a0et exposition\u00a0<\/b>qui alimente la communaut\u00e9 de chercheurs du\u00a0Labex\/Cap et des \u00e9coles d\u2019art.<\/p>\n<p style=\"text-align: left\"><strong>La plateforme s\u2019organise autour de 4 axes :<\/strong><\/p>\n<\/div>\n<p>. veille scientifique dans les domaines des arts et de l\u2019industrie,<br \/>\n. production de connaissances,<br \/>\n. exp\u00e9rimentations plastiques et techniques,<br \/>\n. missions d\u2019informations et de promotions.<\/p>\n<p><strong>1. Un r\u00f4le de veille et de conseil<\/strong> assur\u00e9 par un comit\u00e9 scientifique (en cours de constitution) \u00a0constitu\u00e9 de personnalit\u00e9s du monde des sciences humaines et de la cr\u00e9ation.<br \/>\nLe comit\u00e9 a une fonction de prospective afin d\u2019\u00e9clairer sur les axes de recherches qui sont men\u00e9s dans ph\u00e9nOrama, en s\u2019assurant que ces recherches plastiques nourrissent\u00a0le projet de design.<\/p>\n<p><strong>2. Un r\u00f4le de recherche<\/strong> men\u00e9e par un cr\u00e9ateur-chercheur (architecte, designer ou artiste)<br \/>\npour\u00a0la production de nouvelles connaissances. Il a\u00a0\u00a0pour mission de :<br \/>\n. g\u00e9n\u00e9rer des nouvelles zones de connaissances propices \u00e0 l\u2019\u00e9mergence de formes d\u2019usages,\u2028 \u00a0d\u2019objets,<br \/>\nde sc\u00e9narios, \u2028de situations, d\u2019attitudes, d\u2019applications, de comportements,\u00a0de conceptions.<br \/>\n. explorer, cartographier, mod\u00e9liser ces nouveaux champs de connaissances.<br \/>\n. informer sur la recherche \u00e0 travers la publication, des conf\u00e9rences et des expositions des travaux.<\/p>\n<p><strong>3. Un r\u00f4le d\u2019exp\u00e9rimentation<\/strong><br \/>\nLe studio propose aux \u00e9l\u00e8ves de se confronter \u00e0 la r\u00e9alisation des formes plastiques contemporaines\u2028 qui feront l\u2019objet d\u2019une exposition en fin de semestre. Il a pour ambition\u00a0de permettre \u00e0 ces futurs \u2028designers d\u2019int\u00e9grer \u00e0 leurs d\u00e9marches esth\u00e9tiques des m\u00e9canismes contemporains de cr\u00e9ation \u2028de formes, tant sur le plan plastique que technique.<\/p>\n<p><strong>4. Un r\u00f4le d\u2019information<\/strong><br \/>\nph\u00e9nOrama participe au d\u00e9bat public en cr\u00e9ant\u2028 des actions pour l\u2019influencer, des groupes de r\u00e9flexions, des animations de blogs, l\u2019organisation\u2028 de colloques ou d\u2019expositions.<\/p>\n","protected":false},"excerpt":{"rendered":"<p>ph\u00e9nOrama a pour objectif d\u2019\u00e9clairer les rapports\u00a0sans cesse renouvel\u00e9s entre l\u2019art\u00a0et l\u2019industrie. C\u2019est un espace critique qui interroge les formes produites\u00a0par la soci\u00e9t\u00e9 industrielle\u00a0contemporaine en prenant appui sur l\u2019art, la cr\u00e9ation\u00a0et les sciences humaines. Cette plateforme a pour objectif de&hellip;<\/p>\n<p class=\"more-link-p\"><a class=\"more-link\" href=\"https:\/\/blog.ensci.com\/phenorama\/organisation\/\">Read more &rarr;<\/a><\/p>\n","protected":false},"author":302,"featured_media":0,"parent":0,"menu_order":0,"comment_status":"open","ping_status":"open","template":"","meta":{"spay_email":"","footnotes":"","_links_to":"","_links_to_target":""},"class_list":["post-1461","page","type-page","status-publish","hentry"],"_links":{"self":[{"href":"https:\/\/blog.ensci.com\/phenorama\/wp-json\/wp\/v2\/pages\/1461","targetHints":{"allow":["GET"]}}],"collection":[{"href":"https:\/\/blog.ensci.com\/phenorama\/wp-json\/wp\/v2\/pages"}],"about":[{"href":"https:\/\/blog.ensci.com\/phenorama\/wp-json\/wp\/v2\/types\/page"}],"author":[{"embeddable":true,"href":"https:\/\/blog.ensci.com\/phenorama\/wp-json\/wp\/v2\/users\/302"}],"replies":[{"embeddable":true,"href":"https:\/\/blog.ensci.com\/phenorama\/wp-json\/wp\/v2\/comments?post=1461"}],"version-history":[{"count":17,"href":"https:\/\/blog.ensci.com\/phenorama\/wp-json\/wp\/v2\/pages\/1461\/revisions"}],"predecessor-version":[{"id":1760,"href":"https:\/\/blog.ensci.com\/phenorama\/wp-json\/wp\/v2\/pages\/1461\/revisions\/1760"}],"wp:attachment":[{"href":"https:\/\/blog.ensci.com\/phenorama\/wp-json\/wp\/v2\/media?parent=1461"}],"curies":[{"name":"wp","href":"https:\/\/api.w.org\/{rel}","templated":true}]}}