{"id":1456,"date":"2014-11-06T18:08:32","date_gmt":"2014-11-06T18:08:32","guid":{"rendered":"http:\/\/blog.ensci.com\/phenorama\/?page_id=1456"},"modified":"2014-12-08T11:54:38","modified_gmt":"2014-12-08T11:54:38","slug":"introduction","status":"publish","type":"page","link":"https:\/\/blog.ensci.com\/phenorama\/introduction\/","title":{"rendered":"introduction"},"content":{"rendered":"<h3><strong>Arts industriels, industries d\u2019art ou industrie dans l\u2019art<\/strong><\/h3>\n<p>C\u2019est dans le sillage d\u2019un d\u00e9bat intense autour de la question du rapport\u00a0de l\u2019art \u00e0 l\u2019industrie au XIX<sup>\u00e8me<\/sup>\u00a0si\u00e8cle, que le design est n\u00e9. Depuis, le design s\u2019est affirm\u00e9 comme une discipline artistique \u00e0 part enti\u00e8re,\u00a0l\u2019art comme un espace d\u2019exp\u00e9rimentation autonome et l<strong>\u2018<\/strong>industrie est\u00a0devenue le champs d\u2019application privil\u00e9gi\u00e9 de la science. Les artistes, comme les designers,<strong>\u00a0<\/strong>n\u2019ont eu de cesse de n\u00e9gocier leur rapport aux\u00a0nouvelles techniques, aux nouveaux outils, aux nouveaux objets. C\u2019est\u00a0une \u00e9vidence pour le design mais \u00e7a l\u2019est aussi pour les arts plastiques.<\/p>\n<div class=\"entry\">\n<p>Au cours du XX<sup>\u00e8me<\/sup>\u00a0si\u00e8cle les arts plastiques ont \u00e9t\u00e9 travers\u00e9s par tous\u00a0les proc\u00e9d\u00e9s de fabrication, de l\u2019industrie manufacturi\u00e8re \u00e0 l\u2019industrie\u00a0num\u00e9rique. Cet espace d\u2019exp\u00e9rimentation s\u2019est ouvert \u00e0 toutes les\u00a0techniques, \u00e0 tous types de mat\u00e9riaux.<\/p>\n<p>De nouveaux liens se sont tiss\u00e9s entre le processus de cr\u00e9ation de\u00a0l\u2019artiste et l\u2019outil technique n\u00e9cessaire \u00e0 la production de l\u2019oeuvre.\u00a0Malgr\u00e9 tous ces bouleversements, la singularit\u00e9 du travail artistique, bien souvent situ\u00e9 au croisement de la forme et de la technique, a \u00e9t\u00e9\u00a0maintenue, voire enrichie. Cette nouvelle approche du travail n\u2019a pas\u00a0remis en cause le caract\u00e8re unique de l\u2019oeuvre, bien au contraire elle\u00a0l\u2019a renforc\u00e9. Beaucoup d\u2019artistes se sont affranchis du geste artisanal\u00a0et ont int\u00e9gr\u00e9, comme les architectes ou les designers, la notion\u00a0de projet difficilement s\u00e9parable de la pens\u00e9e industrielle.<\/p>\n<p>Cette appropriation par les artistes des techniques et technologies\u00a0\u00e9mergentes de leur \u00e9poque s\u2019est aussi accompagn\u00e9e d\u2019un regard critique\u00a0sur les formes produites par l\u2019industrie. Une interrogation sur les\u00a0mod\u00e8les \u00e9conomiques et politiques qui utilisent l\u2019outil industriel\u00a0en imposant une certaine vision du travail. En imposant<br \/>\ndes mod\u00e8les\u00a0sociaux, en diffusant un certain regard sur les relations de l\u2019homme\u00a0avec la machine, la production artistique a ainsi \u00e9chapp\u00e9 \u00e0 ces\u00a0contraintes m\u00eames si bien \u00e9videmment l\u2019\u00e8re moderne l\u2019a expos\u00e9e \u00e0 d\u2019autres\u00a0syst\u00e8mes tout aussi contraignants et puissants venus notamment du march\u00e9\u00a0de l\u2019art ou de l\u2019industrie culturelle.<\/p>\n<p>L\u2019industrie dans l\u2019art a provoqu\u00e9 de profondes mutations. Ces changements\u00a0ont eu un impact important sur la d\u00e9finition m\u00eame de ce qu\u2019est une oeuvre\u00a0d\u2019art dans notre culture m\u00eame si il est frappant de remarquer\u00a0que le rapport de la forme aux techniques issues de l\u2019industrie reste\u00a0dans l\u2019art un impens\u00e9. Un impens\u00e9 otage de l\u2019opposition factice voire\u00a0doctrinaire entre culture et technique, entre technophobie et\u00a0technophilie. Cet impens\u00e9 reste \u00e0 explorer, \u00e0 formuler, \u00e0 structurer\u00a0pour le b\u00e9n\u00e9fice de l\u2019art bien-s\u00fbr mais aussi pour le design, pour\u00a0la cr\u00e9ation industrielle.<\/p>\n<div><\/div>\n<\/div>\n","protected":false},"excerpt":{"rendered":"<p>Arts industriels, industries d\u2019art ou industrie dans l\u2019art C\u2019est dans le sillage d\u2019un d\u00e9bat intense autour de la question du rapport\u00a0de l\u2019art \u00e0 l\u2019industrie au XIX\u00e8me\u00a0si\u00e8cle, que le design est n\u00e9. Depuis, le design s\u2019est affirm\u00e9 comme une discipline artistique&hellip;<\/p>\n<p class=\"more-link-p\"><a class=\"more-link\" href=\"https:\/\/blog.ensci.com\/phenorama\/introduction\/\">Read more &rarr;<\/a><\/p>\n","protected":false},"author":302,"featured_media":0,"parent":0,"menu_order":0,"comment_status":"open","ping_status":"open","template":"","meta":{"spay_email":"","footnotes":"","_links_to":"","_links_to_target":""},"class_list":["post-1456","page","type-page","status-publish","hentry"],"_links":{"self":[{"href":"https:\/\/blog.ensci.com\/phenorama\/wp-json\/wp\/v2\/pages\/1456","targetHints":{"allow":["GET"]}}],"collection":[{"href":"https:\/\/blog.ensci.com\/phenorama\/wp-json\/wp\/v2\/pages"}],"about":[{"href":"https:\/\/blog.ensci.com\/phenorama\/wp-json\/wp\/v2\/types\/page"}],"author":[{"embeddable":true,"href":"https:\/\/blog.ensci.com\/phenorama\/wp-json\/wp\/v2\/users\/302"}],"replies":[{"embeddable":true,"href":"https:\/\/blog.ensci.com\/phenorama\/wp-json\/wp\/v2\/comments?post=1456"}],"version-history":[{"count":7,"href":"https:\/\/blog.ensci.com\/phenorama\/wp-json\/wp\/v2\/pages\/1456\/revisions"}],"predecessor-version":[{"id":1668,"href":"https:\/\/blog.ensci.com\/phenorama\/wp-json\/wp\/v2\/pages\/1456\/revisions\/1668"}],"wp:attachment":[{"href":"https:\/\/blog.ensci.com\/phenorama\/wp-json\/wp\/v2\/media?parent=1456"}],"curies":[{"name":"wp","href":"https:\/\/api.w.org\/{rel}","templated":true}]}}