{"id":1447,"date":"2014-11-06T17:57:27","date_gmt":"2014-11-06T17:57:27","guid":{"rendered":"http:\/\/blog.ensci.com\/phenorama\/?page_id=1447"},"modified":"2014-12-19T10:25:59","modified_gmt":"2014-12-19T10:25:59","slug":"seminaire-de-recherche-1","status":"publish","type":"page","link":"https:\/\/blog.ensci.com\/phenorama\/seminaire-de-recherche-1\/","title":{"rendered":"s\u00e9minaire de recherche"},"content":{"rendered":"<p>Un groupe de recherche anim\u00e9 par Claire Bailly, (architecte paysagiste, doctorante ph\u00e9nOrama)<br \/>\net Armand Behar \u00a0(artiste,\u00a0responsable ph\u00e9nOrama) a \u00e9t\u00e9 mis en place afin de d\u00e9finir les axes<br \/>\nde recherche et th\u00e8mes d&rsquo;interventions.<br \/>\nIl est constitu\u00e9 de :<\/p>\n<p>Dominique Boullier, professeur des universit\u00e9s \u00e0 Sciences Po, coordinateur scientifiques M\u00e9dialab,<br \/>\nFran\u00e7ois Brument, designer &#8211; Agence In-flexions, Enseignant Ensci\/les ateliers,<br \/>\nAntonella Tufano, architecte, chercheur Gerphau &#8211; ENS d&rsquo;Architecture de Paris la Villette,<br \/>\nJ\u00e9rome Denis, sociologue &#8211; Ma\u00eetre de conf\u00e9rence de Telecom Paris Tech,<br \/>\nThierry Fournier, artiste, enseignant-chercheur Ensalab,<br \/>\nThierry Joliveau, g\u00e9ographe &#8211; Chercheur Universit\u00e9 Jean Monnet de Saint Etienne,<br \/>\nManuel Zacklad, ing\u00e9nieur &#8211; Professeur Cnam, directeur laboratoire Dicen.<\/p>\n<p>Le s\u00e9minaire <em>Ville inform\u00e9e, forme de ville<\/em> se d\u00e9roulera entre le mois de janvier et d&rsquo;avril 2015 au studio<br \/>\ndocumentation de l&rsquo;Ensci\/les ateliers. Ce s\u00e9minaire sera aussi l&rsquo;occasion de d\u00e9couvrir les hypoth\u00e8ses<br \/>\nde\u00a0travail et cr\u00e9ations des \u00e9l\u00e8ves du studio de cr\u00e9ation.<\/p>\n<p>&nbsp;<\/p>\n<p>&nbsp;<\/p>\n<p>&nbsp;<\/p>\n","protected":false},"excerpt":{"rendered":"<p>Un groupe de recherche anim\u00e9 par Claire Bailly, (architecte paysagiste, doctorante ph\u00e9nOrama) et Armand Behar \u00a0(artiste,\u00a0responsable ph\u00e9nOrama) a \u00e9t\u00e9 mis en place afin de d\u00e9finir les axes de recherche et th\u00e8mes d&rsquo;interventions. Il est constitu\u00e9 de : Dominique Boullier, professeur&hellip;<\/p>\n<p class=\"more-link-p\"><a class=\"more-link\" href=\"https:\/\/blog.ensci.com\/phenorama\/seminaire-de-recherche-1\/\">Read more &rarr;<\/a><\/p>\n","protected":false},"author":302,"featured_media":0,"parent":0,"menu_order":0,"comment_status":"open","ping_status":"open","template":"","meta":{"spay_email":"","footnotes":"","_links_to":"","_links_to_target":""},"class_list":["post-1447","page","type-page","status-publish","hentry"],"_links":{"self":[{"href":"https:\/\/blog.ensci.com\/phenorama\/wp-json\/wp\/v2\/pages\/1447","targetHints":{"allow":["GET"]}}],"collection":[{"href":"https:\/\/blog.ensci.com\/phenorama\/wp-json\/wp\/v2\/pages"}],"about":[{"href":"https:\/\/blog.ensci.com\/phenorama\/wp-json\/wp\/v2\/types\/page"}],"author":[{"embeddable":true,"href":"https:\/\/blog.ensci.com\/phenorama\/wp-json\/wp\/v2\/users\/302"}],"replies":[{"embeddable":true,"href":"https:\/\/blog.ensci.com\/phenorama\/wp-json\/wp\/v2\/comments?post=1447"}],"version-history":[{"count":4,"href":"https:\/\/blog.ensci.com\/phenorama\/wp-json\/wp\/v2\/pages\/1447\/revisions"}],"predecessor-version":[{"id":1676,"href":"https:\/\/blog.ensci.com\/phenorama\/wp-json\/wp\/v2\/pages\/1447\/revisions\/1676"}],"wp:attachment":[{"href":"https:\/\/blog.ensci.com\/phenorama\/wp-json\/wp\/v2\/media?parent=1447"}],"curies":[{"name":"wp","href":"https:\/\/api.w.org\/{rel}","templated":true}]}}