{"id":1231,"date":"2014-08-29T10:12:37","date_gmt":"2014-08-29T10:12:37","guid":{"rendered":"http:\/\/blog.ensci.com\/phenorama\/?page_id=1231"},"modified":"2014-11-17T16:03:58","modified_gmt":"2014-11-17T16:03:58","slug":"les-nouveaux-recits-urbains","status":"publish","type":"page","link":"https:\/\/blog.ensci.com\/phenorama\/les-nouveaux-recits-urbains\/","title":{"rendered":"les nouveaux r\u00e9cits urbains"},"content":{"rendered":"<p>&nbsp;<\/p>\n<p><strong>Introduction<\/strong><\/p>\n<p>Dans les ann\u00e9es 60 en France, en Angleterre, au Japon mais aussi en Italie ou aux \u00c9tats Unis des mouvements ou plut\u00f4t des groupes compos\u00e9s essentiellement d\u2019architectes apparaissent avec les m\u00eames pr\u00e9occupations : cr\u00e9er des utopies architecturales. Ces mouvements sont tr\u00e8s diff\u00e9rents et viennent d\u2019Angleterre (Archigram), du Japon (M\u00e9tabolism), de France (Yona Friedman) et d\u2019une mani\u00e8re diff\u00e9rente d\u2019Italie (Archizoom, Alchimia, Memphis). Les propositions de villes imaginaires qu\u2019ils projettent questionnent notre rapport \u00e0 la ville moderne et \u00e0 son futur d\u00e9veloppement d\u00e9mographique, technologique, urbain et \u00e9cologique.<\/p>\n<p>Dans son projet Air Craft Carrier City in Landscape Hans Hollein\u00a0imagine une ville porte-avion plant\u00e9e au milieu de la campagne, Yona Friedmann invente les villes spatiales en forme de grille, No-Stop-City d\u2019Archizoom, ville sans qualit\u00e9 et sans architecture s\u2019\u00e9tend \u00e0 l\u2019infini. En se penchant sur ses travaux il est difficile de ne pas penser aux travaux de l\u2019artiste russe Tatline et son architecture en rotation.<\/p>\n<p>Durant tout le XX\u00e8me si\u00e8cle on a vu des artistes poser la question de notre rapport \u00e0\u00a0la ville : Yves Klein et ses architectures de l\u2019air ou ses villes climatis\u00e9es, Dan\u00a0Graham, Absalon, Pierre Huyghe,\u2026<\/p>\n<p>Mais le devenir de la ville est aussi un des th\u00e8mes de pr\u00e9dilection du cin\u00e9ma d\u2019anticipation. Dans le Blade Runner, adaptation du roman de l\u2019\u00e9crivain<br \/>\nP.K Dick , Los Angeles est transform\u00e9e en une m\u00e9galopole marqu\u00e9e par la pollution atmosph\u00e9rique et sonore, l\u2019agressivit\u00e9 d\u2019une publicit\u00e9 omnipr\u00e9sente,<br \/>\nune ville \u00e0 l\u2019ambiance technologique et d\u00e9cadente. Metropolis de Fritz Lang pr\u00e9sente une m\u00e9galopole divis\u00e9e en deux : la ville haute, o\u00f9 vivent les familles dirigeantes, dans l\u2019oisivet\u00e9, le luxe et le divertissement, et la ville basse, o\u00f9 les travailleurs font fonctionner la ville.<\/p>\n<p>La fronti\u00e8re entre architecture et fiction est infra mince comme nous le montre Rem Koolhaas dans son livre New York d\u00e9lire o\u00f9 l\u2019on comprend que la construction de Manhattan a \u00e9t\u00e9 fortement influenc\u00e9e par le d\u00e9veloppement sur Coney Island des Luna Park. Dans ces lieux de divertissement, d\u00e9couvertes technologiques et\u00a0architectures se rencontrent pour impressionner le visiteur. L\u2019impact des technologies contemporaines sur notre ville d\u2019aujourd\u2019hui g\u00e9n\u00e8re de nouveaux enjeux, de nouveaux fantasmes. A l\u2019instar des groupes comme Archigram, Archizoom, M\u00e9tabolism vous ferez des propositions plastiques de villes imaginaires qui s\u2019appuieront sur ces enjeux afin de questionner notre rapport \u00e0 la ville et \u00e0 son futur d\u00e9veloppement d\u00e9mographique, technologique, urbain et \u00e9cologique.<\/p>\n<p>&nbsp;<\/p>\n<p><strong>The Future is history\u00a0<\/strong><\/p>\n<p>Exposition des recherches et travaux du mardi 17 \u00a0au vendredi 20 juin 2014<\/p>\n<p><a href=\"http:\/\/blog.ensci.com\/phenorama\/2014\/08\/29\/the-future-of-history\/dsc_6009\/\" rel=\"attachment wp-att-1323\"><img loading=\"lazy\" decoding=\"async\" alt=\"documents exposition\" src=\"http:\/\/blog.ensci.com\/phenorama\/files\/2014\/08\/DSC_6009.jpg\" width=\"710\" height=\"470\" \/><\/a><\/p>\n<p>&nbsp;<\/p>\n<p><strong>Tokyo : Ville \u00e9co-fasciste de\u00a0Aymard J\u00e9r\u00e9my\/Brule Damien<\/strong><\/p>\n<p><a href=\"http:\/\/blog.ensci.com\/phenorama\/2014\/08\/29\/the-future-of-history\/dsc_5965\/\" rel=\"attachment wp-att-1324\"><img loading=\"lazy\" decoding=\"async\" alt=\"DSC_5965\" src=\"http:\/\/blog.ensci.com\/phenorama\/files\/2014\/08\/DSC_5965.jpg\" width=\"710\" height=\"470\" \/><\/a><\/p>\n<p>&nbsp;<\/p>\n<p>Le mouvement \u00e9co-fasciste du Midori na\u00eet \u00e0 Tokyo, dans un contexte de d\u00e9sastres en tout \u00a0genres :<br \/>\nnucl\u00e9aire, mont\u00e9e des eaux et pollution de l&rsquo;aire. Il pr\u00f4ne un retour \u00e0 la nature et met en place des mesures<br \/>\n\u00e9cologiques contraignantes pour la population, comme un couvre feu quotidien qui interdit la consommation<br \/>\n\u00e9lectrique pass\u00e9e une certaine heure. \u00a0D&rsquo;o\u00f9 l&rsquo;essor d&rsquo;\u00e9clairages alternatifs bioluminescents. L&rsquo;affiche d\u00e9peint<br \/>\nun poing brandissant une pelle et une inscription en jalonnais qui interpelle le passant : \u00ab\u00a0cultivez !\u00a0\u00bb ou \u00ab\u00a0propagez!\u00a0\u00bb<br \/>\nselon l&rsquo;interpr\u00e9tation. Le triptyque montre une vue a\u00e9rienne de Tokyo la nuit, et son \u00e9volution : Tokyo en 20014,<br \/>\nTokyo reconstruite avec sa presqu&rsquo;\u00eele et ses lumi\u00e8res phosphorescentes.<\/p>\n<p><strong>\u00a0D\u00e9mographie surfacique de Barker Samuel<\/strong><\/p>\n<p><a href=\"http:\/\/blog.ensci.com\/phenorama\/2014\/08\/29\/the-future-of-history\/dsc_5986\/\" rel=\"attachment wp-att-1325\"><img loading=\"lazy\" decoding=\"async\" alt=\"DSC_5986\" src=\"http:\/\/blog.ensci.com\/phenorama\/files\/2014\/08\/DSC_5986.jpg\" width=\"710\" height=\"470\" \/><\/a><a href=\"http:\/\/blog.ensci.com\/phenorama\/2014\/08\/29\/the-future-of-history\/dsc_5991\/\" rel=\"attachment wp-att-1326\"><br \/>\n<\/a><\/p>\n<p>&nbsp;<\/p>\n<p><a href=\"http:\/\/blog.ensci.com\/phenorama\/2014\/08\/29\/the-future-of-history\/dsc_5991\/\" rel=\"attachment wp-att-1326\"><img loading=\"lazy\" decoding=\"async\" alt=\"DSC_5991\" src=\"http:\/\/blog.ensci.com\/phenorama\/files\/2014\/08\/DSC_5991.jpg\" width=\"710\" height=\"470\" \/><\/a><\/p>\n<p><strong>Ceratia de Brugiere Lucile\/Portilla M\u00e9lissa<\/strong><\/p>\n<p><a href=\"http:\/\/blog.ensci.com\/phenorama\/2014\/08\/29\/the-future-of-history\/dsc_5981\/\" rel=\"attachment wp-att-1384\"><img loading=\"lazy\" decoding=\"async\" alt=\"DSC_5981\" src=\"http:\/\/blog.ensci.com\/phenorama\/files\/2014\/08\/DSC_5981.jpg\" width=\"710\" height=\"470\" \/><\/a><\/p>\n<p><a href=\"http:\/\/blog.ensci.com\/phenorama\/2014\/08\/29\/the-future-of-history\/dsc_6006\/\" rel=\"attachment wp-att-1400\"><img loading=\"lazy\" decoding=\"async\" alt=\"DSC_6006\" src=\"http:\/\/blog.ensci.com\/phenorama\/files\/2014\/08\/DSC_6006.jpg\" width=\"710\" height=\"470\" \/><\/a><\/p>\n<p><strong>Une M\u00e8re d\u00e9mont\u00e9e de Diaz Strum Alba<\/strong><\/p>\n<p><a href=\"http:\/\/blog.ensci.com\/phenorama\/2014\/08\/29\/the-future-of-history\/dsc_5951\/\" rel=\"attachment wp-att-1328\"><img loading=\"lazy\" decoding=\"async\" alt=\"DSC_5951\" src=\"http:\/\/blog.ensci.com\/phenorama\/files\/2014\/08\/DSC_5951.jpg\" width=\"470\" height=\"710\" \/><\/a><\/p>\n<p>&nbsp;<\/p>\n<p><a href=\"http:\/\/blog.ensci.com\/phenorama\/2014\/08\/29\/the-future-of-history\/dsc_5922\/\" rel=\"attachment wp-att-1329\"><img loading=\"lazy\" decoding=\"async\" alt=\"DSC_5922\" src=\"http:\/\/blog.ensci.com\/phenorama\/files\/2014\/08\/DSC_5922.jpg\" width=\"469\" height=\"310\" \/><\/a><\/p>\n<p>&nbsp;<\/p>\n<p><strong>Paraville de Fr\u00e9chin Antoine\/Mobes Valentin<\/strong><\/p>\n<p><a href=\"http:\/\/blog.ensci.com\/phenorama\/2014\/08\/29\/the-future-of-history\/dsc_5958\/\" rel=\"attachment wp-att-1367\"><img loading=\"lazy\" decoding=\"async\" alt=\"DSC_5958\" src=\"http:\/\/blog.ensci.com\/phenorama\/files\/2014\/08\/DSC_5958.jpg\" width=\"710\" height=\"470\" \/><\/a><\/p>\n<p>&nbsp;<\/p>\n<p><strong>Une Mim\u00e9sis r\u00e9flective de Kim Ungdon<\/strong><\/p>\n<p><a href=\"http:\/\/blog.ensci.com\/phenorama\/2014\/08\/29\/the-future-of-history\/dsc_5934\/\" rel=\"attachment wp-att-1348\">\u00a0<\/a><\/p>\n<p><a href=\"http:\/\/blog.ensci.com\/phenorama\/2014\/08\/29\/the-future-of-history\/dsc_5934\/\" rel=\"attachment wp-att-1348\"><img loading=\"lazy\" decoding=\"async\" alt=\"DSC_5934\" src=\"http:\/\/blog.ensci.com\/phenorama\/files\/2014\/08\/DSC_5934.jpg\" width=\"470\" height=\"710\" \/><\/a><\/p>\n<p>&nbsp;<\/p>\n<p><a href=\"http:\/\/blog.ensci.com\/phenorama\/2014\/08\/29\/the-future-of-history\/dsc_5936\/\" rel=\"attachment wp-att-1350\"><img loading=\"lazy\" decoding=\"async\" alt=\"DSC_5936\" src=\"http:\/\/blog.ensci.com\/phenorama\/files\/2014\/08\/DSC_5936.jpg\" width=\"470\" height=\"710\" \/><\/a><\/p>\n<p>&nbsp;<\/p>\n<p><strong>Rima\u00ebl de Majid Samia<\/strong><\/p>\n<p><a href=\"http:\/\/blog.ensci.com\/phenorama\/2014\/08\/29\/the-future-of-history\/dsc_5961\/\" rel=\"attachment wp-att-1370\"><img loading=\"lazy\" decoding=\"async\" alt=\"DSC_5961\" src=\"http:\/\/blog.ensci.com\/phenorama\/files\/2014\/08\/DSC_5961.jpg\" width=\"710\" height=\"470\" \/><\/a><\/p>\n<p>&nbsp;<\/p>\n<p><a href=\"http:\/\/blog.ensci.com\/phenorama\/2014\/08\/29\/the-future-of-history\/dsc_5964\/\" rel=\"attachment wp-att-1372\"><img loading=\"lazy\" decoding=\"async\" alt=\"DSC_5964\" src=\"http:\/\/blog.ensci.com\/phenorama\/files\/2014\/08\/DSC_5964.jpg\" width=\"710\" height=\"470\" \/><\/a><\/p>\n<p>&nbsp;<\/p>\n<p><strong>Le Sel comme constat de Marcombe Marie<\/strong><\/p>\n<p><a href=\"http:\/\/blog.ensci.com\/phenorama\/2014\/08\/29\/the-future-of-history\/dsc_5918\/\" rel=\"attachment wp-att-1333\"><img loading=\"lazy\" decoding=\"async\" alt=\"DSC_5918\" src=\"http:\/\/blog.ensci.com\/phenorama\/files\/2014\/08\/DSC_5918.jpg\" width=\"470\" height=\"710\" \/><\/a><\/p>\n<p>&nbsp;<\/p>\n<p><a href=\"http:\/\/blog.ensci.com\/phenorama\/2014\/08\/29\/the-future-of-history\/dsc_5954\/\" rel=\"attachment wp-att-1364\"><img loading=\"lazy\" decoding=\"async\" alt=\"DSC_5954\" src=\"http:\/\/blog.ensci.com\/phenorama\/files\/2014\/08\/DSC_5954.jpg\" width=\"710\" height=\"470\" \/><\/a><\/p>\n<p>&nbsp;<\/p>\n<p><strong>T-h-ermes de Perigot Angela\/Diaz Strum Alba<\/strong><\/p>\n<p><a href=\"http:\/\/blog.ensci.com\/phenorama\/2014\/08\/29\/the-future-of-history\/dsc_5945\/\" rel=\"attachment wp-att-1330\"><img loading=\"lazy\" decoding=\"async\" alt=\"DSC_5945\" src=\"http:\/\/blog.ensci.com\/phenorama\/files\/2014\/08\/DSC_5945.jpg\" width=\"710\" height=\"470\" \/><\/a><\/p>\n<p>&nbsp;<\/p>\n<p><a href=\"http:\/\/blog.ensci.com\/phenorama\/2014\/08\/29\/the-future-of-history\/dsc_6003\/\" rel=\"attachment wp-att-1331\"><img loading=\"lazy\" decoding=\"async\" alt=\"DSC_6003\" src=\"http:\/\/blog.ensci.com\/phenorama\/files\/2014\/08\/DSC_6003.jpg\" width=\"710\" height=\"470\" \/><\/a><\/p>\n<p>&nbsp;<\/p>\n<p><strong>Urboreto de Pfeiffer Thibault<\/strong><\/p>\n<p><a href=\"http:\/\/blog.ensci.com\/phenorama\/2014\/08\/29\/the-future-of-history\/dsc_5995\/\" rel=\"attachment wp-att-1393\"><img loading=\"lazy\" decoding=\"async\" alt=\"DSC_5995\" src=\"http:\/\/blog.ensci.com\/phenorama\/files\/2014\/08\/DSC_5995.jpg\" width=\"470\" height=\"710\" \/><\/a><\/p>\n<p><a href=\"http:\/\/blog.ensci.com\/phenorama\/2014\/08\/29\/the-future-of-history\/dsc_6000\/\" rel=\"attachment wp-att-1397\">\u00a0<\/a><\/p>\n<p>&nbsp;<\/p>\n<p><a href=\"http:\/\/blog.ensci.com\/phenorama\/2014\/08\/29\/the-future-of-history\/dsc_5943\/\" rel=\"attachment wp-att-1355\">\u00a0<\/a><\/p>\n<p>&nbsp;<\/p>\n<p><a href=\"http:\/\/blog.ensci.com\/phenorama\/2014\/08\/29\/the-future-of-history\/dsc_6000\/\" rel=\"attachment wp-att-1397\"><img loading=\"lazy\" decoding=\"async\" alt=\"DSC_6000\" src=\"http:\/\/blog.ensci.com\/phenorama\/files\/2014\/08\/DSC_6000.jpg\" width=\"710\" height=\"470\" \/><\/a><\/p>\n<p>&nbsp;<\/p>\n<p><a href=\"http:\/\/blog.ensci.com\/phenorama\/2014\/08\/29\/the-future-of-history\/dsc_5943\/\" rel=\"attachment wp-att-1355\"><img loading=\"lazy\" decoding=\"async\" alt=\"DSC_5943\" src=\"http:\/\/blog.ensci.com\/phenorama\/files\/2014\/08\/DSC_5943.jpg\" width=\"710\" height=\"470\" \/><\/a><\/p>\n<p>&nbsp;<\/p>\n<p><strong>Anachor de Philippon Roxane<\/strong><\/p>\n<p><a href=\"http:\/\/blog.ensci.com\/phenorama\/2014\/08\/29\/the-future-of-history\/dsc_5929\/\" rel=\"attachment wp-att-1343\"><img loading=\"lazy\" decoding=\"async\" alt=\"DSC_5929\" src=\"http:\/\/blog.ensci.com\/phenorama\/files\/2014\/08\/DSC_5929.jpg\" width=\"710\" height=\"470\" \/><\/a><\/p>\n<p>&nbsp;<\/p>\n<p><a href=\"http:\/\/blog.ensci.com\/phenorama\/2014\/08\/29\/the-future-of-history\/dsc_5924\/\" rel=\"attachment wp-att-1338\"><img loading=\"lazy\" decoding=\"async\" alt=\"DSC_5924\" src=\"http:\/\/blog.ensci.com\/phenorama\/files\/2014\/08\/DSC_5924.jpg\" width=\"710\" height=\"470\" \/><\/a><\/p>\n<p>&nbsp;<\/p>\n<p><strong>Le Spiral de Pr\u00e9vost Fran\u00e7ois<\/strong><\/p>\n<p><a href=\"http:\/\/blog.ensci.com\/phenorama\/2014\/08\/29\/the-future-of-history\/dsc_5972-2\/\" rel=\"attachment wp-att-1408\"><img loading=\"lazy\" decoding=\"async\" alt=\"DSC_5972\" src=\"http:\/\/blog.ensci.com\/phenorama\/files\/2014\/08\/DSC_59721.jpg\" width=\"470\" height=\"710\" \/><\/a><\/p>\n<p>&nbsp;<\/p>\n<p><a href=\"http:\/\/blog.ensci.com\/phenorama\/2014\/08\/29\/the-future-of-history\/dsc_5945\/\" rel=\"attachment wp-att-1330\">\u00a0<\/a><\/p>\n<p>&nbsp;<\/p>\n<p><a href=\"http:\/\/blog.ensci.com\/phenorama\/2014\/08\/29\/the-future-of-history\/dsc_6003\/\" rel=\"attachment wp-att-1331\">\u00a0<\/a><\/p>\n<p>&nbsp;<\/p>\n<p><a href=\"http:\/\/blog.ensci.com\/phenorama\/2014\/08\/29\/the-future-of-history\/dsc_5981\/\" rel=\"attachment wp-att-1384\"><br \/>\n<\/a><a href=\"http:\/\/blog.ensci.com\/phenorama\/2014\/08\/29\/the-future-of-history\/dsc_6006\/\" rel=\"attachment wp-att-1400\"><br \/>\n<\/a><\/p>\n<p>&nbsp;<\/p>\n","protected":false},"excerpt":{"rendered":"<p>&nbsp; Introduction Dans les ann\u00e9es 60 en France, en Angleterre, au Japon mais aussi en Italie ou aux \u00c9tats Unis des mouvements ou plut\u00f4t des groupes compos\u00e9s essentiellement d\u2019architectes apparaissent avec les m\u00eames pr\u00e9occupations : cr\u00e9er des utopies architecturales. Ces&hellip;<\/p>\n<p class=\"more-link-p\"><a class=\"more-link\" href=\"https:\/\/blog.ensci.com\/phenorama\/les-nouveaux-recits-urbains\/\">Read more &rarr;<\/a><\/p>\n","protected":false},"author":302,"featured_media":0,"parent":0,"menu_order":0,"comment_status":"open","ping_status":"open","template":"","meta":{"spay_email":"","footnotes":"","_links_to":"","_links_to_target":""},"class_list":["post-1231","page","type-page","status-publish","hentry"],"_links":{"self":[{"href":"https:\/\/blog.ensci.com\/phenorama\/wp-json\/wp\/v2\/pages\/1231","targetHints":{"allow":["GET"]}}],"collection":[{"href":"https:\/\/blog.ensci.com\/phenorama\/wp-json\/wp\/v2\/pages"}],"about":[{"href":"https:\/\/blog.ensci.com\/phenorama\/wp-json\/wp\/v2\/types\/page"}],"author":[{"embeddable":true,"href":"https:\/\/blog.ensci.com\/phenorama\/wp-json\/wp\/v2\/users\/302"}],"replies":[{"embeddable":true,"href":"https:\/\/blog.ensci.com\/phenorama\/wp-json\/wp\/v2\/comments?post=1231"}],"version-history":[{"count":5,"href":"https:\/\/blog.ensci.com\/phenorama\/wp-json\/wp\/v2\/pages\/1231\/revisions"}],"predecessor-version":[{"id":1622,"href":"https:\/\/blog.ensci.com\/phenorama\/wp-json\/wp\/v2\/pages\/1231\/revisions\/1622"}],"wp:attachment":[{"href":"https:\/\/blog.ensci.com\/phenorama\/wp-json\/wp\/v2\/media?parent=1231"}],"curies":[{"name":"wp","href":"https:\/\/api.w.org\/{rel}","templated":true}]}}