{"id":1179,"date":"2013-12-06T14:00:22","date_gmt":"2013-12-06T14:00:22","guid":{"rendered":"http:\/\/blog.ensci.com\/phenorama\/?page_id=1179"},"modified":"2013-12-06T14:00:22","modified_gmt":"2013-12-06T14:00:22","slug":"studio-de-creation-3","status":"publish","type":"page","link":"https:\/\/blog.ensci.com\/phenorama\/studio-de-creation-3\/","title":{"rendered":"studio de cr\u00e9ation"},"content":{"rendered":"<h1><\/h1>\n<p>Permettre aux \u00e9tudiants, futurs acteurs de l&rsquo;industrie, de se forger un regard sur les \u00ab formes \u00bb produites par la soci\u00e9t\u00e9 industrielle actuelle, \u00ab sur ces nouveaux sc\u00e9narios peupl\u00e9s d&rsquo;objets que l&rsquo;industrie propose et que l&rsquo;on parcourt quotidiennement \u00bb. Le \u00ab studio de cr\u00e9ation Arts plastiques \u00bb s&rsquo;inscrit dans la continuit\u00e9 d&rsquo;un courant de l&rsquo;art qui a fait de l&rsquo;industrie son principal objet de questionnement. Il s&rsquo;agit de cr\u00e9er une proposition artistique qui questionne la soci\u00e9t\u00e9 des services, de la communication et de l&rsquo;information, de l&rsquo;industrie culturelle\u2026 Ce travail de production est nourri par une analyse de travaux d&rsquo;artistes des vingt derni\u00e8res ann\u00e9es qui, dans leur d\u00e9marche, interrogent l&rsquo;industrie. En effet, les ann\u00e9es 1990 ont vu appara\u00eetre une nouvelle g\u00e9n\u00e9ration qui, sans renier l&rsquo;h\u00e9ritage des ann\u00e9es 1960 et 1970, a su d\u00e9fricher de nouveaux territoires, des artistes pluri-m\u00e9dia qui, dans le sillage de la d\u00e9marche de leurs pr\u00e9d\u00e9cesseurs, produisent installation, film, livre, performance, photographie\u2026 Le studio aide les \u00e9l\u00e8ves \u00e0 int\u00e9grer \u00e0 leur d\u00e9marche esth\u00e9tique de designer des m\u00e9canismes contemporains de cr\u00e9ation de formes.<\/p>\n<p>&nbsp;<\/p>\n<h1>Anthony Ashcroft<\/h1>\n<p><a href=\"http:\/\/blog.ensci.com\/phenorama\/studio-de-creation-3\/anthony-ashcroft-phenorama\/\" rel=\"attachment wp-att-1180\"><img loading=\"lazy\" decoding=\"async\" alt=\"anthony ashcroft-phenorama\" src=\"http:\/\/blog.ensci.com\/phenorama\/files\/2013\/12\/anthony-ashcroft-phenorama.jpg\" width=\"450\" height=\"600\" \/><\/a><\/p>\n<p><a href=\"http:\/\/blog.ensci.com\/phenorama\/studio-de-creation-3\/anthony-ashcrof02t-phenorama\/\" rel=\"attachment wp-att-1181\"><img loading=\"lazy\" decoding=\"async\" alt=\"anthony ashcrof02t-phenorama\" src=\"http:\/\/blog.ensci.com\/phenorama\/files\/2013\/12\/anthony-ashcrof02t-phenorama.jpg\" width=\"450\" height=\"600\" \/><\/a><\/p>\n<h1><\/h1>\n","protected":false},"excerpt":{"rendered":"<p>Permettre aux \u00e9tudiants, futurs acteurs de l&rsquo;industrie, de se forger un regard sur les \u00ab formes \u00bb produites par la soci\u00e9t\u00e9 industrielle actuelle, \u00ab sur ces nouveaux sc\u00e9narios peupl\u00e9s d&rsquo;objets que l&rsquo;industrie propose et que l&rsquo;on parcourt quotidiennement \u00bb. Le&hellip;<\/p>\n<p class=\"more-link-p\"><a class=\"more-link\" href=\"https:\/\/blog.ensci.com\/phenorama\/studio-de-creation-3\/\">Read more &rarr;<\/a><\/p>\n","protected":false},"author":302,"featured_media":0,"parent":0,"menu_order":0,"comment_status":"open","ping_status":"open","template":"","meta":{"spay_email":"","footnotes":"","_links_to":"","_links_to_target":""},"class_list":["post-1179","page","type-page","status-publish","hentry"],"_links":{"self":[{"href":"https:\/\/blog.ensci.com\/phenorama\/wp-json\/wp\/v2\/pages\/1179","targetHints":{"allow":["GET"]}}],"collection":[{"href":"https:\/\/blog.ensci.com\/phenorama\/wp-json\/wp\/v2\/pages"}],"about":[{"href":"https:\/\/blog.ensci.com\/phenorama\/wp-json\/wp\/v2\/types\/page"}],"author":[{"embeddable":true,"href":"https:\/\/blog.ensci.com\/phenorama\/wp-json\/wp\/v2\/users\/302"}],"replies":[{"embeddable":true,"href":"https:\/\/blog.ensci.com\/phenorama\/wp-json\/wp\/v2\/comments?post=1179"}],"version-history":[{"count":2,"href":"https:\/\/blog.ensci.com\/phenorama\/wp-json\/wp\/v2\/pages\/1179\/revisions"}],"predecessor-version":[{"id":1185,"href":"https:\/\/blog.ensci.com\/phenorama\/wp-json\/wp\/v2\/pages\/1179\/revisions\/1185"}],"wp:attachment":[{"href":"https:\/\/blog.ensci.com\/phenorama\/wp-json\/wp\/v2\/media?parent=1179"}],"curies":[{"name":"wp","href":"https:\/\/api.w.org\/{rel}","templated":true}]}}