{"id":1143,"date":"2013-12-06T12:59:32","date_gmt":"2013-12-06T12:59:32","guid":{"rendered":"http:\/\/blog.ensci.com\/phenorama\/?page_id=1143"},"modified":"2013-12-16T15:59:10","modified_gmt":"2013-12-16T15:59:10","slug":"phenorama-studio-de-creation","status":"publish","type":"page","link":"https:\/\/blog.ensci.com\/phenorama\/phenorama-studio-de-creation\/","title":{"rendered":"ph\u00e9norama"},"content":{"rendered":"<p>&nbsp;<\/p>\n<p>Rien ne se perd, rien ne se cr\u00e9\u00e9, tout se transforme : c&rsquo;est ici la question du ph\u00e9nom\u00e8ne physique dans toutes ses diversit\u00e9s qui est mise en avant et trait\u00e9e dans cette exposition.<\/p>\n<div>\n<p>Empreints de force, d&rsquo;intelligence conceptuelle, et d&rsquo;ing\u00e9niosit\u00e9 technique, ces travaux pr\u00e9f\u00e8rent une solution non violente \u00e0 l&rsquo;utilisation d&rsquo;armes \u00e0 feu pour r\u00e9soudre les probl\u00e8mes li\u00e9s \u00e0 la fois au concept d&rsquo;exposition et \u00e0 la question de l&rsquo;implication de la science dans l&rsquo;art.<\/p>\n<p>Ce th\u00e8me nous renvoie bien \u00e9videmment au personnage de macGyver, h\u00e9ro dont le principal actif est la mise en pratique des connaissances scientifiques et l&rsquo;utilisation inventive des objets \u00e0 sa disposition, tout en n&rsquo;utilisant que son couteau suisse.<\/p>\n<p>Cependant, c&rsquo;est la mise en forme de ces concepts qui cr\u00e9\u00e9 l&rsquo;\u0153uvre d&rsquo;art : \u00ab C&rsquo;est par l&rsquo;esth\u00e9tisation de divers ph\u00e9nom\u00e8nes que nous avons \u00e9t\u00e9 amen\u00e9s \u00e0 concevoir des oeuvres vari\u00e9es qui pourtant sont infiniment li\u00e9es par la question des sciences physiques. \u00bb<\/p>\n<p>Les solutions intelligentes qu&rsquo;il met en \u0153uvre pour r\u00e9soudre des probl\u00e8mes apparemment insolubles &#8211; souvent d&rsquo;ailleurs dans des situations de vie ou de mort, l&rsquo;obligeant \u00e0 improviser des dispositifs complexes en quelques minutes &#8211; ont \u00e9t\u00e9 une attraction majeure.<\/p>\n<p>Tous les exploits de ce h\u00e9ros sont fond\u00e9s sur des principes scientifiques.<\/p>\n<p>&nbsp;<\/p>\n<h1>Germain Magat<\/h1>\n<div id=\"authors\">Vortex decoding<\/div>\n<p>L&rsquo;installation est constitu\u00e9e de deux canons \u00e0 vortex dans lequel est inject\u00e9 de la fum\u00e9e.<br \/>\nLeur d\u00e9clenchement est automatis\u00e9 par une pulsation des membranes de haut- parleurs.<\/p>\n<p>Les indiens des plaines d&rsquo;am\u00e9rique du nord produisaient des signaux de fum\u00e9e pour communiquer sur de longues distances. Ces communaut\u00e9s indig\u00e8nes, ayant chacune un dialecte diff\u00e9rent, pouvaient alors \u00e9changer des messages gr\u00e2ce \u00e0 ce langage cod\u00e9.<\/p>\n<p>Depuis 1982, dans la r\u00e9gion de Povarovo, en Russie, un \u00e9metteur\u00a0radio ondes courtes diffuse d&rsquo;\u00e9tranges signaux sonores constitu\u00e9s de bips, buzz et bourdonnements. Surnomm\u00e9 the buzzer, l&rsquo;origine et le r\u00f4le de\u00a0cette radio restent un myst\u00e8re pour le grand public. Elle exerce une v\u00e9ritable fascination et alimente les fantasmes. Il est donc question de communication cod\u00e9e.<br \/>\nMon travail consiste \u00e0 pr\u00e9senter un dispostif qui automatise un mode de communication aujourd&rsquo;hui d\u00e9suet, et, ici, d\u00e9nu\u00e9 d&rsquo;intention et d&rsquo;interpr\u00e9tation, pour tenter d&rsquo;entrevoir sa substance, sa forme, son rythme et sa force.<\/p>\n<p><a href=\"http:\/\/blog.ensci.com\/phenorama\/phenorama-studio-de-creation\/germain-magat-phenorama\/\" rel=\"attachment wp-att-1144\"><img loading=\"lazy\" decoding=\"async\" class=\"alignleft  wp-image-1144\" alt=\"germain magat-phenorama\" src=\"http:\/\/blog.ensci.com\/phenorama\/files\/2013\/12\/germain-magat-phenorama.jpg\" width=\"560\" height=\"420\" srcset=\"https:\/\/blog.ensci.com\/phenorama\/files\/2013\/12\/germain-magat-phenorama.jpg 800w, https:\/\/blog.ensci.com\/phenorama\/files\/2013\/12\/germain-magat-phenorama-300x225.jpg 300w, https:\/\/blog.ensci.com\/phenorama\/files\/2013\/12\/germain-magat-phenorama-785x588.jpg 785w\" sizes=\"auto, (max-width: 560px) 100vw, 560px\" \/><\/a><\/p>\n<p>&nbsp;<\/p>\n<p>&nbsp;<\/p>\n<p>&nbsp;<\/p>\n<p>&nbsp;<\/p>\n<p>&nbsp;<\/p>\n<p>&nbsp;<\/p>\n<p>&nbsp;<\/p>\n<p>&nbsp;<\/p>\n<p>&nbsp;<\/p>\n<p>&nbsp;<\/p>\n<p>&nbsp;<\/p>\n<p>&nbsp;<\/p>\n<p>&nbsp;<\/p>\n<p>&nbsp;<\/p>\n<p><a href=\"http:\/\/blog.ensci.com\/phenorama\/phenorama-studio-de-creation\/germain-magat03-phenorama\/\" rel=\"attachment wp-att-1151\"><img loading=\"lazy\" decoding=\"async\" class=\"alignleft  wp-image-1151\" alt=\"germain magat03-phenorama\" src=\"http:\/\/blog.ensci.com\/phenorama\/files\/2013\/12\/germain-magat03-phenorama.jpg\" width=\"560\" height=\"420\" srcset=\"https:\/\/blog.ensci.com\/phenorama\/files\/2013\/12\/germain-magat03-phenorama.jpg 800w, https:\/\/blog.ensci.com\/phenorama\/files\/2013\/12\/germain-magat03-phenorama-300x225.jpg 300w, https:\/\/blog.ensci.com\/phenorama\/files\/2013\/12\/germain-magat03-phenorama-785x588.jpg 785w\" sizes=\"auto, (max-width: 560px) 100vw, 560px\" \/><\/a><\/p>\n<h1><\/h1>\n<p><a href=\"http:\/\/blog.ensci.com\/phenorama\/phenorama-studio-de-creation\/germain-magat01-phenorama\/\" rel=\"attachment wp-att-1145\">\u00a0<\/a><\/p>\n<p>&nbsp;<\/p>\n<p>&nbsp;<\/p>\n<p>&nbsp;<\/p>\n<p>&nbsp;<\/p>\n<p>&nbsp;<\/p>\n<p>&nbsp;<\/p>\n<p>&nbsp;<\/p>\n<p>&nbsp;<\/p>\n<p>&nbsp;<\/p>\n<p>&nbsp;<\/p>\n<p>&nbsp;<\/p>\n<p><a href=\"http:\/\/blog.ensci.com\/phenorama\/phenorama-studio-de-creation\/germain-magat01-phenorama\/\" rel=\"attachment wp-att-1145\"><img loading=\"lazy\" decoding=\"async\" alt=\"germain magat01-phenorama\" src=\"http:\/\/blog.ensci.com\/phenorama\/files\/2013\/12\/germain-magat01-phenorama.jpg\" width=\"560\" height=\"420\" \/><\/a><\/p>\n<p>&nbsp;<\/p>\n<h1>Kristina Sandqvist<\/h1>\n<div id=\"authors\">R\u00e9sonance color\u00e9e.<\/div>\n<p>Un film plastique recouvert d&rsquo;eau color\u00e9e est tendu au-dessus d&rsquo;un haut-parleur. L&rsquo;eau se met en mouvement au rythme des sons \u00e9mis par le haut-parleur dans un spectre de fr\u00e9quences comprises entre 20 et 100 Hz.<\/p>\n<p>Je m&rsquo;int\u00e9resse au ph\u00e9nom\u00e8ne de la r\u00e9sonance. Avec des \u00e9l\u00e9ments assez bruts, je veux cr\u00e9er une \u0153uvre visuelle qui montre le mouvement issu de la r\u00e9sonance.<\/p>\n<p>Pendant l&rsquo;\u00e9laboration du projet, j&rsquo;ai \u00e9tudi\u00e9 la fa\u00e7on dont on peut \u00ab rendre visible \u00bb le son dans diff\u00e9rents mat\u00e9riaux.<\/p>\n<p>Avec ce dispositif, je propose au visiteur de \u00ab regarder le son \u00bb et d&rsquo;en \u00ab \u00e9couter le mouvement \u00bb.<\/p>\n<p><a href=\"http:\/\/blog.ensci.com\/phenorama\/phenorama-studio-de-creation\/kristina-sandovist-phenorama\/\" rel=\"attachment wp-att-1158\"><img loading=\"lazy\" decoding=\"async\" class=\"alignleft size-full wp-image-1158\" alt=\"kristina sandovist-phenorama\" src=\"http:\/\/blog.ensci.com\/phenorama\/files\/2013\/12\/kristina-sandovist-phenorama.jpg\" width=\"400\" height=\"600\" srcset=\"https:\/\/blog.ensci.com\/phenorama\/files\/2013\/12\/kristina-sandovist-phenorama.jpg 400w, https:\/\/blog.ensci.com\/phenorama\/files\/2013\/12\/kristina-sandovist-phenorama-200x300.jpg 200w\" sizes=\"auto, (max-width: 400px) 100vw, 400px\" \/><\/a><\/p>\n<p>&nbsp;<\/p>\n<p>&nbsp;<\/p>\n<p>&nbsp;<\/p>\n<p>&nbsp;<\/p>\n<p>&nbsp;<\/p>\n<p>&nbsp;<\/p>\n<p>&nbsp;<\/p>\n<p>&nbsp;<\/p>\n<p>&nbsp;<\/p>\n<p>&nbsp;<\/p>\n<p>&nbsp;<\/p>\n<p>&nbsp;<\/p>\n<p>&nbsp;<\/p>\n<p>&nbsp;<\/p>\n<p>&nbsp;<\/p>\n<p>&nbsp;<\/p>\n<p>&nbsp;<\/p>\n<p>&nbsp;<\/p>\n<p>&nbsp;<\/p>\n<p><a href=\"http:\/\/blog.ensci.com\/phenorama\/phenorama-studio-de-creation\/kristina-sandovist01-phenorama\/\" rel=\"attachment wp-att-1159\"><img loading=\"lazy\" decoding=\"async\" alt=\"kristina sandovist01-phenorama\" src=\"http:\/\/blog.ensci.com\/phenorama\/files\/2013\/12\/kristina-sandovist01-phenorama.jpg\" width=\"560\" height=\"420\" \/><\/a><\/p>\n<p>&nbsp;<\/p>\n<p>&nbsp;<\/p>\n<h1>Emilie Grangi\u00e9<\/h1>\n<div id=\"authors\">Interruption.<\/div>\n<p>Interrogeant les ph\u00e9nom\u00e8nes de gravit\u00e9 et d&rsquo;\u00e9lectrostatique, Interruption est une colonne de sout\u00e8nement interrompue \u00e0 mi-hauteur par un vide \u00a0de quatre centim\u00e8tres dans lequel de petits bouts de papier entra\u00een\u00e9s par un disque vinyle charg\u00e9 en \u00e9lectricit\u00e9 statique, se dressent et dansent.<\/p>\n<p>En attirant l&rsquo;attention sur un \u00e9l\u00e9ment structurel faisant partie de notre quotidien, cette installation montre une colonne qui, au premier abord, ressemble aux autres, mais se r\u00e9v\u00e8le incongrue et structurellement impossible d\u00e8s que le regard s&rsquo;y attarde.\u00a0Sa fonction principale lui ayant \u00e9t\u00e9 retir\u00e9e, elle semble n&rsquo;avoir pour seule raison d&rsquo;\u00eatre que de laisser place au questionnement.<\/p>\n<p><a href=\"http:\/\/blog.ensci.com\/phenorama\/phenorama-studio-de-creation\/emilie-grangie-phenorama\/\" rel=\"attachment wp-att-1161\"><img loading=\"lazy\" decoding=\"async\" class=\"alignleft size-full wp-image-1161\" alt=\"emilie grangie-phenorama\" src=\"http:\/\/blog.ensci.com\/phenorama\/files\/2013\/12\/emilie-grangie-phenorama.jpg\" width=\"404\" height=\"600\" srcset=\"https:\/\/blog.ensci.com\/phenorama\/files\/2013\/12\/emilie-grangie-phenorama.jpg 404w, https:\/\/blog.ensci.com\/phenorama\/files\/2013\/12\/emilie-grangie-phenorama-202x300.jpg 202w\" sizes=\"auto, (max-width: 404px) 100vw, 404px\" \/><\/a><\/p>\n<p>&nbsp;<\/p>\n<p>&nbsp;<\/p>\n<p>&nbsp;<\/p>\n<p>&nbsp;<\/p>\n<p>&nbsp;<\/p>\n<p>&nbsp;<\/p>\n<p>&nbsp;<\/p>\n<p>&nbsp;<\/p>\n<p>&nbsp;<\/p>\n<p>&nbsp;<\/p>\n<p>&nbsp;<\/p>\n<p>&nbsp;<\/p>\n<p>&nbsp;<\/p>\n<p>&nbsp;<\/p>\n<p>&nbsp;<\/p>\n<p>&nbsp;<\/p>\n<p>&nbsp;<\/p>\n<p>&nbsp;<\/p>\n<p>&nbsp;<\/p>\n<p>&nbsp;<\/p>\n<p><a href=\"http:\/\/blog.ensci.com\/phenorama\/phenorama-studio-de-creation\/emilie-grange-phenorama\/\" rel=\"attachment wp-att-1201\"><img loading=\"lazy\" decoding=\"async\" class=\"alignleft  wp-image-1201\" alt=\"emilie grange-phenorama\" src=\"http:\/\/blog.ensci.com\/phenorama\/files\/2013\/12\/emilie-grange-phenorama.jpg\" width=\"766\" height=\"555\" srcset=\"https:\/\/blog.ensci.com\/phenorama\/files\/2013\/12\/emilie-grange-phenorama.jpg 2126w, https:\/\/blog.ensci.com\/phenorama\/files\/2013\/12\/emilie-grange-phenorama-300x217.jpg 300w, https:\/\/blog.ensci.com\/phenorama\/files\/2013\/12\/emilie-grange-phenorama-785x568.jpg 785w\" sizes=\"auto, (max-width: 766px) 100vw, 766px\" \/><\/a><\/p>\n<p>&nbsp;<\/p>\n<p>&nbsp;<\/p>\n<p>&nbsp;<\/p>\n<p>&nbsp;<\/p>\n<p>&nbsp;<\/p>\n<p>&nbsp;<\/p>\n<p>&nbsp;<\/p>\n<p>&nbsp;<\/p>\n<p>&nbsp;<\/p>\n<p>&nbsp;<\/p>\n<p>&nbsp;<\/p>\n<p>&nbsp;<\/p>\n<p>&nbsp;<\/p>\n<p>&nbsp;<\/p>\n<p>&nbsp;<\/p>\n<p>&nbsp;<\/p>\n<p>&nbsp;<\/p>\n<p>&nbsp;<\/p>\n<p><span class=\"Apple-style-span\" style=\"font-size: 26px;font-weight: bold\">Elisabeth Yau<\/span><\/p>\n<div id=\"authors\">\n<p>Aquarium.<\/p>\n<\/div>\n<p>La bo\u00eete en plastique est constitu\u00e9e de plaques acryliques coll\u00e9es. Des lentilles alimentaires sont peintes en jaune et bleu sombre. la solution est form\u00e9e d&rsquo;eau, de vinaigre, de bicarbonate de soude et de colorant alimentaire. Enfin, la bo\u00eete est entour\u00e9 par du bicarbonate de soude. Ce ph\u00e9nom\u00e8ne traite du Principe d&rsquo;archim\u00e8de. les boules de dioxyde de carbone sont attir\u00e9es par les lentilles, ce qui augmente leur volume. La force de flottaison augmente et pousse les lentilles vers le haut. Quand le dioxyde de carbone s&rsquo;\u00e9chappe dans l&rsquo;atmosph\u00e8re, les lentilles retombent.<\/p>\n<p>Je donne souvent \u00e0 mes \u0153uvres une esth\u00e9tique l\u00e9g\u00e8re, douce et propre. La transparence du plastique, la lumi\u00e8re qui passe \u00e0 travers et les couleurs vives cr\u00e9ent une ambiance chaleureuse inspir\u00e9 par le vivant. La dance impr\u00e9visible et irr\u00e9guli\u00e8re des lentilles, nous invite \u00e0 attendre le prochain soubresaut, s&rsquo;il y en a un. Prenez une pinc\u00e9e de bicarbonate de soude et regardez, l&rsquo;aquarium devient vivant.<\/p>\n<p><a href=\"http:\/\/www.dailymotion.com\/video\/xo7dhv_aquarium_creation\">http:\/\/www.dailymotion.com\/video\/xo7dhv_aquarium_creation<\/a><\/p>\n<p><a href=\"http:\/\/blog.ensci.com\/phenorama\/phenorama-studio-de-creation\/elisabeth-yau-phenorama\/\" rel=\"attachment wp-att-1165\"><img loading=\"lazy\" decoding=\"async\" class=\"alignleft size-full wp-image-1165\" alt=\"elisabeth yau-phenorama\" src=\"http:\/\/blog.ensci.com\/phenorama\/files\/2013\/12\/elisabeth-yau-phenorama.jpg\" width=\"399\" height=\"600\" srcset=\"https:\/\/blog.ensci.com\/phenorama\/files\/2013\/12\/elisabeth-yau-phenorama.jpg 399w, https:\/\/blog.ensci.com\/phenorama\/files\/2013\/12\/elisabeth-yau-phenorama-199x300.jpg 199w\" sizes=\"auto, (max-width: 399px) 100vw, 399px\" \/><\/a><\/p>\n<p>&nbsp;<\/p>\n<p>&nbsp;<\/p>\n<p>&nbsp;<\/p>\n<p>&nbsp;<\/p>\n<p>&nbsp;<\/p>\n<p>&nbsp;<\/p>\n<p>&nbsp;<\/p>\n<p>&nbsp;<\/p>\n<p><a href=\"http:\/\/blog.ensci.com\/phenorama\/phenorama-studio-de-creation\/kristina-sandovist01-phenorama\/\" rel=\"attachment wp-att-1159\">\u00a0<\/a><\/p>\n<p>&nbsp;<\/p>\n<p>&nbsp;<\/p>\n<p>&nbsp;<\/p>\n<p>&nbsp;<\/p>\n<p>&nbsp;<\/p>\n<p>&nbsp;<\/p>\n<p>&nbsp;<\/p>\n<p>&nbsp;<\/p>\n<p>&nbsp;<\/p>\n<p>&nbsp;<\/p>\n<p>&nbsp;<\/p>\n<h1>Marta Polenghi<\/h1>\n<p>Imperceptiblement perceptible. Coton, oeillets, colorants alimentaires.<br \/>\nChaque jour nous sommes entour\u00e9s\u00a0par de la mati\u00e8re qui se transforme graduellement. Parfois le ph\u00e9nom\u00e8ne physique est bien \u00e9vident, parfois il\u00a0faut quelque chose d&rsquo;autre pour s&rsquo;en rendre compte. J&rsquo;ai choisi de mettre en \u00e9vidence la fa\u00e7on dont les fleurs boivent de l&rsquo;eau constamment pour continuer le cycle de la vie. Cela fait partie de notre quotidien. Et pourtant on n&rsquo;y fait pas attention. mais voil\u00e0, il suffit d&rsquo;ajouter un peu de couleur dans l&rsquo;eau pour\u00a0en changer la nature et le rendre ce ph\u00e9nom\u00e8ne visible. C&rsquo;est terriblement simple, mais en m\u00eame temps il faut mettre ses sens en \u00e9veil, bien regarder et savoir attendre. C&rsquo;est le temps qui passe qui va cr\u00e9er la beaut\u00e9 de ce ph\u00e9nom\u00e8ne.<\/p>\n<p>Les fleurs sont pr\u00e9sent\u00e9es dans leur simplicit\u00e9, plong\u00e9es dans du coton imbib\u00e9 d&rsquo;eau color\u00e9e.<\/p>\n<p>Minimalisme et simplicit\u00e9 sont les mots-cl\u00e9s pour exposer un ph\u00e9nom\u00e8ne aussi naturel.<\/p>\n<p>&nbsp;<\/p>\n<p><a href=\"http:\/\/blog.ensci.com\/phenorama\/phenorama-studio-de-creation\/marta-polenghi-phenorama\/\" rel=\"attachment wp-att-1168\"><img loading=\"lazy\" decoding=\"async\" class=\"alignleft size-full wp-image-1168\" alt=\"marta polenghi-phenorama\" src=\"http:\/\/blog.ensci.com\/phenorama\/files\/2013\/12\/marta-polenghi-phenorama.jpg\" width=\"400\" height=\"600\" srcset=\"https:\/\/blog.ensci.com\/phenorama\/files\/2013\/12\/marta-polenghi-phenorama.jpg 400w, https:\/\/blog.ensci.com\/phenorama\/files\/2013\/12\/marta-polenghi-phenorama-200x300.jpg 200w\" sizes=\"auto, (max-width: 400px) 100vw, 400px\" \/><\/a><a href=\"http:\/\/blog.ensci.com\/phenorama\/phenorama-studio-de-creation\/marta-polenghi01-phenorama\/\" rel=\"attachment wp-att-1169\"><br \/>\n<\/a><\/p>\n<p>&nbsp;<\/p>\n<p>&nbsp;<\/p>\n<p>&nbsp;<\/p>\n<p>&nbsp;<\/p>\n<p>&nbsp;<\/p>\n<p>&nbsp;<\/p>\n<p>&nbsp;<\/p>\n<p>&nbsp;<\/p>\n<p>&nbsp;<\/p>\n<p>&nbsp;<\/p>\n<p>&nbsp;<\/p>\n<p>&nbsp;<\/p>\n<p>&nbsp;<\/p>\n<p>&nbsp;<\/p>\n<p>&nbsp;<\/p>\n<p>&nbsp;<\/p>\n<p>&nbsp;<\/p>\n<p>&nbsp;<\/p>\n<p><a href=\"http:\/\/blog.ensci.com\/phenorama\/phenorama-studio-de-creation\/marta-polenghi01-phenorama\/\" rel=\"attachment wp-att-1169\"><img loading=\"lazy\" decoding=\"async\" alt=\"marta polenghi01-phenorama\" src=\"http:\/\/blog.ensci.com\/phenorama\/files\/2013\/12\/marta-polenghi01-phenorama.jpg\" width=\"560\" height=\"420\" \/><\/a><\/p>\n<p>&nbsp;<\/p>\n<h1>Guillaume Pichot<\/h1>\n<p>Comportement. vid\u00e9o : 3,36mn.<br \/>\nIl s&rsquo;agit d&rsquo;une vid\u00e9o pr\u00e9sentant un dispositif compos\u00e9 de trois tasseaux de bois dispos\u00e9s verticalement et espac\u00e9s de quelques centim\u00e8tres.<\/p>\n<p>Plac\u00e9 sous la vis d&rsquo;une presse on peut observer l&rsquo;action de la vis descendant lentement exercer une pression sur les pi\u00e8ces de bois.<\/p>\n<p>Cette pression appliqu\u00e9e lentement provoque le ploiement, l&rsquo;\u00e9clatement puis l&rsquo;arrachement des fibres. Durant cette p\u00e9riode, des ph\u00e9nom\u00e8nes sonores viennent souligner l&rsquo;effet oppressant par des bruits plus ou moins secs d&rsquo;\u00e9clatement et de fum\u00e9e soulev\u00e9e\u00a0par les vibrations. le temps et les intervalles irr\u00e9guliers des ph\u00e9nom\u00e8nes physiques ont pour but de provoquer un sentiment de curiosit\u00e9, voir d&rsquo;oppression chez le spectateur.<\/p>\n<p>Ces sentiments sont lib\u00e9r\u00e9s de tous effets par la chute des tasseaux sur le sol.<\/p>\n<p><a href=\"http:\/\/blog.ensci.com\/phenorama\/phenorama-studio-de-creation\/guillaume-pichot-phenorama\/\" rel=\"attachment wp-att-1172\"><img loading=\"lazy\" decoding=\"async\" class=\"alignleft  wp-image-1172\" alt=\"guillaume pichot-phenorama\" src=\"http:\/\/blog.ensci.com\/phenorama\/files\/2013\/12\/guillaume-pichot-phenorama.jpg\" width=\"560\" height=\"420\" srcset=\"https:\/\/blog.ensci.com\/phenorama\/files\/2013\/12\/guillaume-pichot-phenorama.jpg 800w, https:\/\/blog.ensci.com\/phenorama\/files\/2013\/12\/guillaume-pichot-phenorama-300x225.jpg 300w, https:\/\/blog.ensci.com\/phenorama\/files\/2013\/12\/guillaume-pichot-phenorama-785x588.jpg 785w\" sizes=\"auto, (max-width: 560px) 100vw, 560px\" \/><\/a> <a href=\"http:\/\/blog.ensci.com\/phenorama\/phenorama-studio-de-creation\/guillaume-pichot01-phenorama\/\" rel=\"attachment wp-att-1173\"><br \/>\n<\/a><\/p>\n<p>&nbsp;<\/p>\n<p>&nbsp;<\/p>\n<p>&nbsp;<\/p>\n<p>&nbsp;<\/p>\n<p>&nbsp;<\/p>\n<p>&nbsp;<\/p>\n<p>&nbsp;<\/p>\n<p>&nbsp;<\/p>\n<p>&nbsp;<\/p>\n<p>&nbsp;<\/p>\n<p>&nbsp;<\/p>\n<p>&nbsp;<\/p>\n<p>&nbsp;<\/p>\n<p><a href=\"http:\/\/blog.ensci.com\/phenorama\/phenorama-studio-de-creation\/guillaume-pichot01-phenorama\/\" rel=\"attachment wp-att-1173\"><img loading=\"lazy\" decoding=\"async\" alt=\"guillaume pichot01-phenorama\" src=\"http:\/\/blog.ensci.com\/phenorama\/files\/2013\/12\/guillaume-pichot01-phenorama.jpg\" width=\"560\" height=\"420\" \/><\/a><\/p>\n<p><a href=\"http:\/\/blog.ensci.com\/phenorama\/phenorama-studio-de-creation\/guillaume-pichot02-phenorama\/\" rel=\"attachment wp-att-1174\"><img loading=\"lazy\" decoding=\"async\" alt=\"guillaume pichot02-phenorama\" src=\"http:\/\/blog.ensci.com\/phenorama\/files\/2013\/12\/guillaume-pichot02-phenorama.jpg\" width=\"560\" height=\"420\" \/><\/a><\/p>\n<p>&nbsp;<\/p>\n<p>&nbsp;<\/p>\n<p><a href=\"http:\/\/blog.ensci.com\/phenorama\/phenorama-studio-de-creation\/guillaume-pichot02-phenorama\/\" rel=\"attachment wp-att-1174\">\u00a0<\/a><\/p>\n<\/div>\n","protected":false},"excerpt":{"rendered":"<p>&nbsp; Rien ne se perd, rien ne se cr\u00e9\u00e9, tout se transforme : c&rsquo;est ici la question du ph\u00e9nom\u00e8ne physique dans toutes ses diversit\u00e9s qui est mise en avant et trait\u00e9e dans cette exposition. Empreints de force, d&rsquo;intelligence conceptuelle, et&hellip;<\/p>\n<p class=\"more-link-p\"><a class=\"more-link\" href=\"https:\/\/blog.ensci.com\/phenorama\/phenorama-studio-de-creation\/\">Read more &rarr;<\/a><\/p>\n","protected":false},"author":302,"featured_media":0,"parent":0,"menu_order":0,"comment_status":"open","ping_status":"open","template":"","meta":{"spay_email":"","footnotes":"","_links_to":"","_links_to_target":""},"class_list":["post-1143","page","type-page","status-publish","hentry"],"_links":{"self":[{"href":"https:\/\/blog.ensci.com\/phenorama\/wp-json\/wp\/v2\/pages\/1143","targetHints":{"allow":["GET"]}}],"collection":[{"href":"https:\/\/blog.ensci.com\/phenorama\/wp-json\/wp\/v2\/pages"}],"about":[{"href":"https:\/\/blog.ensci.com\/phenorama\/wp-json\/wp\/v2\/types\/page"}],"author":[{"embeddable":true,"href":"https:\/\/blog.ensci.com\/phenorama\/wp-json\/wp\/v2\/users\/302"}],"replies":[{"embeddable":true,"href":"https:\/\/blog.ensci.com\/phenorama\/wp-json\/wp\/v2\/comments?post=1143"}],"version-history":[{"count":20,"href":"https:\/\/blog.ensci.com\/phenorama\/wp-json\/wp\/v2\/pages\/1143\/revisions"}],"predecessor-version":[{"id":1205,"href":"https:\/\/blog.ensci.com\/phenorama\/wp-json\/wp\/v2\/pages\/1143\/revisions\/1205"}],"wp:attachment":[{"href":"https:\/\/blog.ensci.com\/phenorama\/wp-json\/wp\/v2\/media?parent=1143"}],"curies":[{"name":"wp","href":"https:\/\/api.w.org\/{rel}","templated":true}]}}