{"id":1082,"date":"2013-11-04T15:41:40","date_gmt":"2013-11-04T15:41:40","guid":{"rendered":"http:\/\/blog.ensci.com\/phenorama\/?page_id=1082"},"modified":"2013-11-04T16:21:17","modified_gmt":"2013-11-04T16:21:17","slug":"documentations","status":"publish","type":"page","link":"https:\/\/blog.ensci.com\/phenorama\/documentations\/","title":{"rendered":"documentations"},"content":{"rendered":"<div>\n<p>. Le patrimoine scientifique et technique du XXe si\u00e8cle : un projet contemporain de sauvegarde<br \/>\nCompte rendu journ\u00e9e organis\u00e9e en 2006 par le\u00a0Centre de Sociologie des Organisations<br \/>\n<a href=\"http:\/\/www.cso.edu\/upload\/pdf_actualites\/cr-121006-cb.pdf\" target=\"_blank\">http:\/\/www.cso.edu\/upload\/pdf_actualites\/cr-121006-cb.pdf<\/a><\/p>\n<\/div>\n<p>. Exposition arch\u00e9ologia au 40m cube \u00e0 Rennes<br \/>\n<a href=\"http:\/\/www.40mcube.org\/www\/index.php\/01-expositions\/2013-2014\/archeologia\" target=\"_blank\">http:\/\/www.40mcube.org\/www\/index.php\/01-expositions\/2013-2014\/archeologia<\/a><\/p>\n<p><span class=\"Apple-style-span\" style=\"font-size: 26px;font-weight: bold\"><span class=\"Apple-style-span\" style=\"font-weight: normal;font-size: 13px\">. Arch\u00e9lologie et art d&rsquo;accomoder les restes : La fouille du \u00ab\u00a0d\u00e9jeuner sous l&rsquo;herbe\u00a0\u00bb de Daniel Spoerri<br \/>\n<\/span><\/span><span class=\"Apple-style-span\" style=\"font-size: 26px;font-weight: bold\"><span class=\"Apple-style-span\" style=\"font-weight: normal;font-size: 13px\"><a href=\"http:\/\/www.inrap.fr\/archeologie-preventive\/Ressources-multimedias\/p-10650-Archeologie-et-Art-d-accommoder-les-restes-La-fouille-du-dejeuner-sous-l-herbe-de-Daniel-Spoerri.htm\" target=\"_blank\">Archeologie-et-Art-d-accommoder-les-restes-La-fouille-du-dejeuner-sous-l-herbe-de-Daniel-Spoerri.htm<\/a><\/span><\/span><\/p>\n<p>. Visite virtuelle de la fouille du d\u00e9jeuner sur l&rsquo;herbe<br \/>\n<a href=\"http:\/\/www.inrap.fr\/archeologie-preventive\/Ressources-multimedias\/Visites-virtuelles\/jouy\/p-10424-La-fouille-du-Dejeuner-sous-l-herbe-de-Daniel-Spoerri-a-Jouy-en-Josas.htm\" target=\"_blank\">Visites-virtuelles-La-fouille-du-Dejeuner-sous-l-herbe-de-Daniel-Spoerri-a-Jouy-en-Josas<\/a><\/p>\n<p>&nbsp;<\/p>\n","protected":false},"excerpt":{"rendered":"<p>. Le patrimoine scientifique et technique du XXe si\u00e8cle : un projet contemporain de sauvegarde Compte rendu journ\u00e9e organis\u00e9e en 2006 par le\u00a0Centre de Sociologie des Organisations http:\/\/www.cso.edu\/upload\/pdf_actualites\/cr-121006-cb.pdf . Exposition arch\u00e9ologia au 40m cube \u00e0 Rennes http:\/\/www.40mcube.org\/www\/index.php\/01-expositions\/2013-2014\/archeologia . Arch\u00e9lologie et&hellip;<\/p>\n<p class=\"more-link-p\"><a class=\"more-link\" href=\"https:\/\/blog.ensci.com\/phenorama\/documentations\/\">Read more &rarr;<\/a><\/p>\n","protected":false},"author":302,"featured_media":0,"parent":0,"menu_order":0,"comment_status":"open","ping_status":"open","template":"","meta":{"spay_email":"","footnotes":"","_links_to":"","_links_to_target":""},"class_list":["post-1082","page","type-page","status-publish","hentry"],"_links":{"self":[{"href":"https:\/\/blog.ensci.com\/phenorama\/wp-json\/wp\/v2\/pages\/1082","targetHints":{"allow":["GET"]}}],"collection":[{"href":"https:\/\/blog.ensci.com\/phenorama\/wp-json\/wp\/v2\/pages"}],"about":[{"href":"https:\/\/blog.ensci.com\/phenorama\/wp-json\/wp\/v2\/types\/page"}],"author":[{"embeddable":true,"href":"https:\/\/blog.ensci.com\/phenorama\/wp-json\/wp\/v2\/users\/302"}],"replies":[{"embeddable":true,"href":"https:\/\/blog.ensci.com\/phenorama\/wp-json\/wp\/v2\/comments?post=1082"}],"version-history":[{"count":7,"href":"https:\/\/blog.ensci.com\/phenorama\/wp-json\/wp\/v2\/pages\/1082\/revisions"}],"predecessor-version":[{"id":1090,"href":"https:\/\/blog.ensci.com\/phenorama\/wp-json\/wp\/v2\/pages\/1082\/revisions\/1090"}],"wp:attachment":[{"href":"https:\/\/blog.ensci.com\/phenorama\/wp-json\/wp\/v2\/media?parent=1082"}],"curies":[{"name":"wp","href":"https:\/\/api.w.org\/{rel}","templated":true}]}}