{"id":2,"date":"2011-01-17T14:54:58","date_gmt":"2011-01-17T14:54:58","guid":{"rendered":"http:\/\/blog.ensci.com\/innovationbydesign\/?page_id=2"},"modified":"2014-08-27T09:03:13","modified_gmt":"2014-08-27T09:03:13","slug":"a-propos","status":"publish","type":"page","link":"https:\/\/blog.ensci.com\/innovationbydesign\/a-propos\/","title":{"rendered":"\u00c0 propos"},"content":{"rendered":"<p>Face aux \u00e9volutions technologiques, aux  bouleversements des sch\u00e9mas de production, aux changements des  paradigmes \u00e9conomiques, et aux modifications de comportements des  consommateurs, l&rsquo;entreprise est plus que jamais confront\u00e9e \u00e0 des enjeux  de diff\u00e9renciation.<br \/>\nAujourd&rsquo;hui, \u00ab l&rsquo;injonction d&rsquo;innover \u00bb \u00e0  laquelle sont confront\u00e9s tous les acteurs \u00e9conomiques tend \u00e0 placer le  design comme une valeur intrins\u00e8que de l&rsquo;entreprise et un levier  essentiel de sa comp\u00e9titivit\u00e9.<br \/>\nInnover par le design, c&rsquo;est par cette  assertion que l&rsquo;ENSCI contribue \u00e0 former les acteurs de l&rsquo;entreprise en  proposant un Mast\u00e8re sp\u00e9cialis\u00e9 qui leur procure tous les \u00e9l\u00e9ments de  compr\u00e9hension, d&rsquo;appropriation pour installer le design de fa\u00e7on durable  et sens\u00e9e au coeur de la strat\u00e9gie d&rsquo;entreprise.<\/p>\n<h3>Objectifs<\/h3>\n<ul>\n<li>Clarifier, comprendre les enjeux du design dans le contexte industriel du XXI\u00e8me si\u00e8cle,<\/li>\n<li>Former des managers qui incarnent le \u00ab Penser en France\u00a0 aujourd&rsquo;hui et demain \u00bb,<\/li>\n<li>Mettre  les chefs de projet d&rsquo;innovation (ing\u00e9nieurs, managers) en situation de  mieux int\u00e9grer le design et d&rsquo;en tirer le meilleur parti comme \u00e9l\u00e9ment  de diff\u00e9renciation et de comp\u00e9titivit\u00e9,<\/li>\n<li>D\u00e9velopper le sens de la cr\u00e9ation en apprenant \u00e0 regarder, \u00e0 faire,<\/li>\n<li>Faire entrer la culture design dans l&rsquo;entreprise.<\/li>\n<\/ul>\n<p>Le  Mast\u00e8re sp\u00e9cialis\u00e9 \u00ab innovation by design \u00bb est un mast\u00e8re sp\u00e9cialis\u00e9  de l&rsquo;ENSCI-Les Ateliers accr\u00e9dit\u00e9 par la Conf\u00e9rence des grandes \u00e9coles.<\/p>\n<p>plus d&rsquo;info : <a href=\"http:\/\/www.ensci.com\/formation-continue\/innovation-by-design\/\">http:\/\/www.ensci.com\/formation-continue\/innovation-by-design\/<\/a><\/p>\n","protected":false},"excerpt":{"rendered":"<p>Face aux \u00e9volutions technologiques, aux bouleversements des sch\u00e9mas de production, aux changements des paradigmes \u00e9conomiques, et aux modifications de comportements des consommateurs, l&rsquo;entreprise est plus que jamais confront\u00e9e \u00e0 des enjeux de diff\u00e9renciation. Aujourd&rsquo;hui, \u00ab l&rsquo;injonction d&rsquo;innover \u00bb \u00e0 laquelle &hellip; <a href=\"https:\/\/blog.ensci.com\/innovationbydesign\/a-propos\/\">Continuer la lecture <span class=\"meta-nav\">&rarr;<\/span><\/a><\/p>\n","protected":false},"author":127,"featured_media":0,"parent":0,"menu_order":0,"comment_status":"open","ping_status":"open","template":"","meta":{"footnotes":"","_links_to":"","_links_to_target":""},"class_list":["post-2","page","type-page","status-publish","hentry"],"_links":{"self":[{"href":"https:\/\/blog.ensci.com\/innovationbydesign\/wp-json\/wp\/v2\/pages\/2","targetHints":{"allow":["GET"]}}],"collection":[{"href":"https:\/\/blog.ensci.com\/innovationbydesign\/wp-json\/wp\/v2\/pages"}],"about":[{"href":"https:\/\/blog.ensci.com\/innovationbydesign\/wp-json\/wp\/v2\/types\/page"}],"author":[{"embeddable":true,"href":"https:\/\/blog.ensci.com\/innovationbydesign\/wp-json\/wp\/v2\/users\/127"}],"replies":[{"embeddable":true,"href":"https:\/\/blog.ensci.com\/innovationbydesign\/wp-json\/wp\/v2\/comments?post=2"}],"version-history":[{"count":5,"href":"https:\/\/blog.ensci.com\/innovationbydesign\/wp-json\/wp\/v2\/pages\/2\/revisions"}],"predecessor-version":[{"id":1658,"href":"https:\/\/blog.ensci.com\/innovationbydesign\/wp-json\/wp\/v2\/pages\/2\/revisions\/1658"}],"wp:attachment":[{"href":"https:\/\/blog.ensci.com\/innovationbydesign\/wp-json\/wp\/v2\/media?parent=2"}],"curies":[{"name":"wp","href":"https:\/\/api.w.org\/{rel}","templated":true}]}}