{"id":38,"date":"2012-11-25T19:50:56","date_gmt":"2012-11-25T18:50:56","guid":{"rendered":"http:\/\/blog.ensci.com\/humanitesnumeriques\/?page_id=38"},"modified":"2013-01-21T17:17:07","modified_gmt":"2013-01-21T16:17:07","slug":"themes-de-travail","status":"publish","type":"page","link":"https:\/\/blog.ensci.com\/humanitesnumeriques\/themes-de-travail\/","title":{"rendered":"Th\u00e8mes de travail"},"content":{"rendered":"<p><strong>\u00a0Th\u00e8mes de travail novembre 2012-janvier 2013<\/strong><\/p>\n<p>Merci d&rsquo;indiquer ici vos th\u00e9matiques (avec des titres explicites), en corrigeant la liste ci-dessous, et de faire un lien vers votre article pr\u00e9sentant votre th\u00e8me de travail.<\/p>\n<p>Parmi ceux que vous avez \u00e9voqu\u00e9s :<\/p>\n<ul>\n<li>Intelligence artificielle, robots<\/li>\n<li><a title=\"Transhumanisme \" href=\"http:\/\/http:\/\/blog.ensci.com\/humanitesnumeriques\/wp-admin\/post.php?post=285&amp;action=edit\">Transhumanisme: Int\u00e9gration du num\u00e9rique dans le corps humain<\/a><\/li>\n<li>Textile intelligent<\/li>\n<li>Cr\u00e9er son entreprise gr\u00e2ce \u00e0 internet<\/li>\n<li>Num\u00e9rique et territoire<\/li>\n<li>Caract\u00e8re \u00ab\u00a0sacr\u00e9\u00a0\u00bb et id\u00e9alis\u00e9 du num\u00e9rique<\/li>\n<li>Technoscepticisme<\/li>\n<li>Co\u00fbts<\/li>\n<li><a href=\"http:\/\/blog.ensci.com\/humanitesnumeriques\/2012\/12\/02\/du-livre-a-le-book-chez-les-plus-petits\/\">Livre num\u00e9rique\u00a0jeunesse<\/a><\/li>\n<li><a href=\"https:\/\/docs.google.com\/file\/d\/0B-MoaciCCIfhSDluVTZNQUs2VVE\/edit\">Les TIC dans les pays en\u00a0d\u00e9veloppement<\/a><\/li>\n<li>&#8230;<\/li>\n<\/ul>\n<p>&nbsp;<\/p>\n<p>Pour chaque th\u00e8me, il vous est demand\u00e9 :-<\/p>\n<ul>\n<li>de pr\u00e9ciser une probl\u00e9matique, un angle de travail, un questionnement<\/li>\n<li>d&rsquo;identifier des sources pertinentes et diverses; il est important qu&rsquo;y figurent aussi bien des sources directes que des r\u00e9f\u00e9rences plus r\u00e9flexives (universitaires, experts,&#8230;)<\/li>\n<li>de mener votre enqu\u00eate : chiffres, constats, embarras, exemples, images et citations, entretiens,&#8230; (en temps limit\u00e9, certes); de la publier au fil de l&rsquo;eau.<\/li>\n<li>d&rsquo;en publier la synth\u00e8se et les conclusions (r\u00e9sultats, pistes) sur ce blog, et de la pr\u00e9senter en cours.<\/li>\n<\/ul>\n","protected":false},"excerpt":{"rendered":"<p>\u00a0Th\u00e8mes de travail novembre 2012-janvier 2013 Merci d&rsquo;indiquer ici vos th\u00e9matiques (avec des titres explicites), en corrigeant la liste ci-dessous, et de faire un lien vers votre article pr\u00e9sentant votre th\u00e8me de travail. Parmi ceux que vous avez \u00e9voqu\u00e9s : &hellip; <a href=\"https:\/\/blog.ensci.com\/humanitesnumeriques\/themes-de-travail\/\">Lire la suite <span class=\"meta-nav\">&rarr;<\/span><\/a><\/p>\n","protected":false},"author":106,"featured_media":0,"parent":0,"menu_order":0,"comment_status":"open","ping_status":"open","template":"","meta":{"footnotes":"","_links_to":"","_links_to_target":""},"class_list":["post-38","page","type-page","status-publish","hentry"],"_links":{"self":[{"href":"https:\/\/blog.ensci.com\/humanitesnumeriques\/wp-json\/wp\/v2\/pages\/38","targetHints":{"allow":["GET"]}}],"collection":[{"href":"https:\/\/blog.ensci.com\/humanitesnumeriques\/wp-json\/wp\/v2\/pages"}],"about":[{"href":"https:\/\/blog.ensci.com\/humanitesnumeriques\/wp-json\/wp\/v2\/types\/page"}],"author":[{"embeddable":true,"href":"https:\/\/blog.ensci.com\/humanitesnumeriques\/wp-json\/wp\/v2\/users\/106"}],"replies":[{"embeddable":true,"href":"https:\/\/blog.ensci.com\/humanitesnumeriques\/wp-json\/wp\/v2\/comments?post=38"}],"version-history":[{"count":11,"href":"https:\/\/blog.ensci.com\/humanitesnumeriques\/wp-json\/wp\/v2\/pages\/38\/revisions"}],"predecessor-version":[{"id":507,"href":"https:\/\/blog.ensci.com\/humanitesnumeriques\/wp-json\/wp\/v2\/pages\/38\/revisions\/507"}],"wp:attachment":[{"href":"https:\/\/blog.ensci.com\/humanitesnumeriques\/wp-json\/wp\/v2\/media?parent=38"}],"curies":[{"name":"wp","href":"https:\/\/api.w.org\/{rel}","templated":true}]}}