{"id":36,"date":"2012-11-18T17:45:53","date_gmt":"2012-11-18T17:45:53","guid":{"rendered":"http:\/\/blog.ensci.com\/humanitesnumeriques\/?page_id=36"},"modified":"2013-02-03T16:43:18","modified_gmt":"2013-02-03T15:43:18","slug":"bibliographie","status":"publish","type":"page","link":"https:\/\/blog.ensci.com\/humanitesnumeriques\/bibliographie\/","title":{"rendered":"Bibliographie"},"content":{"rendered":"<p>Cette bibliographie a vocation \u00e0 \u00eatre enrichie par de nouvelles r\u00e9f\u00e9rences, mais aussi par des notes de lecture et documents li\u00e9s. Aux domaines g\u00e9n\u00e9riques, identifi\u00e9s au d\u00e9part, pourront s&rsquo;ajouter des bibliographies sp\u00e9cifiques \u00e0 certains champs (la ville, l&rsquo;\u00e9ducation, la d\u00e9mocratie, la confiance, etc).<\/p>\n<p><strong><em>* Soci\u00e9t\u00e9 de l&rsquo;information<\/em><\/strong><\/p>\n<ul>\n<li>Armand Mattelart, <em>Histoire de la soci\u00e9t\u00e9 de l&rsquo;information<\/em>, Rep\u00e8res, 2004. <a href=\"http:\/\/communication.revues.org\/index2630.html\">Note de lecture d&rsquo;Elodie Crespel.<\/a><\/li>\n<li>Manuel Castells, <em>La soci\u00e9t\u00e9 en r\u00e9seaux<\/em>. <em>La Galaxie internet<\/em>.<\/li>\n<li>Patrice Flichy, <em>L&rsquo;Imaginaire d&rsquo;internet<\/em>, La D\u00e9couverte, 2001<\/li>\n<\/ul>\n<p><strong><em>* Usages :<\/em><\/strong><\/p>\n<ul>\n<li>Serge Proulx et Francis Jaureguiberry 2011, <em>Usages et enjeux des technologies de communication<\/em>, Er\u00e8s, 2011. <a>Note de lecture de Julie Denou\u00ebl<\/a>.<\/li>\n<li><em>Communiquer \u00e0 l&rsquo;\u00e8re num\u00e9rique, regards crois\u00e9s sur la sociologie des usages<\/em> (dir. Granjon et Denou\u00ebl), Presses des Mines, 2011. Interview des auteurs dans <a href=\"http:\/\/www.internetactu.net\/2011\/06\/15\/julie-denouel-et-fabien-granjon-les-usages-en-question\/\">InternetActu<\/a>.<\/li>\n<li>Jacques Perriault, <em>La Logique de l\u2019usage. Essai sur les machines a\u0300 communiquer,<\/em> Flammarion, Paris, 1989<\/li>\n<li>Michel de Certeau, (1990) {1980}, <em>L\u2019invention du quotidien<\/em>, T.1, Arts de faire, Paris, Gallimard<\/li>\n<li>Delphine Gardey, <em>Ecrire, calculer, classer,<\/em> La D\u00e9couverte, 2008<\/li>\n<li>Clarisse Herrenschmidt, <em>Les Trois Ecritures<\/em>, Gallimard<\/li>\n<\/ul>\n<p><strong><em>* Technique :<\/em><\/strong><\/p>\n<ul>\n<li>Bruno Latour, <em>Aramis ou l&rsquo;amour des techniques,<\/em> Paris, La D\u00e9couverte, 1992<\/li>\n<li>Gilbert Simondon (1958) <em>Du mode d&rsquo;existence des objets techniques<\/em>, Paris : Aubier<\/li>\n<li>Jacques Ellul, <em>Le Syst\u00e8me technicien<\/em>,<\/li>\n<\/ul>\n<p><strong><em>* Transformations \u00e9conomiques<\/em><\/strong><\/p>\n<ul>\n<li>Jeremy Rifkin, l&rsquo;Age de l&rsquo;Acc\u00e8s<\/li>\n<li>Andr\u00e9 Gorz, <em>L&rsquo;Immat\u00e9riel : connaissance, valeur et capital<\/em>, Paris, Galil\u00e9e, 2003<\/li>\n<li>Philippe Aigrain, Cause commune; Internet et cr\u00e9ation.<\/li>\n<li>Lawrence Lessig, <em>The future of ideas, the fate of the commons in a connected world<\/em>, Random House, 2001<\/li>\n<li>Yann Moulier-Boutang, <em>Le capitalisme cognitif : la nouvelle grande transformation<\/em>, Amsterdam, 2007;<em> L&rsquo;Abeille et l&rsquo;Economiste<\/em>, Carnet Nord, 2010<\/li>\n<\/ul>\n<p><em><strong>* Pouvoir des \u00ab\u00a0amateurs\u00a0\u00bb et reconfiguration de la relation<\/strong><strong> aux usagers<\/strong><\/em><\/p>\n<ul>\n<li>Patrice Flichy, <em>Le Sacre de l&rsquo;Amateur<\/em><\/li>\n<li>Bernard Stiegler<\/li>\n<li>Antoine Hennion<\/li>\n<li>Erich von Hippel, <em>Democratizing innovation<\/em>. Cambridge : MIT Press, 2005<\/li>\n<li>Charles Leadbeater et P. Miller (2004), \u00ab <a href=\"http:\/\/www.demos.co.uk\/publications\/proameconomy\/\">The Pro-Am Revolution : How Enthusiasts are Changing our Economy and Society<\/a> \u00bb.<\/li>\n<\/ul>\n<p><strong><em>* Culture num\u00e9rique, pratiques sociales<\/em><\/strong><\/p>\n<ul>\n<li>Dominique Cardon, <em>La De\u0301mocratie Internet, Promesses et Limites<\/em>, Paris, Ed. Seuil, collection \u00ab la re\u0301publique des ide\u0301es \u00bb 2010; articles et interviews dans Internet Actu.<\/li>\n<li>Antonio Casili, <em>Les liaisons nume\u0301riques, vers une nouvelles sociabilite\u0301 ?<\/em>, Paris, Seuil, 2010<\/li>\n<li>Christian Licoppe (2009) <em>L\u2019e\u0301volution des cultures nume\u0301riques<\/em>, Limoges : Fyp Editions. <a href=\"http:\/\/questionsdecommunication.revues.org\/277\">Note de lecture <\/a>de Med Ali Ben Abed (2010). Le <a href=\"http:\/\/fr.scribd.com\/doc\/23661263\/L-evolution-des-cultures-numeriques-De-la-mutation-du-lien-social-a-l-organisation-du-travail\">chapitre 1 <\/a>de l&rsquo;ouvrage est en ligne : articles de Proulx, Licoppe, etc.<\/li>\n<li>Yann Leroux<\/li>\n<li>Fanny Georges<\/li>\n<li>Danah Boyd \u00ab <a href=\"http:\/\/www.danah.org\/papers\/KnowledgeTree-French.pdf\">Re\u0301seaux sociaux nume\u0301riques : vie prive\u0301e, vie publique, what else ?<\/a> \u00bb 2007<\/li>\n<li>Pekka Himanen, l&rsquo;Ethique hacker et l&rsquo;esprit de l&rsquo;\u00e8re de l&rsquo;information, Exils, 2001<\/li>\n<\/ul>\n","protected":false},"excerpt":{"rendered":"<p>Cette bibliographie a vocation \u00e0 \u00eatre enrichie par de nouvelles r\u00e9f\u00e9rences, mais aussi par des notes de lecture et documents li\u00e9s. Aux domaines g\u00e9n\u00e9riques, identifi\u00e9s au d\u00e9part, pourront s&rsquo;ajouter des bibliographies sp\u00e9cifiques \u00e0 certains champs (la ville, l&rsquo;\u00e9ducation, la d\u00e9mocratie, &hellip; <a href=\"https:\/\/blog.ensci.com\/humanitesnumeriques\/bibliographie\/\">Lire la suite <span class=\"meta-nav\">&rarr;<\/span><\/a><\/p>\n","protected":false},"author":106,"featured_media":0,"parent":0,"menu_order":3,"comment_status":"open","ping_status":"open","template":"","meta":{"footnotes":"","_links_to":"","_links_to_target":""},"class_list":["post-36","page","type-page","status-publish","hentry"],"_links":{"self":[{"href":"https:\/\/blog.ensci.com\/humanitesnumeriques\/wp-json\/wp\/v2\/pages\/36","targetHints":{"allow":["GET"]}}],"collection":[{"href":"https:\/\/blog.ensci.com\/humanitesnumeriques\/wp-json\/wp\/v2\/pages"}],"about":[{"href":"https:\/\/blog.ensci.com\/humanitesnumeriques\/wp-json\/wp\/v2\/types\/page"}],"author":[{"embeddable":true,"href":"https:\/\/blog.ensci.com\/humanitesnumeriques\/wp-json\/wp\/v2\/users\/106"}],"replies":[{"embeddable":true,"href":"https:\/\/blog.ensci.com\/humanitesnumeriques\/wp-json\/wp\/v2\/comments?post=36"}],"version-history":[{"count":5,"href":"https:\/\/blog.ensci.com\/humanitesnumeriques\/wp-json\/wp\/v2\/pages\/36\/revisions"}],"predecessor-version":[{"id":74,"href":"https:\/\/blog.ensci.com\/humanitesnumeriques\/wp-json\/wp\/v2\/pages\/36\/revisions\/74"}],"wp:attachment":[{"href":"https:\/\/blog.ensci.com\/humanitesnumeriques\/wp-json\/wp\/v2\/media?parent=36"}],"curies":[{"name":"wp","href":"https:\/\/api.w.org\/{rel}","templated":true}]}}