{"id":2,"date":"2010-11-09T12:29:18","date_gmt":"2010-11-09T12:29:18","guid":{"rendered":"http:\/\/blog.ensci.com\/enjeuxusages\/?page_id=2"},"modified":"2010-11-10T08:51:45","modified_gmt":"2010-11-10T08:51:45","slug":"a-propos","status":"publish","type":"page","link":"https:\/\/blog.ensci.com\/enjeuxusages\/a-propos\/","title":{"rendered":"\u00c0 propos"},"content":{"rendered":"<p>Cours de Jacques-Fran\u00e7ois MARCHANDISE \u00e0 l&rsquo;ENSCI &#8211; Les Ateliers.<\/p>\n<h4>Objectif<\/h4>\n<p>Comprendre le contexte d&rsquo;ensemble des technologies de l&rsquo;information et de la soci\u00e9t\u00e9 en r\u00e9seau. S&rsquo;approprier de mani\u00e8re active des connaissances et des probl\u00e9matiques. Approches des usages actuels et futurs.<\/p>\n<p>Les \u00ab nouvelles technologies \u00bb sont une composante de plus en plus d\u00e9terminante de chaque activit\u00e9 humaine et posent la question d&rsquo;une r\u00e9volution rapide, violente et subie. La \u00ab soci\u00e9t\u00e9 en r\u00e9seau \u00bb soul\u00e8ve avant tout des probl\u00e9matiques de soci\u00e9t\u00e9. En prenant appui sur des domaines d&rsquo;application concrets, ce cours vise \u00e0 donner une vision des enjeux de ces \u00e9volutions, \u00e0 permettre d&rsquo;en identifier les acteurs et les dynamiques. Il est probable que les designers soient parmi les mieux plac\u00e9s pour faire le lien entre l&rsquo;innovation technologique et les usages, en y apportant l&rsquo;influx de la cr\u00e9ation. Le risque, \u00e0 l&rsquo;inverse, est que la domination du marketing et l&rsquo;autorit\u00e9 de la technologie ne le r\u00e9duisent \u00e0 la position d&rsquo;auxiliaire et non d&rsquo;architecte. Il s&rsquo;agit donc ici d&rsquo;\u00ab armer \u00bb les participants pour les placer en position active.<\/p>\n<h4>Programme<\/h4>\n<p>Les domaines trait\u00e9s sont : culture (cr\u00e9ation, \u00ab produits culturels \u00bb), \u00e9conomie (mod\u00e8les \u00e9conomiques, gratuit-payant), le travail, le commerce et les services, l&rsquo;innovation et le progr\u00e8s, la solidarit\u00e9\/la fracture\/l&rsquo;acc\u00e8s, les enjeux territoriaux, la cit\u00e9 et la d\u00e9mocratie, les transports et la mobilit\u00e9, l&rsquo;habitat et la domotique\/immotique.<\/p>\n","protected":false},"excerpt":{"rendered":"<p>Cours de Jacques-Fran\u00e7ois MARCHANDISE \u00e0 l&rsquo;ENSCI &#8211; Les Ateliers. Objectif Comprendre le contexte d&rsquo;ensemble des technologies de l&rsquo;information et de la soci\u00e9t\u00e9 en r\u00e9seau. S&rsquo;approprier de mani\u00e8re active des connaissances et des probl\u00e9matiques. Approches des usages actuels et futurs. Les &hellip; <a href=\"https:\/\/blog.ensci.com\/enjeuxusages\/a-propos\/\">Continuer la lecture <span class=\"meta-nav\">&rarr;<\/span><\/a><\/p>\n","protected":false},"author":1,"featured_media":0,"parent":0,"menu_order":0,"comment_status":"open","ping_status":"open","template":"","meta":{"footnotes":"","_links_to":"","_links_to_target":""},"class_list":["post-2","page","type-page","status-publish","hentry"],"_links":{"self":[{"href":"https:\/\/blog.ensci.com\/enjeuxusages\/wp-json\/wp\/v2\/pages\/2","targetHints":{"allow":["GET"]}}],"collection":[{"href":"https:\/\/blog.ensci.com\/enjeuxusages\/wp-json\/wp\/v2\/pages"}],"about":[{"href":"https:\/\/blog.ensci.com\/enjeuxusages\/wp-json\/wp\/v2\/types\/page"}],"author":[{"embeddable":true,"href":"https:\/\/blog.ensci.com\/enjeuxusages\/wp-json\/wp\/v2\/users\/1"}],"replies":[{"embeddable":true,"href":"https:\/\/blog.ensci.com\/enjeuxusages\/wp-json\/wp\/v2\/comments?post=2"}],"version-history":[{"count":2,"href":"https:\/\/blog.ensci.com\/enjeuxusages\/wp-json\/wp\/v2\/pages\/2\/revisions"}],"predecessor-version":[{"id":170,"href":"https:\/\/blog.ensci.com\/enjeuxusages\/wp-json\/wp\/v2\/pages\/2\/revisions\/170"}],"wp:attachment":[{"href":"https:\/\/blog.ensci.com\/enjeuxusages\/wp-json\/wp\/v2\/media?parent=2"}],"curies":[{"name":"wp","href":"https:\/\/api.w.org\/{rel}","templated":true}]}}