{"id":925,"date":"2013-03-25T09:34:53","date_gmt":"2013-03-25T09:34:53","guid":{"rendered":"http:\/\/blog.ensci.com\/phenorama\/?page_id=925"},"modified":"2014-11-24T14:32:05","modified_gmt":"2014-11-24T14:32:05","slug":"labex-cap","status":"publish","type":"page","link":"http:\/\/blog.ensci.com\/phenorama\/labex-cap\/","title":{"rendered":"labex cap"},"content":{"rendered":"<p dir=\"ltr\">\n<p dir=\"ltr\">\n<p dir=\"ltr\">Le\u00a0<a href=\"http:\/\/labexcap.fr\" target=\"_blank\"><strong>Laboratoire d\u2019Excellence\u00a0<em>Cr\u00e9ation, Arts et Patrimoines<\/em><\/strong><\/a>\u00a0(acronyme \u00ab\u00a0CAP\u00a0\u00bb), pr\u00e9par\u00e9 en collaboration entre dix-sept laboratoires universitaires et d\u2019enseignement sup\u00e9rieur (\u00e9manant de : l\u2019EHESS, l\u2019EPHE, le CNAM, l\u2019ENC, l\u2019ENSCI, l\u2019ESCP Europe, l\u2019ENSAPLV, l\u2019INHA, l\u2019INP, l\u2019IRCAM, le LCPI ParisTech, l\u2019universit\u00e9 Paris 1 Panth\u00e9on-Sorbonne) et huit \u00e9tablissements patrimoniaux et mus\u00e9aux (BnF, Mus\u00e9e du Louvre, Centre Pompidou, mus\u00e9e du quai Branly, Mus\u00e9e Les Arts d\u00e9coratifs, Mus\u00e9e des Arts et M\u00e9tiers, S\u00e8vres \u2013 Cit\u00e9 de la c\u00e9ramique, La Cit\u00e9 de l\u2019architecture et du patrimoine) fait partie des projets retenus par le gouvernement fran\u00e7ais dans le but de soutenir et amplifier le r\u00f4le et la visibilit\u00e9 internationale des meilleurs laboratoires de recherche du pays. \u00c0 la fois observatoire et laboratoire exp\u00e9rimental, le\u00a0<strong>Labex CAP<\/strong>\u00a0\u00e9tudie les arts, la cr\u00e9ation et les patrimoines et les prend comme points d\u2019appui pour comprendre et accompagner les mutations de la soci\u00e9t\u00e9 contemporaine, connect\u00e9es \u00e0 la mondialisation de la vie \u00e9conomique et des moyens de communications mais aussi des cultures. Ainsi, le\u00a0<strong>Labex CAP<\/strong>\u00a0mobilise des comp\u00e9tences scientifiques vari\u00e9es, dans les domaines des th\u00e9ories esth\u00e9tiques et de la philosophie de l\u2019art, de l\u2019histoire de l\u2019art, de l\u2019architecture et du patrimoine, des \u00e9tudes musicales, de la po\u00e9tique, de l\u2019anthropologie culturelle, de la sociologie de l\u2019art, de l\u2019histoire des techniques mais aussi des techniques de communication et d\u2019information, du design, de la conservation et de la restauration. L\u2019association du\u00a0<strong>Labex CAP<\/strong>\u00a0avec de grandes institutions patrimoniales repr\u00e9sente l\u2019un des points forts du projet\u00a0; l\u2019une de ses ambitions \u00e9tant de permettre enfin la collaboration innovante et porteuse entre, d\u2019une part, des entit\u00e9s de recherche relevant du domaine de l\u2019enseignement sup\u00e9rieur, et d\u2019autre part, des organismes n\u2019y \u00e9tant pas affili\u00e9s. Au moyen de cette ouverture sur les champs extra-universitaires, le\u00a0<strong>Labex CAP<\/strong>\u00a0affiche la volont\u00e9 de favoriser le croisement des regards, des questions, des pratiques et des modalit\u00e9s de recherche. Il s\u2019agit de d\u00e9cloisonner les diff\u00e9rentes approches de l\u2019art, de la cr\u00e9ation et du patrimoine, et, par-del\u00e0, les comp\u00e9tences et professions diverses qui ont trait \u00e0 ces domaines.<\/p>\n","protected":false},"excerpt":{"rendered":"<p>Le\u00a0Laboratoire d\u2019Excellence\u00a0Cr\u00e9ation, Arts et Patrimoines\u00a0(acronyme \u00ab\u00a0CAP\u00a0\u00bb), pr\u00e9par\u00e9 en collaboration entre dix-sept laboratoires universitaires et d\u2019enseignement sup\u00e9rieur (\u00e9manant de : l\u2019EHESS, l\u2019EPHE, le CNAM, l\u2019ENC, l\u2019ENSCI, l\u2019ESCP Europe, l\u2019ENSAPLV, l\u2019INHA, l\u2019INP, l\u2019IRCAM, le LCPI ParisTech, l\u2019universit\u00e9 Paris 1 Panth\u00e9on-Sorbonne) et huit&hellip;<\/p>\n<p class=\"more-link-p\"><a class=\"more-link\" href=\"http:\/\/blog.ensci.com\/phenorama\/labex-cap\/\">Read more &rarr;<\/a><\/p>\n","protected":false},"author":302,"featured_media":0,"parent":0,"menu_order":0,"comment_status":"open","ping_status":"open","template":"","meta":{"spay_email":"","footnotes":"","_links_to":"","_links_to_target":""},"class_list":["post-925","page","type-page","status-publish","hentry"],"_links":{"self":[{"href":"http:\/\/blog.ensci.com\/phenorama\/wp-json\/wp\/v2\/pages\/925","targetHints":{"allow":["GET"]}}],"collection":[{"href":"http:\/\/blog.ensci.com\/phenorama\/wp-json\/wp\/v2\/pages"}],"about":[{"href":"http:\/\/blog.ensci.com\/phenorama\/wp-json\/wp\/v2\/types\/page"}],"author":[{"embeddable":true,"href":"http:\/\/blog.ensci.com\/phenorama\/wp-json\/wp\/v2\/users\/302"}],"replies":[{"embeddable":true,"href":"http:\/\/blog.ensci.com\/phenorama\/wp-json\/wp\/v2\/comments?post=925"}],"version-history":[{"count":3,"href":"http:\/\/blog.ensci.com\/phenorama\/wp-json\/wp\/v2\/pages\/925\/revisions"}],"predecessor-version":[{"id":1642,"href":"http:\/\/blog.ensci.com\/phenorama\/wp-json\/wp\/v2\/pages\/925\/revisions\/1642"}],"wp:attachment":[{"href":"http:\/\/blog.ensci.com\/phenorama\/wp-json\/wp\/v2\/media?parent=925"}],"curies":[{"name":"wp","href":"https:\/\/api.w.org\/{rel}","templated":true}]}}