{"id":1839,"date":"2015-03-12T11:00:01","date_gmt":"2015-03-12T11:00:01","guid":{"rendered":"http:\/\/blog.ensci.com\/phenorama\/?page_id=1839"},"modified":"2015-05-18T09:50:12","modified_gmt":"2015-05-18T09:50:12","slug":"seance-3","status":"publish","type":"page","link":"http:\/\/blog.ensci.com\/phenorama\/seance-3\/","title":{"rendered":"s\u00e9ance \/ 3"},"content":{"rendered":"<p><strong>lundi 23 mars 2015 de 17h \u00e0 20h<br \/>\n<\/strong><b>L\u2019 (a-)synchronisation du projet avec des donn\u00e9es produites en temps r\u00e9el<\/b><\/p>\n<p><strong><strong>Intervenants :<br \/>\n<\/strong><\/strong><strong><strong>. Francis Dhee,\u00a0<\/strong><\/strong>g\u00e9ographe,\u00a0Ecole Nationale des Sciences G\u00e9ographiques,<strong><strong><br \/>\n<\/strong><\/strong><strong><strong>. Thierry Fournier,\u00a0<\/strong><\/strong>artiste, enseignant Ensad,<strong><strong><br \/>\n<\/strong><\/strong><strong><strong>. Pauline Clocher,\u00a0<\/strong><\/strong>\u00e9l\u00e8ve Ensci\/les ateliers studio de cr\u00e9ation ph\u00e9nOrama.<\/p>\n<p>&nbsp;<\/p>\n<p>ECOUTER LE SEMINAIRE<br \/>\n<iframe loading=\"lazy\" src=\"https:\/\/docs.google.com\/a\/ensci.com\/file\/d\/0B8zsHAC54bf_cmZqejhIa1hHRE0\/preview\" width=\"352\" height=\"288\"><\/iframe><\/p>\n<p>L&rsquo;esth\u00e9tique des cartes de <strong>Francis Dhee<\/strong><\/p>\n<p>La carte permet une visualisation efficace de l\u2019information g\u00e9ographique, que celle-ci soit g\u00e9n\u00e9rale comme sur les cartes topographiques ou, th\u00e9matique comme sur les cartes routi\u00e8res, les plans d\u2019urbanismes, de pr\u00e9vention des risques &#8230; Mais comment caract\u00e9riser cette efficacit\u00e9 ? La cartographie est toujours \u00e0 la recherche d\u2019un \u00e9quilibre entre son efficacit\u00e9 &#8211; capacit\u00e9 \u00e0 acc\u00e9der \u00e0 l\u2019information rapidement et sans erreur &#8211; et l\u2019esth\u00e9tique : une carte juste mais \u00ab moche \u00bb ne transmettra pas d\u2019information puisqu\u2019elle ne sera pas lue ! De la d\u00e9finition de la carte au questionnement esth\u00e9tique de celle-ci, est-ce qu\u2019elle peut devenir une \u0153uvre d\u2019art ?<\/p>\n<p>A propos de Francis Dhee : <a href=\"http:\/\/www.esrifrance.fr\/sig2009\/fiche_univ_ensg_carthageo.htm\" target=\"_blank\">Ecole Nationale des Sciences G\u00e9ographiques<\/a><\/p>\n<p>&nbsp;<\/p>\n<div>Pr\u00e9sentation et discussion d\u2019un projet en cours de\u00a0<strong>Thierry Fournier<\/strong><\/div>\n<div><\/div>\n<div>ECOTONE<\/div>\n<div>\n<div>installation en r\u00e9seau, 2015<\/div>\n<div>requ\u00eates twitter, programme 3d temps r\u00e9el, synth\u00e8se vocale, projection ou \u00e9cran lcd<\/div>\n<div><\/div>\n<div>L\u2019installation en r\u00e9seau Ecotone g\u00e9n\u00e8re en permanence un paysage \u00e0 partir de tweets capt\u00e9s en direct et lus par des voix de synth\u00e8se, qui ont tous en commun d\u2019exprimer des d\u00e9sirs. Dans un travelling infini, une cam\u00e9ra se d\u00e9place au ralenti dans ce paradis artificiel g\u00e9n\u00e9r\u00e9 par les paroles. L\u2019\u0153uvre cr\u00e9e un artefact d&rsquo;espace collectif n\u2019existant qu\u2019\u00e0 travers le r\u00e9seau, ainsi qu\u2019une proximit\u00e9 inhabituelle avec (et entre) les pens\u00e9es des internautes ainsi extraites de leur contexte. Elle questionne aussi bien les enjeux de ces paroles jet\u00e9es comme des bouteilles \u00e0 la mer, que les limites fluctuantes entre intime et public sur les r\u00e9seaux sociaux.<\/div>\n<div><\/div>\n<div>Une forme de cartographie est produite ici en direct, qui produit la saisie et la mise en \u00e9vidence d&rsquo;un flux \u00e0 un moment donn\u00e9. Sa temporalit\u00e9 s\u2019ajuste \u00e0 un ph\u00e9nom\u00e8ne qu\u2019elle choisit, d\u00e9code et r\u00e9-encode afin de mettre l\u2019accent sur des enjeux qui s\u2019av\u00e8rent aussi bien comportementaux que sociaux et politiques.<\/div>\n<div><\/div>\n<div><a href=\"http:\/\/blog.ensci.com\/phenorama\/seance-3\/thierry-fournier-phenorama\/\" rel=\"attachment wp-att-1856\"><img loading=\"lazy\" decoding=\"async\" class=\"alignleft wp-image-1856 size-large\" src=\"http:\/\/blog.ensci.com\/phenorama\/files\/2015\/03\/thierry-fournier-ph\u00e9norama-785x491.jpeg\" alt=\"thierry fournier ph\u00e9norama\" width=\"779\" height=\"487\" srcset=\"http:\/\/blog.ensci.com\/phenorama\/files\/2015\/03\/thierry-fournier-ph\u00e9norama-785x491.jpeg 785w, http:\/\/blog.ensci.com\/phenorama\/files\/2015\/03\/thierry-fournier-ph\u00e9norama-300x187.jpeg 300w, http:\/\/blog.ensci.com\/phenorama\/files\/2015\/03\/thierry-fournier-ph\u00e9norama.jpeg 1280w\" sizes=\"auto, (max-width: 779px) 100vw, 779px\" \/><\/a><\/div>\n<div><\/div>\n<div>\n<p>[Cr\u00e9dits : Programmation : Olivier Guillerminet. Coproduction Thierry Fournier, Lux Sc\u00e8ne nationale de Valence, Synesth\u00e9sie dans le cadre de la r\u00e9sidence de Thierry Fournier en 2014-2015. Avec le soutien du DICR\u00e9AM, du Fonds SCAN Rh\u00f4ne-Alpes et de la R\u00e9gion Ile-de-France. Photographie : Ecotone, capture d\u2019\u00e9cran, \u00a9 Thierry Fournier 2015]<\/p>\n<p>A propos de Thierry Fournier : \u00a0<a href=\"http:\/\/www.thierryfournier.net\/accueil\/\" target=\"_blank\">thierryfournier.net<\/a><\/p>\n<\/div>\n<p>&nbsp;<\/p>\n<div>Connected Island de <strong>Pauline Clocher et Etienne Fabre<\/strong><\/div>\n<div>\n<p>Le monde r\u00e9el est dict\u00e9 par le monde virtuel. La survie individuelle est d\u00e9pendante de nos liens virtuels sur le r\u00e9seau. Connected<br \/>\nIsland nous permet de vivre, de conqu\u00e9rir son territoire et d\u2019\u00eatre\u00a0aim\u00e9. Un ami constitue une \u00eele, son r\u00e9seau d\u2019amis constitue les acc\u00e8s<br \/>\n\u00e0\u00a0cette \u00eele. Plus les amis sont intra-conn\u00e9ct\u00e9s, c\u2019est \u00e0 dire connect\u00e9s\u00a0entre eux, plus le territoire associ\u00e9 est vaste et prosp\u00e8re. Au con-<br \/>\ntraire, plus les amis sont ind\u00e9pendants et isol\u00e9s, plus le territoire associ\u00e9 est exigu et \u00e9troit. L\u2019ajout d\u2019un ami est donc \u00e9quivalent \u00e0<br \/>\nune montagne, une colline ou une prairie selon son intra-connectivit\u00e9 et l\u2019intra-connectivit\u00e9 entre ses amis.\u00a0Si les amis poss\u00e8dent<br \/>\ndes liens forts avec leurs amis, alors les\u00a0chemins entre les \u00eelots sont accessibles, larges et d\u00e9blay\u00e9s : les\u00a0autoroutes sont donc le r\u00e9sultat<br \/>\nd\u2019une amiti\u00e9 prosp\u00e8re, les nationales d\u2019une amiti\u00e9 florissante, les d\u00e9partementales d\u2019une fra\u00eeche connaissance, les communales<br \/>\nd\u2019une entente flanchante, les\u00a0routes d\u2019une association agonisante et les chemins d\u2019une trace\u00a0d\u2019affection fan\u00e9e.\u00a0Un like correspond<br \/>\n\u00e0 l\u2019\u00e9closion d\u2019un bourgeon et donc \u00e0 la potentielle production d\u2019oxyg\u00e8ne sur l\u2019ile. Il faut donc entretenir ses relations pour veiller<br \/>\n\u00e0 l\u2019heureuse croissance de ses cultures. Plus les likes sont nombreux, plus le territoire est riche, vivable et exploitable.<br \/>\nPar cons\u00e9quent, la teneur en eau de l\u2019\u00eele est fonction de la fid\u00e9lit\u00e9 de ses amis. En effet, les amis qui interagissent et\u00a0communiquent le plus sont les plus combl\u00e9s en hydratation des\u00a0sols et les saisons des pluies sont plus fr\u00e9quentes.\u00a0Chaque individu poss\u00e8de donc une configuration diff\u00e9rentes de\u00a0rassemblement d\u2019\u00eeles.<br \/>\nAinsi, cet ensemble d\u2019\u00eeles \u00e9volue t-il au\u00a0cours du temps en fonction de nos ajouts d\u2019amis, de nos likes, de\u00a0nos interactions, de nos<br \/>\ncommunications, mais aussi de la perte\u00a0d\u2019un ami.\u00a0Etre ami avec autrui serait bien trop ais\u00e9 si l\u2019on ne devait pas le\u00a0voir IRL<br \/>\n(In the Real Life): il faut l\u2019avoir rencontr\u00e9 en personne et\u00a0que l\u2019accord soit commun.Vous l\u2019aurez donc compris, Connected Island red\u00e9finit les r\u00e8gles du jeux du territoire. Ce n\u2019est plus l\u2019Histoire et la G\u00e9ographie qui<br \/>\nd\u00e9finissent les fronti\u00e8res mais bien la capacit\u00e9 de chaque individu\u00a0\u00e0 socialiser avec les monde r\u00e9el et virtuel qui l\u2019entourent.<br \/>\nC\u2019est\u00a0une conqu\u00eate du territoire \u00e0 l\u2019\u00e9chelle individuelle o\u00f9 chaque personne a la n\u00e9cessit\u00e9 de se constituer un r\u00e9seaux d\u2019amis et donc<br \/>\nd\u2019\u00eeles. C\u2019est aussi une nouvelle d\u00e9finition du r\u00e9seau social puisqu\u2019il\u00a0s\u2019agit maintenant d\u2019int\u00e9r\u00eat commun pour la survie individuelle.<a href=\"http:\/\/blog.ensci.com\/phenorama\/seance-3\/pauline-clocher-phenorama\/\" rel=\"attachment wp-att-1859\"><img loading=\"lazy\" decoding=\"async\" class=\"alignleft wp-image-1859 size-large\" src=\"http:\/\/blog.ensci.com\/phenorama\/files\/2015\/03\/pauline-clocher-phenorama-785x523.jpg\" alt=\"pauline clocher phenorama\" width=\"779\" height=\"519\" srcset=\"http:\/\/blog.ensci.com\/phenorama\/files\/2015\/03\/pauline-clocher-phenorama-785x523.jpg 785w, http:\/\/blog.ensci.com\/phenorama\/files\/2015\/03\/pauline-clocher-phenorama-300x199.jpg 300w\" sizes=\"auto, (max-width: 779px) 100vw, 779px\" \/><\/a><\/p>\n<\/div>\n<\/div>\n<p>Connected Island de Pauline Clocher et Etienne Fabre<\/p>\n<p>&nbsp;<\/p>\n<p>&nbsp;<\/p>\n","protected":false},"excerpt":{"rendered":"<p>lundi 23 mars 2015 de 17h \u00e0 20h L\u2019 (a-)synchronisation du projet avec des donn\u00e9es produites en temps r\u00e9el Intervenants : . Francis Dhee,\u00a0g\u00e9ographe,\u00a0Ecole Nationale des Sciences G\u00e9ographiques, . Thierry Fournier,\u00a0artiste, enseignant Ensad, . Pauline Clocher,\u00a0\u00e9l\u00e8ve Ensci\/les ateliers studio de&hellip;<\/p>\n<p class=\"more-link-p\"><a class=\"more-link\" href=\"http:\/\/blog.ensci.com\/phenorama\/seance-3\/\">Read more &rarr;<\/a><\/p>\n","protected":false},"author":302,"featured_media":0,"parent":0,"menu_order":0,"comment_status":"open","ping_status":"open","template":"","meta":{"spay_email":"","footnotes":"","_links_to":"","_links_to_target":""},"class_list":["post-1839","page","type-page","status-publish","hentry"],"_links":{"self":[{"href":"http:\/\/blog.ensci.com\/phenorama\/wp-json\/wp\/v2\/pages\/1839","targetHints":{"allow":["GET"]}}],"collection":[{"href":"http:\/\/blog.ensci.com\/phenorama\/wp-json\/wp\/v2\/pages"}],"about":[{"href":"http:\/\/blog.ensci.com\/phenorama\/wp-json\/wp\/v2\/types\/page"}],"author":[{"embeddable":true,"href":"http:\/\/blog.ensci.com\/phenorama\/wp-json\/wp\/v2\/users\/302"}],"replies":[{"embeddable":true,"href":"http:\/\/blog.ensci.com\/phenorama\/wp-json\/wp\/v2\/comments?post=1839"}],"version-history":[{"count":32,"href":"http:\/\/blog.ensci.com\/phenorama\/wp-json\/wp\/v2\/pages\/1839\/revisions"}],"predecessor-version":[{"id":1930,"href":"http:\/\/blog.ensci.com\/phenorama\/wp-json\/wp\/v2\/pages\/1839\/revisions\/1930"}],"wp:attachment":[{"href":"http:\/\/blog.ensci.com\/phenorama\/wp-json\/wp\/v2\/media?parent=1839"}],"curies":[{"name":"wp","href":"https:\/\/api.w.org\/{rel}","templated":true}]}}