{"id":1503,"date":"2014-11-07T14:02:11","date_gmt":"2014-11-07T14:02:11","guid":{"rendered":"http:\/\/blog.ensci.com\/phenorama\/?page_id=1503"},"modified":"2014-11-07T14:03:42","modified_gmt":"2014-11-07T14:03:42","slug":"submarino-creation-dann-guillaume","status":"publish","type":"page","link":"http:\/\/blog.ensci.com\/phenorama\/submarino-creation-dann-guillaume\/","title":{"rendered":"Submarino, cr\u00e9ation d&rsquo;Ann Guillaume"},"content":{"rendered":"<p><em>Submarino, Fev 2014<\/em><br \/>\nFilm HD, 10 min, tourn\u00e9 dans les r\u00e9serves du Mus\u00e9e des Arts et M\u00e9tiers\u00a0production Ensci\/ les ateliers<br \/>\net ph\u00e9nOrama \/ Images, technique et postproduction Ram\u00f3n Diago, avec le concours de Jirolamo Raimuni (conseiller scientifique du CNAM), musique : Felicia Atkinson<br \/>\nFilm qui s\u2019inscrit directement dans la ligne du programme de recherche ph\u00e9norama \u00abUchronie des objets techniques\u00bb.<br \/>\nTourn\u00e9 dans les r\u00e9serves du Mus\u00e9e des Arts et M\u00e9tiers, la cam\u00e9ra filme avec un dispositif lumineux particulier ainsi<br \/>\nque des effets l\u2019all\u00e9e central et les \u00e9ta- g\u00e8res ou sont entrepos\u00e9s les \u00abobjets submerg\u00e9s\u00bb<\/p>\n<p><iframe loading=\"lazy\" title=\"Submarino\" src=\"https:\/\/player.vimeo.com\/video\/88078263?dnt=1&amp;app_id=122963\" width=\"560\" height=\"315\" frameborder=\"0\" allow=\"autoplay; fullscreen; picture-in-picture; clipboard-write\"><\/iframe><br \/>\nmot de pass : neverendingobject<\/p>\n<div id=\"img0\" class=\"grow\">\n<div class=\"thumb\">\n<div class=\"thumb-it\">\n<div id=\"img0\" class=\"grow\">\n<div class=\"thumb\">\n<div class=\"thumb-it\"><a class=\"thumb-img\" href=\"http:\/\/annguillaume.fr\/index.php?\/projects\/submarino--film\/#\"><img decoding=\"async\" title=\"\u00a0\" src=\"http:\/\/annguillaume.fr\/files\/gimgs\/th-40_j.jpg\" alt=\"40_j.jpg\" \/><\/a><\/div>\n<\/div>\n<p><strong>\u00a0\u00a0\u00a0<\/strong><\/p>\n<\/div>\n<div id=\"img1\" class=\"grow\">\n<div class=\"thumb\">\n<div class=\"thumb-it\"><a class=\"thumb-img\" href=\"http:\/\/annguillaume.fr\/index.php?\/projects\/submarino--film\/#\"><img decoding=\"async\" title=\"\u00a0\" src=\"http:\/\/annguillaume.fr\/files\/gimgs\/th-40_n.jpg\" alt=\"40_n.jpg\" \/><\/a><\/div>\n<\/div>\n<p><strong>\u00a0\u00a0\u00a0<\/strong><\/p>\n<\/div>\n<div id=\"img2\" class=\"grow\">\n<div class=\"thumb\">\n<div class=\"thumb-it\"><a class=\"thumb-img\" href=\"http:\/\/annguillaume.fr\/index.php?\/projects\/submarino--film\/#\"><img decoding=\"async\" title=\"\u00a0\" src=\"http:\/\/annguillaume.fr\/files\/gimgs\/th-40_m_v2.jpg\" alt=\"40_m_v2.jpg\" \/><\/a><\/div>\n<\/div>\n<p><strong>\u00a0\u00a0\u00a0<\/strong><\/p>\n<\/div>\n<div id=\"img3\" class=\"grow\">\n<div class=\"thumb\">\n<div class=\"thumb-it\"><a class=\"thumb-img\" href=\"http:\/\/annguillaume.fr\/index.php?\/projects\/submarino--film\/#\"><img decoding=\"async\" title=\"\u00a0\" src=\"http:\/\/annguillaume.fr\/files\/gimgs\/th-40_g.jpg\" alt=\"40_g.jpg\" \/><\/a><\/div>\n<\/div>\n<\/div>\n<p><strong>\u00a0 \u00a0<\/strong><strong>\u00a0 \u00a0<\/strong><\/p>\n<\/div>\n<\/div>\n<\/div>\n<div id=\"img3\" class=\"grow\"><\/div>\n","protected":false},"excerpt":{"rendered":"<p>Submarino, Fev 2014 Film HD, 10 min, tourn\u00e9 dans les r\u00e9serves du Mus\u00e9e des Arts et M\u00e9tiers\u00a0production Ensci\/ les ateliers et ph\u00e9nOrama \/ Images, technique et postproduction Ram\u00f3n Diago, avec le concours de Jirolamo Raimuni (conseiller scientifique du CNAM), musique&hellip;<\/p>\n<p class=\"more-link-p\"><a class=\"more-link\" href=\"http:\/\/blog.ensci.com\/phenorama\/submarino-creation-dann-guillaume\/\">Read more &rarr;<\/a><\/p>\n","protected":false},"author":302,"featured_media":0,"parent":0,"menu_order":0,"comment_status":"open","ping_status":"open","template":"","meta":{"spay_email":"","footnotes":"","_links_to":"","_links_to_target":""},"class_list":["post-1503","page","type-page","status-publish","hentry"],"_links":{"self":[{"href":"http:\/\/blog.ensci.com\/phenorama\/wp-json\/wp\/v2\/pages\/1503","targetHints":{"allow":["GET"]}}],"collection":[{"href":"http:\/\/blog.ensci.com\/phenorama\/wp-json\/wp\/v2\/pages"}],"about":[{"href":"http:\/\/blog.ensci.com\/phenorama\/wp-json\/wp\/v2\/types\/page"}],"author":[{"embeddable":true,"href":"http:\/\/blog.ensci.com\/phenorama\/wp-json\/wp\/v2\/users\/302"}],"replies":[{"embeddable":true,"href":"http:\/\/blog.ensci.com\/phenorama\/wp-json\/wp\/v2\/comments?post=1503"}],"version-history":[{"count":2,"href":"http:\/\/blog.ensci.com\/phenorama\/wp-json\/wp\/v2\/pages\/1503\/revisions"}],"predecessor-version":[{"id":1506,"href":"http:\/\/blog.ensci.com\/phenorama\/wp-json\/wp\/v2\/pages\/1503\/revisions\/1506"}],"wp:attachment":[{"href":"http:\/\/blog.ensci.com\/phenorama\/wp-json\/wp\/v2\/media?parent=1503"}],"curies":[{"name":"wp","href":"https:\/\/api.w.org\/{rel}","templated":true}]}}