{"id":121,"date":"2012-11-02T17:01:58","date_gmt":"2012-11-02T17:01:58","guid":{"rendered":"http:\/\/blog.ensci.com\/phenorama\/?page_id=121"},"modified":"2013-01-10T11:56:51","modified_gmt":"2013-01-10T11:56:51","slug":"seance-de-travail-du-27122012","status":"publish","type":"page","link":"http:\/\/blog.ensci.com\/phenorama\/seance-de-travail-du-27122012\/","title":{"rendered":"s\u00e9ance de travail du 10\/01\/2013"},"content":{"rendered":"<p>Ingrid<\/p>\n<p>&nbsp;<\/p>\n<p>Bugs de m\u00e9moire.Travail sur le d\u00e9j\u00e0-vu.<\/p>\n<p>Image mentale. Rapport champ-hors champ. au cin\u00e9ma, on fait 80% de l&rsquo;histoire dans notre imagination \u00e0 partir de ce qu&rsquo;on donne \u00e0 voir.<\/p>\n<p>Ecueil \u00e0 vouloir \u00eatre dans la repr\u00e9sentation des mouvements du cerveau. Partir plut\u00f4t des formes possibles que des mots ou des concepts.<\/p>\n<p>Autre piste: travailler sur la sensation de d\u00e9j\u00e0-vu qu&rsquo;un objet de consommation g\u00e9n\u00e8re lorsqu&rsquo;il tente d&rsquo;imiter un autre objet \u00ab\u00a0original\u00a0\u00bb qui a plus de valeur.<\/p>\n<p>&nbsp;<\/p>\n<p>Groupe Azza, Thomas, Alexandra, Szonja<\/p>\n<p>Laisser les mati\u00e8res, pour se concentrer sur la proposition d&rsquo;\u00e9criture. Inviter \u00e0 \u00e9crire, tout simplement, en liant le stylo \u00e0 la diffusion d&rsquo;une bande-son. On est dans un contexte ludique aujourd&rsquo;hui dans la soci\u00e9t\u00e9 de la consommation et l&rsquo;\u00e9conomie de l&rsquo;exp\u00e9rience. Et plus pr\u00e9cis\u00e9ment, dans le cadre de l&rsquo;expo, les gens vont attendre de voir du design, et s&rsquo;ils prennent le stylo, geste tr\u00e8s basique, objet tr\u00e8s \u00e9l\u00e9mentaire. Cela peut faire ressortir l&rsquo;archa\u00efsme du geste. Faire remonter la puissance de ce geste par le micro, par les enregistrements, etc.<\/p>\n<p>Exemple de Rirkrit Tiravanija, avec la cuisine qu&rsquo;il recr\u00e9ait, et animait. Int\u00e9ressant quand il n&rsquo;\u00e9tait pas l\u00e0 car le spectateur s&rsquo;interrogeait: est-ce l&rsquo;art ou la r\u00e9alit\u00e9?<\/p>\n<p>Le stylo \u00e9crit-il ou n&rsquo;\u00e9crit-il pas?<\/p>\n<p>Derrida a \u00e9crit dans <em>Diss\u00e9mination<\/em> que l&rsquo;\u00e9criture est impure. Il devait y avoir dans l&rsquo;histoire humaine d&rsquo;avant l&rsquo;\u00e9criture une pens\u00e9e qui allait au-del\u00e0.<\/p>\n<p>Question de la situation, contexte, l&rsquo;espace<\/p>\n<p>Question forme\/fonction: quel stylo, accroch\u00e9? Surface: papier, tableau, vitre, mur ?<\/p>\n<p>Question bande-son: quels sons, un ou plusieurs sons? Modulation? Programme? Mode de diffusion, dans l&rsquo;espace ou avec casque, dans un coin ou plus largement? Prise en compte de l&rsquo;espace d&rsquo;exposition et de la pr\u00e9sence des autres oeuvres? Mais ne\u00a0 veulent pas mettre l&rsquo;usager dan la situation d&rsquo;\u00eatre le centre d&rsquo;attention (dimension spectacle),<\/p>\n<p>Id\u00e9e de base: quand la personne \u00e9crit ca produit du son. OK.<\/p>\n<p>Est-ce que cela laisse une trace: ca pose question\/;<\/p>\n<p>Si ca laisse une trace, ca motive la personne \u00e0 continuer. Si ca n&rsquo;en laisse pas, il faut trouver autre chose pour motiver la personne \u00e0 continuer.<\/p>\n<p>Aspect BHV bricol\u00e9 int\u00e9ressant.<\/p>\n<p>&nbsp;<\/p>\n<p>Louise<\/p>\n<p>mod\u00e8le maquette 3D de la sculpture avec les 3 portes. Et aussi en taille 1.<\/p>\n<p>Danko<\/p>\n<p>A besoin de lumi\u00e8re forte, mat\u00e9ri<\/p>\n<p>Mati\u00e8re noire, matte pos\u00e9e au sol, sur laquelle il y a une flaque, dans laquelle se\u00a0refl\u00e8te une image. Quelle image? Les gens vont-ils voir?<\/p>\n<p>&nbsp;<\/p>\n<p>Groupe Communication<br \/>\nD\u00e9cision de faire un mur \u00e0 deux faces, avec des micros et des hauts-parleurs de chaque c\u00f4t\u00e9, identiques, avec c\u00f4ne ou sans c\u00f4ne, \u00e0 tester en atelier.<\/p>\n<p>Construire un mur, question de voir les tubes ou non, ce n&rsquo;est peut-\u00eatre pas n\u00e9cessir.<\/p>\n<p>Trois pistes possibles:<\/p>\n<p>&#8211; sculpture, on peut tourner autour, on peut le mettre ou on veut, on voit les tubes \u00e0 l&rsquo;int\u00e9rieur par les c\u00f4t\u00e9s.<\/p>\n<p>&#8211; simuler un mur, entre les deux colonnes si c&rsquo;est dans le grand espace, ou au niveau de la partition mobile si c&rsquo;est dans les petites salles lat\u00e9rales. Et le dispositif se d\u00e9ploie sur les deux c\u00f4t\u00e9s.<\/p>\n<p>&#8211; doubler un mur, et le dispositif n&rsquo;est que d&rsquo;un c\u00f4t\u00e9.<\/p>\n<p>&nbsp;<\/p>\n<p>&nbsp;<\/p>\n<p>&nbsp;<\/p>\n<p>&nbsp;<\/p>\n<p>&nbsp;<\/p>\n<p>&nbsp;<\/p>\n<p>&nbsp;<\/p>\n","protected":false},"excerpt":{"rendered":"<p>Ingrid &nbsp; Bugs de m\u00e9moire.Travail sur le d\u00e9j\u00e0-vu. Image mentale. Rapport champ-hors champ. au cin\u00e9ma, on fait 80% de l&rsquo;histoire dans notre imagination \u00e0 partir de ce qu&rsquo;on donne \u00e0 voir. Ecueil \u00e0 vouloir \u00eatre dans la repr\u00e9sentation des mouvements&hellip;<\/p>\n<p class=\"more-link-p\"><a class=\"more-link\" href=\"http:\/\/blog.ensci.com\/phenorama\/seance-de-travail-du-27122012\/\">Read more &rarr;<\/a><\/p>\n","protected":false},"author":302,"featured_media":0,"parent":0,"menu_order":0,"comment_status":"open","ping_status":"open","template":"","meta":{"spay_email":"","footnotes":"","_links_to":"","_links_to_target":""},"class_list":["post-121","page","type-page","status-publish","hentry"],"_links":{"self":[{"href":"http:\/\/blog.ensci.com\/phenorama\/wp-json\/wp\/v2\/pages\/121","targetHints":{"allow":["GET"]}}],"collection":[{"href":"http:\/\/blog.ensci.com\/phenorama\/wp-json\/wp\/v2\/pages"}],"about":[{"href":"http:\/\/blog.ensci.com\/phenorama\/wp-json\/wp\/v2\/types\/page"}],"author":[{"embeddable":true,"href":"http:\/\/blog.ensci.com\/phenorama\/wp-json\/wp\/v2\/users\/302"}],"replies":[{"embeddable":true,"href":"http:\/\/blog.ensci.com\/phenorama\/wp-json\/wp\/v2\/comments?post=121"}],"version-history":[{"count":6,"href":"http:\/\/blog.ensci.com\/phenorama\/wp-json\/wp\/v2\/pages\/121\/revisions"}],"predecessor-version":[{"id":471,"href":"http:\/\/blog.ensci.com\/phenorama\/wp-json\/wp\/v2\/pages\/121\/revisions\/471"}],"wp:attachment":[{"href":"http:\/\/blog.ensci.com\/phenorama\/wp-json\/wp\/v2\/media?parent=121"}],"curies":[{"name":"wp","href":"https:\/\/api.w.org\/{rel}","templated":true}]}}