{"id":770,"date":"2016-03-17T10:45:12","date_gmt":"2016-03-17T09:45:12","guid":{"rendered":"http:\/\/blog.ensci.com\/eudesignradio\/?page_id=770"},"modified":"2016-03-17T12:53:53","modified_gmt":"2016-03-17T11:53:53","slug":"links","status":"publish","type":"page","link":"http:\/\/blog.ensci.com\/eudesignradio\/links\/","title":{"rendered":"LINKS"},"content":{"rendered":"<p><strong>Art and design webradios in Europe:<\/strong><\/p>\n<p><a href=\"http:\/\/www.radiotalkie.com\/\">RADIOTALKIE <\/a><\/p>\n<p><a href=\"http:\/\/www.radiotalkie.com\/portfolio\/\">http:\/\/www.radiotalkie.com\/portfolio\/<\/a><\/p>\n<p><a href=\"http:\/\/www.ensci.com\/radiotalkie\/\">http:\/\/www.ensci.com\/radiotalkie\/<\/a><\/p>\n<p>Radiotalkie is a group of radio designers founded in 2013 in Paris France by Ensci les Ateliers students and designers. They created many programmes, tools, projects, events with designers, for designers and about design. (french) Radiotalkie group was at the origin of the creation of EuDesignRadio<\/p>\n<p>&nbsp;<\/p>\n<p><a href=\"http:\/\/cargocollective.com\/animalradio\">ANIMAL RADIO<\/a><\/p>\n<p>Dialogues about Animals in Icelandic society 11\/01\/2016 &#8211; 22\/01\/2016<br \/>\nICELAND ACADEMY OF THE ARTS (English)<\/p>\n<p>&nbsp;<\/p>\n<p><a href=\"http:\/\/radio-on.org\/\">RADIO-ON<\/a><\/p>\n<p>One of the best webradio in art schools in France at ESBAM LeMans Superior School of Arts. Founded by Philippe Langlois. (french)<\/p>\n<p>&nbsp;<\/p>\n<p><a href=\"http:\/\/radio-derechef.url.ph\/\">RADIO-DERECHEF<\/a><\/p>\n<p>Cergy (France) Surerior School of Arts radio project. Radio cfreation (french)<\/p>\n<p>&nbsp;<\/p>\n<p><a href=\"http:\/\/www.radiogrenouille.com\/actions\/ateliers\/lumen-atelier-de-creation-radiophonique-de-lecole-dart-de-marseille-luminy\/\">LUMEN<\/a><br \/>\nAtelier de cr\u00e9ation radiophonique de l\u2019Ecole d\u2019Art de Marseille Luminy. H\u00e9berg\u00e9 par <a href=\"http:\/\/www.radiogrenouille.com\/\">RadioGrenouille <\/a>(french)<br \/>\n<a href=\"http:\/\/radioradio.fr\/\">RadioRadio<\/a><br \/>\nUne radio temporaire de cr\u00e9ation fabriqu\u00e9e par des \u00e9tudiant-e-s de l\u2019<a href=\"http:\/\/ensa-bourges.fr\" target=\"_blank\">ENSA<\/a> Bourges (french)<\/p>\n<p>&nbsp;<\/p>\n<p>If you run or participate or like a webradio radio project on art and design, please let us know <a href=\"eudesignradio@ensci.com\">eudesignradio@ensci.com<\/a><\/p>\n","protected":false},"excerpt":{"rendered":"<p>Art and design webradios in Europe: RADIOTALKIE http:\/\/www.radiotalkie.com\/portfolio\/ http:\/\/www.ensci.com\/radiotalkie\/ Radiotalkie is a group of radio designers founded in 2013 in Paris France by Ensci les [&#8230;]<\/p>\n","protected":false},"author":426,"featured_media":0,"parent":0,"menu_order":0,"comment_status":"open","ping_status":"open","template":"","meta":{"footnotes":"","_links_to":"","_links_to_target":""},"class_list":["post-770","page","type-page","status-publish","hentry"],"_links":{"self":[{"href":"http:\/\/blog.ensci.com\/eudesignradio\/wp-json\/wp\/v2\/pages\/770","targetHints":{"allow":["GET"]}}],"collection":[{"href":"http:\/\/blog.ensci.com\/eudesignradio\/wp-json\/wp\/v2\/pages"}],"about":[{"href":"http:\/\/blog.ensci.com\/eudesignradio\/wp-json\/wp\/v2\/types\/page"}],"author":[{"embeddable":true,"href":"http:\/\/blog.ensci.com\/eudesignradio\/wp-json\/wp\/v2\/users\/426"}],"replies":[{"embeddable":true,"href":"http:\/\/blog.ensci.com\/eudesignradio\/wp-json\/wp\/v2\/comments?post=770"}],"version-history":[{"count":6,"href":"http:\/\/blog.ensci.com\/eudesignradio\/wp-json\/wp\/v2\/pages\/770\/revisions"}],"predecessor-version":[{"id":778,"href":"http:\/\/blog.ensci.com\/eudesignradio\/wp-json\/wp\/v2\/pages\/770\/revisions\/778"}],"wp:attachment":[{"href":"http:\/\/blog.ensci.com\/eudesignradio\/wp-json\/wp\/v2\/media?parent=770"}],"curies":[{"name":"wp","href":"https:\/\/api.w.org\/{rel}","templated":true}]}}